{"id":1602,"date":"2023-03-09T18:17:37","date_gmt":"2023-03-09T17:17:37","guid":{"rendered":"https:\/\/zsozarow.pl\/?page_id=1602"},"modified":"2025-03-27T14:12:07","modified_gmt":"2025-03-27T13:12:07","slug":"technik-elektryk","status":"publish","type":"page","link":"https:\/\/zsozarow.pl\/?page_id=1602","title":{"rendered":"Technik elektryk"},"content":{"rendered":"\n<p class=\"has-text-align-left has-medium-font-size\"><strong>Technik elektryk<\/strong><\/p>\n\n\n\n<p class=\"has-colibri-color-6-color has-text-color has-link-color wp-elements-5a4dd28b58444e9f5c94121464de2a16\">Technik elektryk to zaw\u00f3d nadal niezb\u0119dny we wsp\u00f3\u0142czesnym \u015bwiecie. Do zada\u0144 elektryka nale\u017cy projektowanie i konstruowanie, produkcja, monta\u017c, eksploatacja, naprawy i utrzymywanie w ruchu aparatury, maszyn i urz\u0105dze\u0144 elektrycznych oraz system\u00f3w zasilania energi\u0105 elektryczn\u0105. Poza tym elektryk zajmuje si\u0119 pracami i badaniami o charakterze elektrotechnicznym, mo\u017ce te\u017c \u015bwiadczy\u0107 pomoc techniczn\u0105 przy pracach badawczo-rozwojowych dotycz\u0105cych aparatury, maszyn i urz\u0105dze\u0144 elektrycznych.<br><strong>Ucze\u0144 w trakcie nauki zdobywa wiedz\u0119 i umiej\u0119tno\u015bci z zakresu:<\/strong><\/p>\n\n\n\n<ul class=\"wp-block-list\">\n<li class=\"has-colibri-color-6-color has-text-color has-link-color wp-elements-848c22acfaf6e9182a600e57c0d99693\">wykonywania podstawowych pomiar\u00f3w elektrycznych (napi\u0119cia, pr\u0105du, rezystancji, mocy i energii),<\/li>\n\n\n\n<li class=\"has-colibri-color-6-color has-text-color has-link-color wp-elements-3efc5d3eeaaba2258105932267453ed5\">sprawdzania poprawno\u015bci dzia\u0142ania uk\u0142ad\u00f3w elektrycznych,<\/li>\n\n\n\n<li class=\"has-colibri-color-6-color has-text-color has-link-color wp-elements-58ff6e83628dbdb80b8c154705ba9ddd\">znajomo\u015bci maszyn i urz\u0105dze\u0144 elektrycznych,<\/li>\n\n\n\n<li class=\"has-colibri-color-6-color has-text-color has-link-color wp-elements-3fd809132516a498f246a112f82c3259\">badania prac transformator\u00f3w i silnik\u00f3w elektrycznych,<\/li>\n\n\n\n<li class=\"has-colibri-color-6-color has-text-color has-link-color wp-elements-19d448541b621831c069c86b0d5608ff\">diagnostyki i pomiar\u00f3w uzwoje\u0144 silnik\u00f3w,<\/li>\n\n\n\n<li class=\"has-colibri-color-6-color has-text-color has-link-color wp-elements-6374afee83483109cf5130ff64446885\">znajomo\u015bci uk\u0142ad\u00f3w sterowania i zabezpiecze\u0144,<\/li>\n\n\n\n<li class=\"has-colibri-color-6-color has-text-color has-link-color wp-elements-75255f6975f7d6f002c08d61afd65f9b\">monta\u017cu i testowania uk\u0142ad\u00f3w przeka\u017anikowych i stycznikowych,<\/li>\n\n\n\n<li class=\"has-colibri-color-6-color has-text-color has-link-color wp-elements-2ffda8da71fec95de18a7f29c9c93237\">ochrony przeciwpora\u017ceniowej i pomiar\u00f3w uziemie\u0144,<\/li>\n\n\n\n<li class=\"has-colibri-color-6-color has-text-color has-link-color wp-elements-57904f1ee7daf83a085df95300572c12\">projektowania i monta\u017cu instalacji elektrycznych budynk\u00f3w oraz pomieszcze\u0144 przemys\u0142owych,<\/li>\n\n\n\n<li class=\"has-colibri-color-6-color has-text-color has-link-color wp-elements-ca6acc09106e647035cfd9ed18df4fc5\">ochrony przed przepi\u0119ciami i zwarciami,<\/li>\n\n\n\n<li class=\"has-colibri-color-6-color has-text-color has-link-color wp-elements-e9b9cd8462615df118cc0f372f0c4501\">automatyki i sterowania, w tym programowania sterownik\u00f3w prostych PLC,<\/li>\n\n\n\n<li class=\"has-colibri-color-6-color has-text-color has-link-color wp-elements-5e02bf21a0a9c93ae6a0c307f360ae8e\">badania dzia\u0142ania czujnik\u00f3w i system\u00f3w automatyki.<\/li>\n<\/ul>\n\n\n\n<p class=\"has-colibri-color-6-color has-text-color has-link-color wp-elements-df9c79358b4097dd43a5f7b3364c5184\">Podczas nauki w zawodzie technik elektryk uczniowie zdaj\u0105 egzaminy z kwalifikacji:<\/p>\n\n\n\n<p class=\"has-colibri-color-6-color has-text-color has-link-color wp-elements-e61f6361d03fe346941127efddaecf62\"><a href=\"https:\/\/www.kwalifikacjezawodowe.info\/s\/5132\/81361-Zawody-i-kwalifikacje-formula-2019.htm?c1=64696\">ELE.02. Monta\u017c, uruchamianie i konserwacja instalacji, maszyn i urz\u0105dze\u0144 elektrycznych<\/a><strong>(w klasie trzeciej)<\/strong><\/p>\n\n\n\n<p class=\"has-colibri-color-6-color has-text-color has-link-color wp-elements-e31468b77abd723d161361ddd7d667cc\"><a href=\"https:\/\/www.kwalifikacjezawodowe.info\/s\/5132\/81361-Zawody-i-kwalifikacje-formula-2019.htm?c1=64699\">ELE.05. Eksploatacja maszyn, urz\u0105dze\u0144 i instalacji elektrycznych<\/a><strong>(w klasie pi\u0105tej).<\/strong><\/p>\n\n\n\n<p class=\"has-text-align-left has-colibri-color-6-color has-text-color has-link-color wp-elements-a4c31ee5eb72f920e093185a35cd3d79\">Technik elektryk znajdzie zatrudnienie w zak\u0142adach produkcyjnych, serwisie i naprawie urz\u0105dze\u0144 elektrycznych, wykonawstwie instalacji elektrycznych, w zak\u0142adach energetycznych, w dziale technicznym du\u017cych firm, utrzymaniu ruchu i dozoru technicznego. Mo\u017ce tak\u017ce prowadzi\u0107 wysokodochodow\u0105 dzia\u0142alno\u015b\u0107 gospodarcz\u0105.<\/p>\n\n\n\n<figure class=\"wp-block-gallery has-nested-images columns-default is-cropped wp-block-gallery-1 is-layout-flex wp-block-gallery-is-layout-flex\">\n<figure data-wp-context=\"{&quot;imageId&quot;:&quot;6a09bb697f997&quot;}\" data-wp-interactive=\"core\/image\" data-wp-key=\"6a09bb697f997\" class=\"wp-block-image size-large wp-lightbox-container\"><img fetchpriority=\"high\" decoding=\"async\" width=\"1024\" height=\"683\" data-wp-class--hide=\"state.isContentHidden\" data-wp-class--show=\"state.isContentVisible\" data-wp-init=\"callbacks.setButtonStyles\" data-wp-on--click=\"actions.showLightbox\" data-wp-on--load=\"callbacks.setButtonStyles\" data-wp-on-window--resize=\"callbacks.setButtonStyles\" data-id=\"1609\" src=\"https:\/\/zsozarow.pl\/wp-content\/uploads\/2023\/03\/5C1A4966-1024x683.jpg\" alt=\"\" class=\"wp-image-1609\" srcset=\"https:\/\/zsozarow.pl\/wp-content\/uploads\/2023\/03\/5C1A4966-1024x683.jpg 1024w, https:\/\/zsozarow.pl\/wp-content\/uploads\/2023\/03\/5C1A4966-300x200.jpg 300w, https:\/\/zsozarow.pl\/wp-content\/uploads\/2023\/03\/5C1A4966-768x512.jpg 768w, https:\/\/zsozarow.pl\/wp-content\/uploads\/2023\/03\/5C1A4966-1536x1024.jpg 1536w, https:\/\/zsozarow.pl\/wp-content\/uploads\/2023\/03\/5C1A4966-2048x1365.jpg 2048w\" sizes=\"(max-width: 1024px) 100vw, 1024px\" \/><button\n\t\t\tclass=\"lightbox-trigger\"\n\t\t\ttype=\"button\"\n\t\t\taria-haspopup=\"dialog\"\n\t\t\taria-label=\"Powi\u0119ksz\"\n\t\t\tdata-wp-init=\"callbacks.initTriggerButton\"\n\t\t\tdata-wp-on--click=\"actions.showLightbox\"\n\t\t\tdata-wp-style--right=\"state.imageButtonRight\"\n\t\t\tdata-wp-style--top=\"state.imageButtonTop\"\n\t\t>\n\t\t\t<svg xmlns=\"http:\/\/www.w3.org\/2000\/svg\" width=\"12\" height=\"12\" fill=\"none\" viewBox=\"0 0 12 12\">\n\t\t\t\t<path fill=\"#fff\" d=\"M2 0a2 2 0 0 0-2 2v2h1.5V2a.5.5 0 0 1 .5-.5h2V0H2Zm2 10.5H2a.5.5 0 0 1-.5-.5V8H0v2a2 2 0 0 0 2 2h2v-1.5ZM8 12v-1.5h2a.5.5 0 0 0 .5-.5V8H12v2a2 2 0 0 1-2 2H8Zm2-12a2 2 0 0 1 2 2v2h-1.5V2a.5.5 0 0 0-.5-.5H8V0h2Z\" \/>\n\t\t\t<\/svg>\n\t\t<\/button><\/figure>\n\n\n\n<figure data-wp-context=\"{&quot;imageId&quot;:&quot;6a09bb697fdae&quot;}\" data-wp-interactive=\"core\/image\" data-wp-key=\"6a09bb697fdae\" class=\"wp-block-image size-large wp-lightbox-container\"><img decoding=\"async\" width=\"1024\" height=\"576\" data-wp-class--hide=\"state.isContentHidden\" data-wp-class--show=\"state.isContentVisible\" data-wp-init=\"callbacks.setButtonStyles\" data-wp-on--click=\"actions.showLightbox\" data-wp-on--load=\"callbacks.setButtonStyles\" data-wp-on-window--resize=\"callbacks.setButtonStyles\" data-id=\"1603\" src=\"https:\/\/zsozarow.pl\/wp-content\/uploads\/2023\/03\/wire-1098059_1920-1024x576.jpg\" alt=\"\" class=\"wp-image-1603\" srcset=\"https:\/\/zsozarow.pl\/wp-content\/uploads\/2023\/03\/wire-1098059_1920-1024x576.jpg 1024w, https:\/\/zsozarow.pl\/wp-content\/uploads\/2023\/03\/wire-1098059_1920-300x169.jpg 300w, https:\/\/zsozarow.pl\/wp-content\/uploads\/2023\/03\/wire-1098059_1920-768x432.jpg 768w, https:\/\/zsozarow.pl\/wp-content\/uploads\/2023\/03\/wire-1098059_1920-1536x864.jpg 1536w, https:\/\/zsozarow.pl\/wp-content\/uploads\/2023\/03\/wire-1098059_1920.jpg 1920w\" sizes=\"(max-width: 1024px) 100vw, 1024px\" \/><button\n\t\t\tclass=\"lightbox-trigger\"\n\t\t\ttype=\"button\"\n\t\t\taria-haspopup=\"dialog\"\n\t\t\taria-label=\"Powi\u0119ksz\"\n\t\t\tdata-wp-init=\"callbacks.initTriggerButton\"\n\t\t\tdata-wp-on--click=\"actions.showLightbox\"\n\t\t\tdata-wp-style--right=\"state.imageButtonRight\"\n\t\t\tdata-wp-style--top=\"state.imageButtonTop\"\n\t\t>\n\t\t\t<svg xmlns=\"http:\/\/www.w3.org\/2000\/svg\" width=\"12\" height=\"12\" fill=\"none\" viewBox=\"0 0 12 12\">\n\t\t\t\t<path fill=\"#fff\" d=\"M2 0a2 2 0 0 0-2 2v2h1.5V2a.5.5 0 0 1 .5-.5h2V0H2Zm2 10.5H2a.5.5 0 0 1-.5-.5V8H0v2a2 2 0 0 0 2 2h2v-1.5ZM8 12v-1.5h2a.5.5 0 0 0 .5-.5V8H12v2a2 2 0 0 1-2 2H8Zm2-12a2 2 0 0 1 2 2v2h-1.5V2a.5.5 0 0 0-.5-.5H8V0h2Z\" \/>\n\t\t\t<\/svg>\n\t\t<\/button><\/figure>\n\n\n\n<figure data-wp-context=\"{&quot;imageId&quot;:&quot;6a09bb698012a&quot;}\" data-wp-interactive=\"core\/image\" data-wp-key=\"6a09bb698012a\" class=\"wp-block-image size-large wp-lightbox-container\"><img decoding=\"async\" width=\"683\" height=\"1024\" data-wp-class--hide=\"state.isContentHidden\" data-wp-class--show=\"state.isContentVisible\" data-wp-init=\"callbacks.setButtonStyles\" data-wp-on--click=\"actions.showLightbox\" data-wp-on--load=\"callbacks.setButtonStyles\" data-wp-on-window--resize=\"callbacks.setButtonStyles\" data-id=\"1610\" src=\"https:\/\/zsozarow.pl\/wp-content\/uploads\/2023\/03\/5C1A4975-683x1024.jpg\" alt=\"\" class=\"wp-image-1610\" srcset=\"https:\/\/zsozarow.pl\/wp-content\/uploads\/2023\/03\/5C1A4975-683x1024.jpg 683w, https:\/\/zsozarow.pl\/wp-content\/uploads\/2023\/03\/5C1A4975-200x300.jpg 200w, https:\/\/zsozarow.pl\/wp-content\/uploads\/2023\/03\/5C1A4975-768x1152.jpg 768w, https:\/\/zsozarow.pl\/wp-content\/uploads\/2023\/03\/5C1A4975-1024x1536.jpg 1024w, https:\/\/zsozarow.pl\/wp-content\/uploads\/2023\/03\/5C1A4975-1365x2048.jpg 1365w, https:\/\/zsozarow.pl\/wp-content\/uploads\/2023\/03\/5C1A4975-scaled.jpg 1707w\" sizes=\"(max-width: 683px) 100vw, 683px\" \/><button\n\t\t\tclass=\"lightbox-trigger\"\n\t\t\ttype=\"button\"\n\t\t\taria-haspopup=\"dialog\"\n\t\t\taria-label=\"Powi\u0119ksz\"\n\t\t\tdata-wp-init=\"callbacks.initTriggerButton\"\n\t\t\tdata-wp-on--click=\"actions.showLightbox\"\n\t\t\tdata-wp-style--right=\"state.imageButtonRight\"\n\t\t\tdata-wp-style--top=\"state.imageButtonTop\"\n\t\t>\n\t\t\t<svg xmlns=\"http:\/\/www.w3.org\/2000\/svg\" width=\"12\" height=\"12\" fill=\"none\" viewBox=\"0 0 12 12\">\n\t\t\t\t<path fill=\"#fff\" d=\"M2 0a2 2 0 0 0-2 2v2h1.5V2a.5.5 0 0 1 .5-.5h2V0H2Zm2 10.5H2a.5.5 0 0 1-.5-.5V8H0v2a2 2 0 0 0 2 2h2v-1.5ZM8 12v-1.5h2a.5.5 0 0 0 .5-.5V8H12v2a2 2 0 0 1-2 2H8Zm2-12a2 2 0 0 1 2 2v2h-1.5V2a.5.5 0 0 0-.5-.5H8V0h2Z\" \/>\n\t\t\t<\/svg>\n\t\t<\/button><\/figure>\n\n\n\n<figure data-wp-context=\"{&quot;imageId&quot;:&quot;6a09bb69806cb&quot;}\" data-wp-interactive=\"core\/image\" data-wp-key=\"6a09bb69806cb\" class=\"wp-block-image size-large wp-lightbox-container\"><img loading=\"lazy\" decoding=\"async\" width=\"683\" height=\"1024\" data-wp-class--hide=\"state.isContentHidden\" data-wp-class--show=\"state.isContentVisible\" data-wp-init=\"callbacks.setButtonStyles\" data-wp-on--click=\"actions.showLightbox\" data-wp-on--load=\"callbacks.setButtonStyles\" data-wp-on-window--resize=\"callbacks.setButtonStyles\" data-id=\"1606\" src=\"https:\/\/zsozarow.pl\/wp-content\/uploads\/2023\/03\/5C1A4977-683x1024.jpg\" alt=\"\" class=\"wp-image-1606\" srcset=\"https:\/\/zsozarow.pl\/wp-content\/uploads\/2023\/03\/5C1A4977-683x1024.jpg 683w, https:\/\/zsozarow.pl\/wp-content\/uploads\/2023\/03\/5C1A4977-200x300.jpg 200w, https:\/\/zsozarow.pl\/wp-content\/uploads\/2023\/03\/5C1A4977-768x1152.jpg 768w, https:\/\/zsozarow.pl\/wp-content\/uploads\/2023\/03\/5C1A4977-1024x1536.jpg 1024w, https:\/\/zsozarow.pl\/wp-content\/uploads\/2023\/03\/5C1A4977-1365x2048.jpg 1365w, https:\/\/zsozarow.pl\/wp-content\/uploads\/2023\/03\/5C1A4977-scaled.jpg 1707w\" sizes=\"(max-width: 683px) 100vw, 683px\" \/><button\n\t\t\tclass=\"lightbox-trigger\"\n\t\t\ttype=\"button\"\n\t\t\taria-haspopup=\"dialog\"\n\t\t\taria-label=\"Powi\u0119ksz\"\n\t\t\tdata-wp-init=\"callbacks.initTriggerButton\"\n\t\t\tdata-wp-on--click=\"actions.showLightbox\"\n\t\t\tdata-wp-style--right=\"state.imageButtonRight\"\n\t\t\tdata-wp-style--top=\"state.imageButtonTop\"\n\t\t>\n\t\t\t<svg xmlns=\"http:\/\/www.w3.org\/2000\/svg\" width=\"12\" height=\"12\" fill=\"none\" viewBox=\"0 0 12 12\">\n\t\t\t\t<path fill=\"#fff\" d=\"M2 0a2 2 0 0 0-2 2v2h1.5V2a.5.5 0 0 1 .5-.5h2V0H2Zm2 10.5H2a.5.5 0 0 1-.5-.5V8H0v2a2 2 0 0 0 2 2h2v-1.5ZM8 12v-1.5h2a.5.5 0 0 0 .5-.5V8H12v2a2 2 0 0 1-2 2H8Zm2-12a2 2 0 0 1 2 2v2h-1.5V2a.5.5 0 0 0-.5-.5H8V0h2Z\" \/>\n\t\t\t<\/svg>\n\t\t<\/button><\/figure>\n\n\n\n<figure data-wp-context=\"{&quot;imageId&quot;:&quot;6a09bb6980d18&quot;}\" data-wp-interactive=\"core\/image\" data-wp-key=\"6a09bb6980d18\" class=\"wp-block-image size-large wp-lightbox-container\"><img loading=\"lazy\" decoding=\"async\" width=\"1024\" height=\"683\" data-wp-class--hide=\"state.isContentHidden\" data-wp-class--show=\"state.isContentVisible\" data-wp-init=\"callbacks.setButtonStyles\" data-wp-on--click=\"actions.showLightbox\" data-wp-on--load=\"callbacks.setButtonStyles\" data-wp-on-window--resize=\"callbacks.setButtonStyles\" data-id=\"1607\" src=\"https:\/\/zsozarow.pl\/wp-content\/uploads\/2023\/03\/5C1A4980-1024x683.jpg\" alt=\"\" class=\"wp-image-1607\" srcset=\"https:\/\/zsozarow.pl\/wp-content\/uploads\/2023\/03\/5C1A4980-1024x683.jpg 1024w, https:\/\/zsozarow.pl\/wp-content\/uploads\/2023\/03\/5C1A4980-300x200.jpg 300w, https:\/\/zsozarow.pl\/wp-content\/uploads\/2023\/03\/5C1A4980-768x512.jpg 768w, https:\/\/zsozarow.pl\/wp-content\/uploads\/2023\/03\/5C1A4980-1536x1024.jpg 1536w, https:\/\/zsozarow.pl\/wp-content\/uploads\/2023\/03\/5C1A4980-2048x1365.jpg 2048w\" sizes=\"(max-width: 1024px) 100vw, 1024px\" \/><button\n\t\t\tclass=\"lightbox-trigger\"\n\t\t\ttype=\"button\"\n\t\t\taria-haspopup=\"dialog\"\n\t\t\taria-label=\"Powi\u0119ksz\"\n\t\t\tdata-wp-init=\"callbacks.initTriggerButton\"\n\t\t\tdata-wp-on--click=\"actions.showLightbox\"\n\t\t\tdata-wp-style--right=\"state.imageButtonRight\"\n\t\t\tdata-wp-style--top=\"state.imageButtonTop\"\n\t\t>\n\t\t\t<svg xmlns=\"http:\/\/www.w3.org\/2000\/svg\" width=\"12\" height=\"12\" fill=\"none\" viewBox=\"0 0 12 12\">\n\t\t\t\t<path fill=\"#fff\" d=\"M2 0a2 2 0 0 0-2 2v2h1.5V2a.5.5 0 0 1 .5-.5h2V0H2Zm2 10.5H2a.5.5 0 0 1-.5-.5V8H0v2a2 2 0 0 0 2 2h2v-1.5ZM8 12v-1.5h2a.5.5 0 0 0 .5-.5V8H12v2a2 2 0 0 1-2 2H8Zm2-12a2 2 0 0 1 2 2v2h-1.5V2a.5.5 0 0 0-.5-.5H8V0h2Z\" \/>\n\t\t\t<\/svg>\n\t\t<\/button><\/figure>\n\n\n\n<figure data-wp-context=\"{&quot;imageId&quot;:&quot;6a09bb6981353&quot;}\" data-wp-interactive=\"core\/image\" data-wp-key=\"6a09bb6981353\" class=\"wp-block-image size-large wp-lightbox-container\"><img loading=\"lazy\" decoding=\"async\" width=\"1024\" height=\"683\" data-wp-class--hide=\"state.isContentHidden\" data-wp-class--show=\"state.isContentVisible\" data-wp-init=\"callbacks.setButtonStyles\" data-wp-on--click=\"actions.showLightbox\" data-wp-on--load=\"callbacks.setButtonStyles\" data-wp-on-window--resize=\"callbacks.setButtonStyles\" data-id=\"1608\" src=\"https:\/\/zsozarow.pl\/wp-content\/uploads\/2023\/03\/5C1A4987-1024x683.jpg\" alt=\"\" class=\"wp-image-1608\" srcset=\"https:\/\/zsozarow.pl\/wp-content\/uploads\/2023\/03\/5C1A4987-1024x683.jpg 1024w, https:\/\/zsozarow.pl\/wp-content\/uploads\/2023\/03\/5C1A4987-300x200.jpg 300w, https:\/\/zsozarow.pl\/wp-content\/uploads\/2023\/03\/5C1A4987-768x512.jpg 768w, https:\/\/zsozarow.pl\/wp-content\/uploads\/2023\/03\/5C1A4987-1536x1024.jpg 1536w, https:\/\/zsozarow.pl\/wp-content\/uploads\/2023\/03\/5C1A4987-2048x1365.jpg 2048w\" sizes=\"(max-width: 1024px) 100vw, 1024px\" \/><button\n\t\t\tclass=\"lightbox-trigger\"\n\t\t\ttype=\"button\"\n\t\t\taria-haspopup=\"dialog\"\n\t\t\taria-label=\"Powi\u0119ksz\"\n\t\t\tdata-wp-init=\"callbacks.initTriggerButton\"\n\t\t\tdata-wp-on--click=\"actions.showLightbox\"\n\t\t\tdata-wp-style--right=\"state.imageButtonRight\"\n\t\t\tdata-wp-style--top=\"state.imageButtonTop\"\n\t\t>\n\t\t\t<svg xmlns=\"http:\/\/www.w3.org\/2000\/svg\" width=\"12\" height=\"12\" fill=\"none\" viewBox=\"0 0 12 12\">\n\t\t\t\t<path fill=\"#fff\" d=\"M2 0a2 2 0 0 0-2 2v2h1.5V2a.5.5 0 0 1 .5-.5h2V0H2Zm2 10.5H2a.5.5 0 0 1-.5-.5V8H0v2a2 2 0 0 0 2 2h2v-1.5ZM8 12v-1.5h2a.5.5 0 0 0 .5-.5V8H12v2a2 2 0 0 1-2 2H8Zm2-12a2 2 0 0 1 2 2v2h-1.5V2a.5.5 0 0 0-.5-.5H8V0h2Z\" \/>\n\t\t\t<\/svg>\n\t\t<\/button><\/figure>\n\n\n\n<figure data-wp-context=\"{&quot;imageId&quot;:&quot;6a09bb6981827&quot;}\" data-wp-interactive=\"core\/image\" data-wp-key=\"6a09bb6981827\" class=\"wp-block-image size-large wp-lightbox-container\"><img loading=\"lazy\" decoding=\"async\" width=\"681\" height=\"1024\" data-wp-class--hide=\"state.isContentHidden\" data-wp-class--show=\"state.isContentVisible\" data-wp-init=\"callbacks.setButtonStyles\" data-wp-on--click=\"actions.showLightbox\" data-wp-on--load=\"callbacks.setButtonStyles\" data-wp-on-window--resize=\"callbacks.setButtonStyles\" data-id=\"1604\" src=\"https:\/\/zsozarow.pl\/wp-content\/uploads\/2023\/03\/electrician-1080573_1920-681x1024.jpg\" alt=\"\" class=\"wp-image-1604\" srcset=\"https:\/\/zsozarow.pl\/wp-content\/uploads\/2023\/03\/electrician-1080573_1920-681x1024.jpg 681w, https:\/\/zsozarow.pl\/wp-content\/uploads\/2023\/03\/electrician-1080573_1920-200x300.jpg 200w, https:\/\/zsozarow.pl\/wp-content\/uploads\/2023\/03\/electrician-1080573_1920-768x1155.jpg 768w, https:\/\/zsozarow.pl\/wp-content\/uploads\/2023\/03\/electrician-1080573_1920-1022x1536.jpg 1022w, https:\/\/zsozarow.pl\/wp-content\/uploads\/2023\/03\/electrician-1080573_1920.jpg 1277w\" sizes=\"(max-width: 681px) 100vw, 681px\" \/><button\n\t\t\tclass=\"lightbox-trigger\"\n\t\t\ttype=\"button\"\n\t\t\taria-haspopup=\"dialog\"\n\t\t\taria-label=\"Powi\u0119ksz\"\n\t\t\tdata-wp-init=\"callbacks.initTriggerButton\"\n\t\t\tdata-wp-on--click=\"actions.showLightbox\"\n\t\t\tdata-wp-style--right=\"state.imageButtonRight\"\n\t\t\tdata-wp-style--top=\"state.imageButtonTop\"\n\t\t>\n\t\t\t<svg xmlns=\"http:\/\/www.w3.org\/2000\/svg\" width=\"12\" height=\"12\" fill=\"none\" viewBox=\"0 0 12 12\">\n\t\t\t\t<path fill=\"#fff\" d=\"M2 0a2 2 0 0 0-2 2v2h1.5V2a.5.5 0 0 1 .5-.5h2V0H2Zm2 10.5H2a.5.5 0 0 1-.5-.5V8H0v2a2 2 0 0 0 2 2h2v-1.5ZM8 12v-1.5h2a.5.5 0 0 0 .5-.5V8H12v2a2 2 0 0 1-2 2H8Zm2-12a2 2 0 0 1 2 2v2h-1.5V2a.5.5 0 0 0-.5-.5H8V0h2Z\" \/>\n\t\t\t<\/svg>\n\t\t<\/button><\/figure>\n\n\n\n<figure data-wp-context=\"{&quot;imageId&quot;:&quot;6a09bb6981c3a&quot;}\" data-wp-interactive=\"core\/image\" data-wp-key=\"6a09bb6981c3a\" class=\"wp-block-image size-large wp-lightbox-container\"><img loading=\"lazy\" decoding=\"async\" width=\"1024\" height=\"683\" data-wp-class--hide=\"state.isContentHidden\" data-wp-class--show=\"state.isContentVisible\" data-wp-init=\"callbacks.setButtonStyles\" data-wp-on--click=\"actions.showLightbox\" data-wp-on--load=\"callbacks.setButtonStyles\" data-wp-on-window--resize=\"callbacks.setButtonStyles\" data-id=\"1605\" src=\"https:\/\/zsozarow.pl\/wp-content\/uploads\/2023\/03\/electrician-3273340_1920-1024x683.jpg\" alt=\"\" class=\"wp-image-1605\" srcset=\"https:\/\/zsozarow.pl\/wp-content\/uploads\/2023\/03\/electrician-3273340_1920-1024x683.jpg 1024w, https:\/\/zsozarow.pl\/wp-content\/uploads\/2023\/03\/electrician-3273340_1920-300x200.jpg 300w, https:\/\/zsozarow.pl\/wp-content\/uploads\/2023\/03\/electrician-3273340_1920-768x512.jpg 768w, https:\/\/zsozarow.pl\/wp-content\/uploads\/2023\/03\/electrician-3273340_1920-1536x1024.jpg 1536w, https:\/\/zsozarow.pl\/wp-content\/uploads\/2023\/03\/electrician-3273340_1920.jpg 1920w\" sizes=\"(max-width: 1024px) 100vw, 1024px\" \/><button\n\t\t\tclass=\"lightbox-trigger\"\n\t\t\ttype=\"button\"\n\t\t\taria-haspopup=\"dialog\"\n\t\t\taria-label=\"Powi\u0119ksz\"\n\t\t\tdata-wp-init=\"callbacks.initTriggerButton\"\n\t\t\tdata-wp-on--click=\"actions.showLightbox\"\n\t\t\tdata-wp-style--right=\"state.imageButtonRight\"\n\t\t\tdata-wp-style--top=\"state.imageButtonTop\"\n\t\t>\n\t\t\t<svg xmlns=\"http:\/\/www.w3.org\/2000\/svg\" width=\"12\" height=\"12\" fill=\"none\" viewBox=\"0 0 12 12\">\n\t\t\t\t<path fill=\"#fff\" d=\"M2 0a2 2 0 0 0-2 2v2h1.5V2a.5.5 0 0 1 .5-.5h2V0H2Zm2 10.5H2a.5.5 0 0 1-.5-.5V8H0v2a2 2 0 0 0 2 2h2v-1.5ZM8 12v-1.5h2a.5.5 0 0 0 .5-.5V8H12v2a2 2 0 0 1-2 2H8Zm2-12a2 2 0 0 1 2 2v2h-1.5V2a.5.5 0 0 0-.5-.5H8V0h2Z\" \/>\n\t\t\t<\/svg>\n\t\t<\/button><\/figure>\n<\/figure>\n","protected":false},"excerpt":{"rendered":"<p>Technik elektryk Technik elektryk to zaw\u00f3d nadal niezb\u0119dny we wsp\u00f3\u0142czesnym \u015bwiecie. Do zada\u0144 elektryka nale\u017cy projektowanie i konstruowanie, produkcja, monta\u017c, eksploatacja, naprawy i utrzymywanie w ruchu aparatury, maszyn i urz\u0105dze\u0144 elektrycznych oraz system\u00f3w zasilania energi\u0105 elektryczn\u0105. Poza tym elektryk zajmuje si\u0119 pracami i badaniami o charakterze elektrotechnicznym, mo\u017ce te\u017c \u015bwiadczy\u0107 pomoc techniczn\u0105 przy pracach badawczo-rozwojowych [&hellip;]<\/p>\n","protected":false},"author":1,"featured_media":1610,"parent":0,"menu_order":0,"comment_status":"closed","ping_status":"closed","template":"","meta":{"footnotes":""},"class_list":["post-1602","page","type-page","status-publish","has-post-thumbnail","hentry"],"_links":{"self":[{"href":"https:\/\/zsozarow.pl\/index.php?rest_route=\/wp\/v2\/pages\/1602","targetHints":{"allow":["GET"]}}],"collection":[{"href":"https:\/\/zsozarow.pl\/index.php?rest_route=\/wp\/v2\/pages"}],"about":[{"href":"https:\/\/zsozarow.pl\/index.php?rest_route=\/wp\/v2\/types\/page"}],"author":[{"embeddable":true,"href":"https:\/\/zsozarow.pl\/index.php?rest_route=\/wp\/v2\/users\/1"}],"replies":[{"embeddable":true,"href":"https:\/\/zsozarow.pl\/index.php?rest_route=%2Fwp%2Fv2%2Fcomments&post=1602"}],"version-history":[{"count":8,"href":"https:\/\/zsozarow.pl\/index.php?rest_route=\/wp\/v2\/pages\/1602\/revisions"}],"predecessor-version":[{"id":3839,"href":"https:\/\/zsozarow.pl\/index.php?rest_route=\/wp\/v2\/pages\/1602\/revisions\/3839"}],"wp:featuredmedia":[{"embeddable":true,"href":"https:\/\/zsozarow.pl\/index.php?rest_route=\/wp\/v2\/media\/1610"}],"wp:attachment":[{"href":"https:\/\/zsozarow.pl\/index.php?rest_route=%2Fwp%2Fv2%2Fmedia&parent=1602"}],"curies":[{"name":"wp","href":"https:\/\/api.w.org\/{rel}","templated":true}]}}