{"id":1755,"date":"2023-03-12T16:41:57","date_gmt":"2023-03-12T15:41:57","guid":{"rendered":"https:\/\/zsozarow.pl\/?page_id=1755"},"modified":"2023-03-14T18:17:25","modified_gmt":"2023-03-14T17:17:25","slug":"hiszpania-lipiec-2021r","status":"publish","type":"page","link":"https:\/\/zsozarow.pl\/?page_id=1755","title":{"rendered":"Hiszpania Sewilla &#8211; lipiec 2021r."},"content":{"rendered":"\n<p>Bior\u0105c udzia\u0142 w Projekcie ?Europejskie sta\u017ce bez granic? w ramach Programu Erasmus Plus, sektor: Kszta\u0142cenie i Szkolenia Zawodowe, Akcja 1: Mobilno\u015b\u0107 Edukacyjna 20 mechatronik\u00f3w zapozna\u0142o si\u0119 bli\u017cej z programem RoboDK, aby u\u017cywaj\u0105c go programowa\u0107 symulacje dzia\u0142a\u0144 maszyn i robot\u00f3w w ramach tematyki: Tworzenie i programowanie robot\u00f3w przemys\u0142owych. Sta\u017c zagraniczny (Hiszpania) trwa\u0142 3 tygodnie. Wspania\u0142y klimat Sevilli pozwoli\u0142 po\u0142\u0105czy\u0107 nauk\u0119 z wypoczynkiem i dostarczy\u0142 niezapomnianych wra\u017ce\u0144.<\/p>\n\n\n\n<figure class=\"wp-block-gallery has-nested-images columns-default is-cropped wp-block-gallery-1 is-layout-flex wp-block-gallery-is-layout-flex\">\n<figure class=\"wp-block-image size-large\"><a href=\"https:\/\/zsozarow.pl\/wp-content\/uploads\/2023\/03\/204475398_4380123965442458_5746988127578719439_n.jpg\"><img fetchpriority=\"high\" decoding=\"async\" width=\"573\" height=\"1024\" data-id=\"1766\" src=\"https:\/\/zsozarow.pl\/wp-content\/uploads\/2023\/03\/204475398_4380123965442458_5746988127578719439_n-573x1024.jpg\" alt=\"\" class=\"wp-image-1766\" srcset=\"https:\/\/zsozarow.pl\/wp-content\/uploads\/2023\/03\/204475398_4380123965442458_5746988127578719439_n-573x1024.jpg 573w, https:\/\/zsozarow.pl\/wp-content\/uploads\/2023\/03\/204475398_4380123965442458_5746988127578719439_n-168x300.jpg 168w, https:\/\/zsozarow.pl\/wp-content\/uploads\/2023\/03\/204475398_4380123965442458_5746988127578719439_n-768x1372.jpg 768w, https:\/\/zsozarow.pl\/wp-content\/uploads\/2023\/03\/204475398_4380123965442458_5746988127578719439_n-860x1536.jpg 860w, https:\/\/zsozarow.pl\/wp-content\/uploads\/2023\/03\/204475398_4380123965442458_5746988127578719439_n.jpg 1146w\" sizes=\"(max-width: 573px) 100vw, 573px\" \/><\/a><\/figure>\n\n\n\n<figure class=\"wp-block-image size-large\"><a href=\"https:\/\/zsozarow.pl\/wp-content\/uploads\/2023\/03\/207975997_4380122308775957_2225612356442814856_n.jpg\"><img decoding=\"async\" width=\"768\" height=\"1024\" data-id=\"1760\" src=\"https:\/\/zsozarow.pl\/wp-content\/uploads\/2023\/03\/207975997_4380122308775957_2225612356442814856_n-768x1024.jpg\" alt=\"\" class=\"wp-image-1760\" srcset=\"https:\/\/zsozarow.pl\/wp-content\/uploads\/2023\/03\/207975997_4380122308775957_2225612356442814856_n-768x1024.jpg 768w, https:\/\/zsozarow.pl\/wp-content\/uploads\/2023\/03\/207975997_4380122308775957_2225612356442814856_n-225x300.jpg 225w, https:\/\/zsozarow.pl\/wp-content\/uploads\/2023\/03\/207975997_4380122308775957_2225612356442814856_n.jpg 1080w\" sizes=\"(max-width: 768px) 100vw, 768px\" \/><\/a><\/figure>\n\n\n\n<figure class=\"wp-block-image size-large\"><a href=\"https:\/\/zsozarow.pl\/wp-content\/uploads\/2023\/03\/211226153_4123392167739284_3203759030809573244_n.jpg\"><img decoding=\"async\" width=\"1024\" height=\"576\" data-id=\"1756\" src=\"https:\/\/zsozarow.pl\/wp-content\/uploads\/2023\/03\/211226153_4123392167739284_3203759030809573244_n-1024x576.jpg\" alt=\"\" class=\"wp-image-1756\" srcset=\"https:\/\/zsozarow.pl\/wp-content\/uploads\/2023\/03\/211226153_4123392167739284_3203759030809573244_n-1024x576.jpg 1024w, https:\/\/zsozarow.pl\/wp-content\/uploads\/2023\/03\/211226153_4123392167739284_3203759030809573244_n-300x169.jpg 300w, https:\/\/zsozarow.pl\/wp-content\/uploads\/2023\/03\/211226153_4123392167739284_3203759030809573244_n-768x432.jpg 768w, https:\/\/zsozarow.pl\/wp-content\/uploads\/2023\/03\/211226153_4123392167739284_3203759030809573244_n.jpg 1152w\" sizes=\"(max-width: 1024px) 100vw, 1024px\" \/><\/a><\/figure>\n\n\n\n<figure class=\"wp-block-image size-large\"><a href=\"https:\/\/zsozarow.pl\/wp-content\/uploads\/2023\/03\/211330775_4123392154405952_4548051789395295202_n-1.jpg\"><img loading=\"lazy\" decoding=\"async\" width=\"1024\" height=\"569\" data-id=\"1761\" src=\"https:\/\/zsozarow.pl\/wp-content\/uploads\/2023\/03\/211330775_4123392154405952_4548051789395295202_n-1-1024x569.jpg\" alt=\"\" class=\"wp-image-1761\" srcset=\"https:\/\/zsozarow.pl\/wp-content\/uploads\/2023\/03\/211330775_4123392154405952_4548051789395295202_n-1-1024x569.jpg 1024w, https:\/\/zsozarow.pl\/wp-content\/uploads\/2023\/03\/211330775_4123392154405952_4548051789395295202_n-1-300x167.jpg 300w, https:\/\/zsozarow.pl\/wp-content\/uploads\/2023\/03\/211330775_4123392154405952_4548051789395295202_n-1-768x427.jpg 768w, https:\/\/zsozarow.pl\/wp-content\/uploads\/2023\/03\/211330775_4123392154405952_4548051789395295202_n-1.jpg 1152w\" sizes=\"(max-width: 1024px) 100vw, 1024px\" \/><\/a><\/figure>\n\n\n\n<figure class=\"wp-block-image size-large\"><a href=\"https:\/\/zsozarow.pl\/wp-content\/uploads\/2023\/03\/211330775_4123392154405952_4548051789395295202_n.jpg\"><img loading=\"lazy\" decoding=\"async\" width=\"1024\" height=\"569\" data-id=\"1763\" src=\"https:\/\/zsozarow.pl\/wp-content\/uploads\/2023\/03\/211330775_4123392154405952_4548051789395295202_n-1024x569.jpg\" alt=\"\" class=\"wp-image-1763\" srcset=\"https:\/\/zsozarow.pl\/wp-content\/uploads\/2023\/03\/211330775_4123392154405952_4548051789395295202_n-1024x569.jpg 1024w, https:\/\/zsozarow.pl\/wp-content\/uploads\/2023\/03\/211330775_4123392154405952_4548051789395295202_n-300x167.jpg 300w, https:\/\/zsozarow.pl\/wp-content\/uploads\/2023\/03\/211330775_4123392154405952_4548051789395295202_n-768x427.jpg 768w, https:\/\/zsozarow.pl\/wp-content\/uploads\/2023\/03\/211330775_4123392154405952_4548051789395295202_n.jpg 1152w\" sizes=\"(max-width: 1024px) 100vw, 1024px\" \/><\/a><\/figure>\n\n\n\n<figure class=\"wp-block-image size-large\"><a href=\"https:\/\/zsozarow.pl\/wp-content\/uploads\/2023\/03\/215374092_4408088385979349_8862241118478547764_n.jpg\"><img loading=\"lazy\" decoding=\"async\" width=\"1024\" height=\"576\" data-id=\"1765\" src=\"https:\/\/zsozarow.pl\/wp-content\/uploads\/2023\/03\/215374092_4408088385979349_8862241118478547764_n-1024x576.jpg\" alt=\"\" class=\"wp-image-1765\" srcset=\"https:\/\/zsozarow.pl\/wp-content\/uploads\/2023\/03\/215374092_4408088385979349_8862241118478547764_n-1024x576.jpg 1024w, https:\/\/zsozarow.pl\/wp-content\/uploads\/2023\/03\/215374092_4408088385979349_8862241118478547764_n-300x169.jpg 300w, https:\/\/zsozarow.pl\/wp-content\/uploads\/2023\/03\/215374092_4408088385979349_8862241118478547764_n-768x432.jpg 768w, https:\/\/zsozarow.pl\/wp-content\/uploads\/2023\/03\/215374092_4408088385979349_8862241118478547764_n-1536x864.jpg 1536w, https:\/\/zsozarow.pl\/wp-content\/uploads\/2023\/03\/215374092_4408088385979349_8862241118478547764_n.jpg 2048w\" sizes=\"(max-width: 1024px) 100vw, 1024px\" \/><\/a><\/figure>\n\n\n\n<figure class=\"wp-block-image size-large\"><a href=\"https:\/\/zsozarow.pl\/wp-content\/uploads\/2023\/03\/219192482_4176433149101852_8323915150142726640_n.jpg\"><img loading=\"lazy\" decoding=\"async\" width=\"1024\" height=\"768\" data-id=\"1759\" src=\"https:\/\/zsozarow.pl\/wp-content\/uploads\/2023\/03\/219192482_4176433149101852_8323915150142726640_n-1024x768.jpg\" alt=\"\" class=\"wp-image-1759\" srcset=\"https:\/\/zsozarow.pl\/wp-content\/uploads\/2023\/03\/219192482_4176433149101852_8323915150142726640_n-1024x768.jpg 1024w, https:\/\/zsozarow.pl\/wp-content\/uploads\/2023\/03\/219192482_4176433149101852_8323915150142726640_n-300x225.jpg 300w, https:\/\/zsozarow.pl\/wp-content\/uploads\/2023\/03\/219192482_4176433149101852_8323915150142726640_n-768x576.jpg 768w, https:\/\/zsozarow.pl\/wp-content\/uploads\/2023\/03\/219192482_4176433149101852_8323915150142726640_n.jpg 1408w\" sizes=\"(max-width: 1024px) 100vw, 1024px\" \/><\/a><\/figure>\n\n\n\n<figure class=\"wp-block-image size-large\"><a href=\"https:\/\/zsozarow.pl\/wp-content\/uploads\/2023\/03\/219711975_4176434739101693_5914133527779074130_n.jpg\"><img loading=\"lazy\" decoding=\"async\" width=\"1024\" height=\"768\" data-id=\"1758\" src=\"https:\/\/zsozarow.pl\/wp-content\/uploads\/2023\/03\/219711975_4176434739101693_5914133527779074130_n-1024x768.jpg\" alt=\"\" class=\"wp-image-1758\" srcset=\"https:\/\/zsozarow.pl\/wp-content\/uploads\/2023\/03\/219711975_4176434739101693_5914133527779074130_n-1024x768.jpg 1024w, https:\/\/zsozarow.pl\/wp-content\/uploads\/2023\/03\/219711975_4176434739101693_5914133527779074130_n-300x225.jpg 300w, https:\/\/zsozarow.pl\/wp-content\/uploads\/2023\/03\/219711975_4176434739101693_5914133527779074130_n-768x576.jpg 768w, https:\/\/zsozarow.pl\/wp-content\/uploads\/2023\/03\/219711975_4176434739101693_5914133527779074130_n.jpg 1408w\" sizes=\"(max-width: 1024px) 100vw, 1024px\" \/><\/a><\/figure>\n\n\n\n<figure class=\"wp-block-image size-large\"><a href=\"https:\/\/zsozarow.pl\/wp-content\/uploads\/2023\/03\/220177754_4176436732434827_1643124998782308771_n.jpg\"><img loading=\"lazy\" decoding=\"async\" width=\"1024\" height=\"768\" data-id=\"1762\" src=\"https:\/\/zsozarow.pl\/wp-content\/uploads\/2023\/03\/220177754_4176436732434827_1643124998782308771_n-1024x768.jpg\" alt=\"\" class=\"wp-image-1762\" srcset=\"https:\/\/zsozarow.pl\/wp-content\/uploads\/2023\/03\/220177754_4176436732434827_1643124998782308771_n-1024x768.jpg 1024w, https:\/\/zsozarow.pl\/wp-content\/uploads\/2023\/03\/220177754_4176436732434827_1643124998782308771_n-300x225.jpg 300w, https:\/\/zsozarow.pl\/wp-content\/uploads\/2023\/03\/220177754_4176436732434827_1643124998782308771_n-768x576.jpg 768w, https:\/\/zsozarow.pl\/wp-content\/uploads\/2023\/03\/220177754_4176436732434827_1643124998782308771_n.jpg 1408w\" sizes=\"(max-width: 1024px) 100vw, 1024px\" \/><\/a><\/figure>\n\n\n\n<figure class=\"wp-block-image size-large\"><a href=\"https:\/\/zsozarow.pl\/wp-content\/uploads\/2023\/03\/220266765_4176433895768444_9141331091282851996_n.jpg\"><img loading=\"lazy\" decoding=\"async\" width=\"1024\" height=\"768\" data-id=\"1757\" src=\"https:\/\/zsozarow.pl\/wp-content\/uploads\/2023\/03\/220266765_4176433895768444_9141331091282851996_n-1024x768.jpg\" alt=\"\" class=\"wp-image-1757\" srcset=\"https:\/\/zsozarow.pl\/wp-content\/uploads\/2023\/03\/220266765_4176433895768444_9141331091282851996_n-1024x768.jpg 1024w, https:\/\/zsozarow.pl\/wp-content\/uploads\/2023\/03\/220266765_4176433895768444_9141331091282851996_n-300x225.jpg 300w, https:\/\/zsozarow.pl\/wp-content\/uploads\/2023\/03\/220266765_4176433895768444_9141331091282851996_n-768x576.jpg 768w, https:\/\/zsozarow.pl\/wp-content\/uploads\/2023\/03\/220266765_4176433895768444_9141331091282851996_n.jpg 1408w\" sizes=\"(max-width: 1024px) 100vw, 1024px\" \/><\/a><\/figure>\n\n\n\n<figure class=\"wp-block-image size-large\"><a href=\"https:\/\/zsozarow.pl\/wp-content\/uploads\/2023\/03\/220484669_4176436175768216_1350140398215991612_n.jpg\"><img loading=\"lazy\" decoding=\"async\" width=\"1024\" height=\"768\" data-id=\"1764\" src=\"https:\/\/zsozarow.pl\/wp-content\/uploads\/2023\/03\/220484669_4176436175768216_1350140398215991612_n-1024x768.jpg\" alt=\"\" class=\"wp-image-1764\" srcset=\"https:\/\/zsozarow.pl\/wp-content\/uploads\/2023\/03\/220484669_4176436175768216_1350140398215991612_n-1024x768.jpg 1024w, https:\/\/zsozarow.pl\/wp-content\/uploads\/2023\/03\/220484669_4176436175768216_1350140398215991612_n-300x225.jpg 300w, https:\/\/zsozarow.pl\/wp-content\/uploads\/2023\/03\/220484669_4176436175768216_1350140398215991612_n-768x576.jpg 768w, https:\/\/zsozarow.pl\/wp-content\/uploads\/2023\/03\/220484669_4176436175768216_1350140398215991612_n.jpg 1408w\" sizes=\"(max-width: 1024px) 100vw, 1024px\" \/><\/a><\/figure>\n\n\n\n<figure class=\"wp-block-image size-large\"><img loading=\"lazy\" decoding=\"async\" width=\"1024\" height=\"576\" data-id=\"1771\" src=\"https:\/\/zsozarow.pl\/wp-content\/uploads\/2023\/03\/207510553_4374292016025653_1819534871802754684_n-1024x576.jpg\" alt=\"\" class=\"wp-image-1771\" srcset=\"https:\/\/zsozarow.pl\/wp-content\/uploads\/2023\/03\/207510553_4374292016025653_1819534871802754684_n-1024x576.jpg 1024w, https:\/\/zsozarow.pl\/wp-content\/uploads\/2023\/03\/207510553_4374292016025653_1819534871802754684_n-300x169.jpg 300w, https:\/\/zsozarow.pl\/wp-content\/uploads\/2023\/03\/207510553_4374292016025653_1819534871802754684_n-768x432.jpg 768w, https:\/\/zsozarow.pl\/wp-content\/uploads\/2023\/03\/207510553_4374292016025653_1819534871802754684_n-1536x864.jpg 1536w, https:\/\/zsozarow.pl\/wp-content\/uploads\/2023\/03\/207510553_4374292016025653_1819534871802754684_n.jpg 2048w\" sizes=\"(max-width: 1024px) 100vw, 1024px\" \/><\/figure>\n<\/figure>\n","protected":false},"excerpt":{"rendered":"<p>Bior\u0105c udzia\u0142 w Projekcie ?Europejskie sta\u017ce bez granic? w ramach Programu Erasmus Plus, sektor: Kszta\u0142cenie i Szkolenia Zawodowe, Akcja 1: Mobilno\u015b\u0107 Edukacyjna 20 mechatronik\u00f3w zapozna\u0142o si\u0119 bli\u017cej z programem RoboDK, aby u\u017cywaj\u0105c go programowa\u0107 symulacje dzia\u0142a\u0144 maszyn i robot\u00f3w w ramach tematyki: Tworzenie i programowanie robot\u00f3w przemys\u0142owych. Sta\u017c zagraniczny (Hiszpania) trwa\u0142 3 tygodnie. Wspania\u0142y klimat [&hellip;]<\/p>\n","protected":false},"author":1,"featured_media":1766,"parent":0,"menu_order":0,"comment_status":"closed","ping_status":"closed","template":"","meta":{"footnotes":""},"class_list":["post-1755","page","type-page","status-publish","has-post-thumbnail","hentry"],"_links":{"self":[{"href":"https:\/\/zsozarow.pl\/index.php?rest_route=\/wp\/v2\/pages\/1755","targetHints":{"allow":["GET"]}}],"collection":[{"href":"https:\/\/zsozarow.pl\/index.php?rest_route=\/wp\/v2\/pages"}],"about":[{"href":"https:\/\/zsozarow.pl\/index.php?rest_route=\/wp\/v2\/types\/page"}],"author":[{"embeddable":true,"href":"https:\/\/zsozarow.pl\/index.php?rest_route=\/wp\/v2\/users\/1"}],"replies":[{"embeddable":true,"href":"https:\/\/zsozarow.pl\/index.php?rest_route=%2Fwp%2Fv2%2Fcomments&post=1755"}],"version-history":[{"count":3,"href":"https:\/\/zsozarow.pl\/index.php?rest_route=\/wp\/v2\/pages\/1755\/revisions"}],"predecessor-version":[{"id":1772,"href":"https:\/\/zsozarow.pl\/index.php?rest_route=\/wp\/v2\/pages\/1755\/revisions\/1772"}],"wp:featuredmedia":[{"embeddable":true,"href":"https:\/\/zsozarow.pl\/index.php?rest_route=\/wp\/v2\/media\/1766"}],"wp:attachment":[{"href":"https:\/\/zsozarow.pl\/index.php?rest_route=%2Fwp%2Fv2%2Fmedia&parent=1755"}],"curies":[{"name":"wp","href":"https:\/\/api.w.org\/{rel}","templated":true}]}}