{"id":2124,"date":"2023-06-12T10:28:21","date_gmt":"2023-06-12T08:28:21","guid":{"rendered":"https:\/\/zsozarow.pl\/?page_id=2124"},"modified":"2023-07-05T22:17:16","modified_gmt":"2023-07-05T20:17:16","slug":"sofia-kwiecien-2023","status":"publish","type":"page","link":"https:\/\/zsozarow.pl\/?page_id=2124","title":{"rendered":"Sofia kwiecie\u0144 2023."},"content":{"rendered":"\n<p>Nasz pobyt w Sofii dobiega ko\u0144ca. Dzi\u0119kujemy za serdecznie przyj\u0119cie, za troskliw\u0105 opiek\u0119 i przekazan\u0105 wiedz\u0119. W stolicy Bu\u0142garii czuli\u015bmy si\u0119 jak u siebie. Prze\u017cyli\u015bmy tu cudown\u0105 przygod\u0119.<img decoding=\"async\" height=\"16\" width=\"16\" alt=\"??\" src=\"https:\/\/static.xx.fbcdn.net\/images\/emoji.php\/v9\/tfb\/1\/16\/263a.png\"><img decoding=\"async\" height=\"16\" width=\"16\" alt=\"?\" src=\"https:\/\/static.xx.fbcdn.net\/images\/emoji.php\/v9\/t5d\/1\/16\/1f4f7.png\"> Serdecznie podzi\u0119kowania kierujemy dla: naszej opiekunki Diana Pantcheva, prowadz\u0105cych zaj\u0119cia Luciano Marino, Claudio Miglionico, George Todoroff, Marcinowi Agatowskiemu prezesowi Fundacji Mo\u017cesz Wiecej, Beacie Wolnik z Fundacji Mo\u017cesz Wi\u0119cej, za\u0142odze hotelu BudaPest. THANK YOU!<img decoding=\"async\" height=\"16\" width=\"16\" alt=\"??\" src=\"https:\/\/static.xx.fbcdn.net\/images\/emoji.php\/v9\/t6c\/1\/16\/2764.png\"><\/p>\n\n\n\n<p><a href=\"https:\/\/www.facebook.com\/hashtag\/etn?__eep__=6&amp;__cft__[0]=AZUGlAgkHycIbuxb3FFs66mSHjJ_AvF8m_z_i_5XoKC2tIOILLCAY7j_DtJSDVku7FGqHCVhIGoKFAdMdn-SRXyFx-endk7dkhd_4u15b5dmIKPKsHgCl1ag7A6JMluO5aCbVV2ahACCWfL3C1ct0Qfh&amp;__tn__=*NK-R\">#ETN<\/a>, #<a href=\"https:\/\/www.facebook.com\/profile.php?id=100075830510500&amp;__cft__[0]=AZUGlAgkHycIbuxb3FFs66mSHjJ_AvF8m_z_i_5XoKC2tIOILLCAY7j_DtJSDVku7FGqHCVhIGoKFAdMdn-SRXyFx-endk7dkhd_4u15b5dmIKPKsHgCl1ag7A6JMluO5aCbVV2ahACCWfL3C1ct0Qfh&amp;__tn__=-]K-R\">Fundacja Mo\u017cesz Wi\u0119cej<\/a>, <a href=\"https:\/\/www.facebook.com\/hashtag\/erasmusplus?__eep__=6&amp;__cft__[0]=AZUGlAgkHycIbuxb3FFs66mSHjJ_AvF8m_z_i_5XoKC2tIOILLCAY7j_DtJSDVku7FGqHCVhIGoKFAdMdn-SRXyFx-endk7dkhd_4u15b5dmIKPKsHgCl1ag7A6JMluO5aCbVV2ahACCWfL3C1ct0Qfh&amp;__tn__=*NK-R\">#ErasmusPlus<\/a>,<\/p>\n\n\n\n<figure class=\"wp-block-gallery has-nested-images columns-default is-cropped wp-block-gallery-1 is-layout-flex wp-block-gallery-is-layout-flex\">\n<figure class=\"wp-block-image size-large\"><a href=\"https:\/\/zsozarow.pl\/wp-content\/uploads\/2023\/06\/340488462_916380616233742_1571203842858937822_n.jpg\"><img loading=\"lazy\" decoding=\"async\" width=\"1024\" height=\"461\" data-id=\"2126\" src=\"https:\/\/zsozarow.pl\/wp-content\/uploads\/2023\/06\/340488462_916380616233742_1571203842858937822_n-1024x461.jpg\" alt=\"\" class=\"wp-image-2126\" srcset=\"https:\/\/zsozarow.pl\/wp-content\/uploads\/2023\/06\/340488462_916380616233742_1571203842858937822_n-1024x461.jpg 1024w, https:\/\/zsozarow.pl\/wp-content\/uploads\/2023\/06\/340488462_916380616233742_1571203842858937822_n-300x135.jpg 300w, https:\/\/zsozarow.pl\/wp-content\/uploads\/2023\/06\/340488462_916380616233742_1571203842858937822_n-768x346.jpg 768w, https:\/\/zsozarow.pl\/wp-content\/uploads\/2023\/06\/340488462_916380616233742_1571203842858937822_n.jpg 1421w\" sizes=\"(max-width: 1024px) 100vw, 1024px\" \/><\/a><\/figure>\n\n\n\n<figure class=\"wp-block-image size-large\"><a href=\"https:\/\/zsozarow.pl\/wp-content\/uploads\/2023\/06\/340790170_890705618888564_755886517602819994_n.jpg\"><img loading=\"lazy\" decoding=\"async\" width=\"593\" height=\"395\" data-id=\"2125\" src=\"https:\/\/zsozarow.pl\/wp-content\/uploads\/2023\/06\/340790170_890705618888564_755886517602819994_n.jpg\" alt=\"\" class=\"wp-image-2125\" srcset=\"https:\/\/zsozarow.pl\/wp-content\/uploads\/2023\/06\/340790170_890705618888564_755886517602819994_n.jpg 593w, https:\/\/zsozarow.pl\/wp-content\/uploads\/2023\/06\/340790170_890705618888564_755886517602819994_n-300x200.jpg 300w\" sizes=\"(max-width: 593px) 100vw, 593px\" \/><\/a><\/figure>\n\n\n\n<figure class=\"wp-block-image size-large\"><a href=\"https:\/\/zsozarow.pl\/wp-content\/uploads\/2023\/06\/340834780_5625606967544718_4025487353824767281_n.jpg\"><img loading=\"lazy\" decoding=\"async\" width=\"720\" height=\"960\" data-id=\"2129\" src=\"https:\/\/zsozarow.pl\/wp-content\/uploads\/2023\/06\/340834780_5625606967544718_4025487353824767281_n.jpg\" alt=\"\" class=\"wp-image-2129\" srcset=\"https:\/\/zsozarow.pl\/wp-content\/uploads\/2023\/06\/340834780_5625606967544718_4025487353824767281_n.jpg 720w, https:\/\/zsozarow.pl\/wp-content\/uploads\/2023\/06\/340834780_5625606967544718_4025487353824767281_n-225x300.jpg 225w\" sizes=\"(max-width: 720px) 100vw, 720px\" \/><\/a><\/figure>\n\n\n\n<figure class=\"wp-block-image size-large\"><a href=\"https:\/\/zsozarow.pl\/wp-content\/uploads\/2023\/06\/340844090_2599705563509834_4532130084557265745_n.jpg\"><img loading=\"lazy\" decoding=\"async\" width=\"960\" height=\"640\" data-id=\"2127\" src=\"https:\/\/zsozarow.pl\/wp-content\/uploads\/2023\/06\/340844090_2599705563509834_4532130084557265745_n.jpg\" alt=\"\" class=\"wp-image-2127\" srcset=\"https:\/\/zsozarow.pl\/wp-content\/uploads\/2023\/06\/340844090_2599705563509834_4532130084557265745_n.jpg 960w, https:\/\/zsozarow.pl\/wp-content\/uploads\/2023\/06\/340844090_2599705563509834_4532130084557265745_n-300x200.jpg 300w, https:\/\/zsozarow.pl\/wp-content\/uploads\/2023\/06\/340844090_2599705563509834_4532130084557265745_n-768x512.jpg 768w\" sizes=\"(max-width: 960px) 100vw, 960px\" \/><\/a><\/figure>\n\n\n\n<figure class=\"wp-block-image size-large\"><a href=\"https:\/\/zsozarow.pl\/wp-content\/uploads\/2023\/06\/342207868_775764183872151_3987228779307276660_n.jpg\"><img loading=\"lazy\" decoding=\"async\" width=\"843\" height=\"521\" data-id=\"2128\" src=\"https:\/\/zsozarow.pl\/wp-content\/uploads\/2023\/06\/342207868_775764183872151_3987228779307276660_n.jpg\" alt=\"\" class=\"wp-image-2128\" srcset=\"https:\/\/zsozarow.pl\/wp-content\/uploads\/2023\/06\/342207868_775764183872151_3987228779307276660_n.jpg 843w, https:\/\/zsozarow.pl\/wp-content\/uploads\/2023\/06\/342207868_775764183872151_3987228779307276660_n-300x185.jpg 300w, https:\/\/zsozarow.pl\/wp-content\/uploads\/2023\/06\/342207868_775764183872151_3987228779307276660_n-768x475.jpg 768w\" sizes=\"(max-width: 843px) 100vw, 843px\" \/><\/a><\/figure>\n\n\n\n<figure class=\"wp-block-image size-large\"><a href=\"https:\/\/zsozarow.pl\/wp-content\/uploads\/2023\/06\/342671352_227696126505740_7874350473049534403_n.jpg\"><img loading=\"lazy\" decoding=\"async\" width=\"1024\" height=\"461\" data-id=\"2130\" src=\"https:\/\/zsozarow.pl\/wp-content\/uploads\/2023\/06\/342671352_227696126505740_7874350473049534403_n-1024x461.jpg\" alt=\"\" class=\"wp-image-2130\" srcset=\"https:\/\/zsozarow.pl\/wp-content\/uploads\/2023\/06\/342671352_227696126505740_7874350473049534403_n-1024x461.jpg 1024w, https:\/\/zsozarow.pl\/wp-content\/uploads\/2023\/06\/342671352_227696126505740_7874350473049534403_n-300x135.jpg 300w, https:\/\/zsozarow.pl\/wp-content\/uploads\/2023\/06\/342671352_227696126505740_7874350473049534403_n-768x346.jpg 768w, https:\/\/zsozarow.pl\/wp-content\/uploads\/2023\/06\/342671352_227696126505740_7874350473049534403_n-1536x692.jpg 1536w, https:\/\/zsozarow.pl\/wp-content\/uploads\/2023\/06\/342671352_227696126505740_7874350473049534403_n.jpg 2048w\" sizes=\"(max-width: 1024px) 100vw, 1024px\" \/><\/a><\/figure>\n\n\n\n<figure class=\"wp-block-image size-large\"><a href=\"https:\/\/zsozarow.pl\/wp-content\/uploads\/2023\/06\/342707222_603511711495800_1457329522704018292_n.jpg\"><img loading=\"lazy\" decoding=\"async\" width=\"1024\" height=\"462\" data-id=\"2131\" src=\"https:\/\/zsozarow.pl\/wp-content\/uploads\/2023\/06\/342707222_603511711495800_1457329522704018292_n-1024x462.jpg\" alt=\"\" class=\"wp-image-2131\" srcset=\"https:\/\/zsozarow.pl\/wp-content\/uploads\/2023\/06\/342707222_603511711495800_1457329522704018292_n-1024x462.jpg 1024w, https:\/\/zsozarow.pl\/wp-content\/uploads\/2023\/06\/342707222_603511711495800_1457329522704018292_n-300x135.jpg 300w, https:\/\/zsozarow.pl\/wp-content\/uploads\/2023\/06\/342707222_603511711495800_1457329522704018292_n-768x346.jpg 768w, https:\/\/zsozarow.pl\/wp-content\/uploads\/2023\/06\/342707222_603511711495800_1457329522704018292_n-1536x692.jpg 1536w, https:\/\/zsozarow.pl\/wp-content\/uploads\/2023\/06\/342707222_603511711495800_1457329522704018292_n.jpg 2048w\" sizes=\"(max-width: 1024px) 100vw, 1024px\" \/><\/a><\/figure>\n\n\n\n<figure class=\"wp-block-image size-large\"><a href=\"https:\/\/zsozarow.pl\/wp-content\/uploads\/2023\/06\/342978311_183024154191418_1164388577964641026_n.jpg\"><img loading=\"lazy\" decoding=\"async\" width=\"956\" height=\"704\" data-id=\"2132\" src=\"https:\/\/zsozarow.pl\/wp-content\/uploads\/2023\/06\/342978311_183024154191418_1164388577964641026_n.jpg\" alt=\"\" class=\"wp-image-2132\" srcset=\"https:\/\/zsozarow.pl\/wp-content\/uploads\/2023\/06\/342978311_183024154191418_1164388577964641026_n.jpg 956w, https:\/\/zsozarow.pl\/wp-content\/uploads\/2023\/06\/342978311_183024154191418_1164388577964641026_n-300x221.jpg 300w, https:\/\/zsozarow.pl\/wp-content\/uploads\/2023\/06\/342978311_183024154191418_1164388577964641026_n-768x566.jpg 768w\" sizes=\"(max-width: 956px) 100vw, 956px\" \/><\/a><\/figure>\n<\/figure>\n","protected":false},"excerpt":{"rendered":"<p>Nasz pobyt w Sofii dobiega ko\u0144ca. Dzi\u0119kujemy za serdecznie przyj\u0119cie, za troskliw\u0105 opiek\u0119 i przekazan\u0105 wiedz\u0119. W stolicy Bu\u0142garii czuli\u015bmy si\u0119 jak u siebie. Prze\u017cyli\u015bmy tu cudown\u0105 przygod\u0119. Serdecznie podzi\u0119kowania kierujemy dla: naszej opiekunki Diana Pantcheva, prowadz\u0105cych zaj\u0119cia Luciano Marino, Claudio Miglionico, George Todoroff, Marcinowi Agatowskiemu prezesowi Fundacji Mo\u017cesz Wiecej, Beacie Wolnik z Fundacji Mo\u017cesz [&hellip;]<\/p>\n","protected":false},"author":1,"featured_media":0,"parent":0,"menu_order":0,"comment_status":"closed","ping_status":"closed","template":"","meta":{"footnotes":""},"class_list":["post-2124","page","type-page","status-publish","hentry"],"_links":{"self":[{"href":"https:\/\/zsozarow.pl\/index.php?rest_route=\/wp\/v2\/pages\/2124","targetHints":{"allow":["GET"]}}],"collection":[{"href":"https:\/\/zsozarow.pl\/index.php?rest_route=\/wp\/v2\/pages"}],"about":[{"href":"https:\/\/zsozarow.pl\/index.php?rest_route=\/wp\/v2\/types\/page"}],"author":[{"embeddable":true,"href":"https:\/\/zsozarow.pl\/index.php?rest_route=\/wp\/v2\/users\/1"}],"replies":[{"embeddable":true,"href":"https:\/\/zsozarow.pl\/index.php?rest_route=%2Fwp%2Fv2%2Fcomments&post=2124"}],"version-history":[{"count":2,"href":"https:\/\/zsozarow.pl\/index.php?rest_route=\/wp\/v2\/pages\/2124\/revisions"}],"predecessor-version":[{"id":2248,"href":"https:\/\/zsozarow.pl\/index.php?rest_route=\/wp\/v2\/pages\/2124\/revisions\/2248"}],"wp:attachment":[{"href":"https:\/\/zsozarow.pl\/index.php?rest_route=%2Fwp%2Fv2%2Fmedia&parent=2124"}],"curies":[{"name":"wp","href":"https:\/\/api.w.org\/{rel}","templated":true}]}}