{"id":2666,"date":"2024-02-28T16:02:48","date_gmt":"2024-02-28T15:02:48","guid":{"rendered":"https:\/\/zsozarow.pl\/?page_id=2666"},"modified":"2025-03-26T12:05:11","modified_gmt":"2025-03-26T11:05:11","slug":"rekrutacja-2024-2025","status":"publish","type":"page","link":"https:\/\/zsozarow.pl\/?page_id=2666","title":{"rendered":"Rekrutacja 2025\/2026:"},"content":{"rendered":"\n<p class=\"has-colibri-color-5-color has-colibri-color-1-background-color has-text-color has-background has-link-color has-medium-font-size wp-elements-ded0e16959c5e7c68de73324a2f7066c\"><strong>Nasza oferta &#8211; klasy technikum:<\/strong><\/p>\n\n\n\n<figure class=\"wp-block-image size-full is-resized is-style-default\"><a href=\"https:\/\/zsozarow.pl\/?page_id=897\"><img fetchpriority=\"high\" decoding=\"async\" width=\"599\" height=\"127\" src=\"https:\/\/zsozarow.pl\/wp-content\/uploads\/2025\/03\/inf2.png\" alt=\"\" class=\"wp-image-3652\" style=\"width:500px\" srcset=\"https:\/\/zsozarow.pl\/wp-content\/uploads\/2025\/03\/inf2.png 599w, https:\/\/zsozarow.pl\/wp-content\/uploads\/2025\/03\/inf2-300x64.png 300w\" sizes=\"(max-width: 599px) 100vw, 599px\" \/><\/a><\/figure>\n\n\n\n<figure class=\"wp-block-image size-full is-resized\"><a href=\"https:\/\/zsozarow.pl\/?page_id=903\"><img decoding=\"async\" width=\"599\" height=\"127\" src=\"https:\/\/zsozarow.pl\/wp-content\/uploads\/2025\/03\/fotograf.png\" alt=\"\" class=\"wp-image-3249\" style=\"width:500px\" srcset=\"https:\/\/zsozarow.pl\/wp-content\/uploads\/2025\/03\/fotograf.png 599w, https:\/\/zsozarow.pl\/wp-content\/uploads\/2025\/03\/fotograf-300x64.png 300w\" sizes=\"(max-width: 599px) 100vw, 599px\" \/><\/a><\/figure>\n\n\n\n<figure class=\"wp-block-image size-full is-resized\"><a href=\"https:\/\/zsozarow.pl\/?page_id=899\"><img decoding=\"async\" width=\"599\" height=\"127\" src=\"https:\/\/zsozarow.pl\/wp-content\/uploads\/2025\/03\/mechatronik-2.png\" alt=\"\" class=\"wp-image-3697\" style=\"width:500px\" srcset=\"https:\/\/zsozarow.pl\/wp-content\/uploads\/2025\/03\/mechatronik-2.png 599w, https:\/\/zsozarow.pl\/wp-content\/uploads\/2025\/03\/mechatronik-2-300x64.png 300w\" sizes=\"(max-width: 599px) 100vw, 599px\" \/><\/a><\/figure>\n\n\n\n<figure class=\"wp-block-image is-resized\"><a href=\"https:\/\/zsozarow.pl\/?page_id=1602\"><img loading=\"lazy\" decoding=\"async\" width=\"599\" height=\"127\" src=\"https:\/\/zsozarow.pl\/wp-content\/uploads\/2025\/03\/elektryk.png\" alt=\"\" class=\"wp-image-3252\" style=\"width:500px\" srcset=\"https:\/\/zsozarow.pl\/wp-content\/uploads\/2025\/03\/elektryk.png 599w, https:\/\/zsozarow.pl\/wp-content\/uploads\/2025\/03\/elektryk-300x64.png 300w\" sizes=\"(max-width: 599px) 100vw, 599px\" \/><\/a><\/figure>\n\n\n\n<hr class=\"wp-block-separator has-alpha-channel-opacity is-style-wide\"\/>\n\n\n\n<p class=\"has-colibri-color-5-color has-colibri-color-1-background-color has-text-color has-background has-link-color has-medium-font-size wp-elements-fa9f36c049b35dc081ef823e10809847\"><strong>Nasza oferta<\/strong> &#8211; <strong>klasy<\/strong> <strong>liceum og\u00f3lnokszta\u0142c\u0105cego:<\/strong><\/p>\n\n\n\n<figure class=\"wp-block-image size-full is-resized\"><a href=\"https:\/\/zsozarow.pl\/?page_id=3167\"><img loading=\"lazy\" decoding=\"async\" width=\"599\" height=\"127\" src=\"https:\/\/zsozarow.pl\/wp-content\/uploads\/2025\/03\/lo-ratownictwo.png\" alt=\"\" class=\"wp-image-3258\" style=\"width:500px\" srcset=\"https:\/\/zsozarow.pl\/wp-content\/uploads\/2025\/03\/lo-ratownictwo.png 599w, https:\/\/zsozarow.pl\/wp-content\/uploads\/2025\/03\/lo-ratownictwo-300x64.png 300w\" sizes=\"(max-width: 599px) 100vw, 599px\" \/><\/a><\/figure>\n\n\n\n<figure class=\"wp-block-image size-full is-resized\"><a href=\"https:\/\/zsozarow.pl\/?page_id=3167\"><img loading=\"lazy\" decoding=\"async\" width=\"599\" height=\"127\" src=\"https:\/\/zsozarow.pl\/wp-content\/uploads\/2025\/03\/lo-wizaz.png\" alt=\"\" class=\"wp-image-3259\" style=\"width:500px\" srcset=\"https:\/\/zsozarow.pl\/wp-content\/uploads\/2025\/03\/lo-wizaz.png 599w, https:\/\/zsozarow.pl\/wp-content\/uploads\/2025\/03\/lo-wizaz-300x64.png 300w\" sizes=\"(max-width: 599px) 100vw, 599px\" \/><\/a><\/figure>\n\n\n\n<figure class=\"wp-block-image size-full is-resized\"><a href=\"https:\/\/zsozarow.pl\/?page_id=3167\"><img loading=\"lazy\" decoding=\"async\" width=\"599\" height=\"127\" src=\"https:\/\/zsozarow.pl\/wp-content\/uploads\/2025\/03\/lo-e-sport.png\" alt=\"\" class=\"wp-image-3581\" style=\"width:500px\" srcset=\"https:\/\/zsozarow.pl\/wp-content\/uploads\/2025\/03\/lo-e-sport.png 599w, https:\/\/zsozarow.pl\/wp-content\/uploads\/2025\/03\/lo-e-sport-300x64.png 300w\" sizes=\"(max-width: 599px) 100vw, 599px\" \/><\/a><\/figure>\n\n\n\n<hr class=\"wp-block-separator has-alpha-channel-opacity is-style-wide\"\/>\n\n\n\n<p class=\"has-text-align-left has-colibri-color-5-color has-colibri-color-1-background-color has-text-color has-background has-link-color has-medium-font-size wp-elements-05758e7b70e40c7a8d1e57ccf2fba221\"><strong>Nasza oferta<\/strong> <strong>szko\u0142y bran\u017cowe I stopnia:<\/strong><\/p>\n\n\n\n<figure class=\"wp-block-image size-full is-resized\"><a href=\"https:\/\/zsozarow.pl\/?page_id=1109\"><img loading=\"lazy\" decoding=\"async\" width=\"599\" height=\"127\" src=\"https:\/\/zsozarow.pl\/wp-content\/uploads\/2025\/03\/br-slusarz.png\" alt=\"\" class=\"wp-image-3260\" style=\"width:500px\" srcset=\"https:\/\/zsozarow.pl\/wp-content\/uploads\/2025\/03\/br-slusarz.png 599w, https:\/\/zsozarow.pl\/wp-content\/uploads\/2025\/03\/br-slusarz-300x64.png 300w\" sizes=\"(max-width: 599px) 100vw, 599px\" \/><\/a><\/figure>\n\n\n\n<figure class=\"wp-block-image size-full is-resized\"><a href=\"https:\/\/zsozarow.pl\/?page_id=3327\"><img loading=\"lazy\" decoding=\"async\" width=\"599\" height=\"127\" src=\"https:\/\/zsozarow.pl\/wp-content\/uploads\/2025\/03\/br-kucharz.png\" alt=\"\" class=\"wp-image-3261\" style=\"width:500px\" srcset=\"https:\/\/zsozarow.pl\/wp-content\/uploads\/2025\/03\/br-kucharz.png 599w, https:\/\/zsozarow.pl\/wp-content\/uploads\/2025\/03\/br-kucharz-300x64.png 300w\" sizes=\"(max-width: 599px) 100vw, 599px\" \/><\/a><\/figure>\n\n\n\n<figure class=\"wp-block-image size-full is-resized\"><a href=\"https:\/\/zsozarow.pl\/?page_id=3342\"><img loading=\"lazy\" decoding=\"async\" width=\"599\" height=\"127\" src=\"https:\/\/zsozarow.pl\/wp-content\/uploads\/2025\/03\/br-wielo.png\" alt=\"\" class=\"wp-image-3262\" style=\"width:500px\" srcset=\"https:\/\/zsozarow.pl\/wp-content\/uploads\/2025\/03\/br-wielo.png 599w, https:\/\/zsozarow.pl\/wp-content\/uploads\/2025\/03\/br-wielo-300x64.png 300w\" sizes=\"(max-width: 599px) 100vw, 599px\" \/><\/a><\/figure>\n\n\n\n<p class=\"has-colibri-color-6-color has-colibri-color-5-background-color has-text-color has-background has-link-color has-medium-font-size wp-elements-a8de11cca388ce8e8df5622db13da553\"><\/p>\n\n\n\n<p class=\"has-colibri-color-6-color has-colibri-color-5-background-color has-text-color has-background has-link-color has-large-font-size wp-elements-6291b59c8497157c62e5167515ba0fc7\"><strong>Wa\u017cne dokumenty<\/strong>:<\/p>\n\n\n\n<div class=\"wp-block-file\"><a id=\"wp-block-file--media-097f66ca-04a7-4850-8109-3e7aaff68b8d\" href=\"https:\/\/zsozarow.pl\/wp-content\/uploads\/2024\/05\/KWESTIONARIUSZ-KANDYDATA-ZS-2023-2024.docx\"><strong>Kwestionariusz dla kandydata<\/strong><\/a><a href=\"https:\/\/zsozarow.pl\/wp-content\/uploads\/2024\/05\/KWESTIONARIUSZ-KANDYDATA-ZS-2023-2024.docx\" class=\"wp-block-file__button wp-element-button\" download aria-describedby=\"wp-block-file--media-097f66ca-04a7-4850-8109-3e7aaff68b8d\">Pobierz<\/a><\/div>\n\n\n\n<div class=\"wp-block-file\"><a id=\"wp-block-file--media-9e549ee8-026d-49fd-9d47-37a54f71ed30\" href=\"https:\/\/zsozarow.pl\/wp-content\/uploads\/2025\/03\/1696815-44571430.pdf\"><strong>Lista zaj\u0119\u0107 edukacyjnych uwzgl\u0119dnionych w post\u0119powaniu rekrutacyjnym<\/strong><\/a><a href=\"https:\/\/zsozarow.pl\/wp-content\/uploads\/2025\/03\/1696815-44571430.pdf\" class=\"wp-block-file__button wp-element-button\" download aria-describedby=\"wp-block-file--media-9e549ee8-026d-49fd-9d47-37a54f71ed30\">Pobierz<\/a><\/div>\n\n\n\n<p><\/p>\n","protected":false},"excerpt":{"rendered":"<p>Nasza oferta &#8211; klasy technikum: Nasza oferta &#8211; klasy liceum og\u00f3lnokszta\u0142c\u0105cego: Nasza oferta szko\u0142y bran\u017cowe I stopnia: Wa\u017cne dokumenty:<\/p>\n","protected":false},"author":1,"featured_media":552,"parent":0,"menu_order":0,"comment_status":"closed","ping_status":"closed","template":"","meta":{"footnotes":""},"class_list":["post-2666","page","type-page","status-publish","has-post-thumbnail","hentry"],"_links":{"self":[{"href":"https:\/\/zsozarow.pl\/index.php?rest_route=\/wp\/v2\/pages\/2666","targetHints":{"allow":["GET"]}}],"collection":[{"href":"https:\/\/zsozarow.pl\/index.php?rest_route=\/wp\/v2\/pages"}],"about":[{"href":"https:\/\/zsozarow.pl\/index.php?rest_route=\/wp\/v2\/types\/page"}],"author":[{"embeddable":true,"href":"https:\/\/zsozarow.pl\/index.php?rest_route=\/wp\/v2\/users\/1"}],"replies":[{"embeddable":true,"href":"https:\/\/zsozarow.pl\/index.php?rest_route=%2Fwp%2Fv2%2Fcomments&post=2666"}],"version-history":[{"count":49,"href":"https:\/\/zsozarow.pl\/index.php?rest_route=\/wp\/v2\/pages\/2666\/revisions"}],"predecessor-version":[{"id":3779,"href":"https:\/\/zsozarow.pl\/index.php?rest_route=\/wp\/v2\/pages\/2666\/revisions\/3779"}],"wp:featuredmedia":[{"embeddable":true,"href":"https:\/\/zsozarow.pl\/index.php?rest_route=\/wp\/v2\/media\/552"}],"wp:attachment":[{"href":"https:\/\/zsozarow.pl\/index.php?rest_route=%2Fwp%2Fv2%2Fmedia&parent=2666"}],"curies":[{"name":"wp","href":"https:\/\/api.w.org\/{rel}","templated":true}]}}