{"id":3077,"date":"2025-03-14T15:50:23","date_gmt":"2025-03-14T14:50:23","guid":{"rendered":"https:\/\/zsozarow.pl\/?page_id=3077"},"modified":"2026-03-18T19:08:21","modified_gmt":"2026-03-18T18:08:21","slug":"sewilla-grudzien-2024-r","status":"publish","type":"page","link":"https:\/\/zsozarow.pl\/?page_id=3077","title":{"rendered":"Sewilla &#8211; grudzie\u0144 2024 r."},"content":{"rendered":"\n<p>Fundacja Mo\u017cesz Wi\u0119cej, kt\u00f3ra zorganizowa\u0142a praktyki zagraniczne dla naszych mechatronik\u00f3w\ud83d\udd79 i informatyk\u00f3w\ud83d\udcbb zadba\u0142a te\u017c o rozrywki kulturowe. Uczniowie w ramach praktyk doskonalili swoje umiej\u0119tno\u015bci zawodowe i j\u0119zykowe. Bardzo wa\u017cnym elementem zagranicznych praktyk jest r\u00f3wnie\u017c walor krajoznawczy. Odwiedzili\u015bmy Gibraltar\ud83d\udc9a\ud83c\udfdc\ud83c\udfdd By\u0142o gor\u0105co, du\u017co wspinaczki, ale warto- pi\u0119kne widoki!!\ud83d\udea2\u26f1\ud83c\udfd4 Gibraltar to jedyne miejsce w Europie, gdzie mo\u017cna spotka\u0107 wolno\u017cyj\u0105ce ma\u0142py!\ud83d\udc35\ud83d\ude48\ud83d\ude49\ud83d\ude4a I tak- widzieli\u015bmy st\u0105d brzegi Afryki\u203c\ufe0f<\/p>\n\n\n\n<figure class=\"wp-block-gallery has-nested-images columns-default is-cropped wp-block-gallery-1 is-layout-flex wp-block-gallery-is-layout-flex\">\n<figure data-wp-context=\"{&quot;imageId&quot;:&quot;69fea6768923c&quot;}\" data-wp-interactive=\"core\/image\" data-wp-key=\"69fea6768923c\" class=\"wp-block-image size-large wp-lightbox-container\"><img fetchpriority=\"high\" decoding=\"async\" width=\"771\" height=\"1024\" data-wp-class--hide=\"state.isContentHidden\" data-wp-class--show=\"state.isContentVisible\" data-wp-init=\"callbacks.setButtonStyles\" data-wp-on--click=\"actions.showLightbox\" data-wp-on--load=\"callbacks.setButtonStyles\" data-wp-on-window--resize=\"callbacks.setButtonStyles\" data-id=\"3079\" src=\"https:\/\/zsozarow.pl\/wp-content\/uploads\/2025\/03\/469332327_1120208590116023_8149979037177013370_n-771x1024.jpg\" alt=\"\" class=\"wp-image-3079\" srcset=\"https:\/\/zsozarow.pl\/wp-content\/uploads\/2025\/03\/469332327_1120208590116023_8149979037177013370_n-771x1024.jpg 771w, https:\/\/zsozarow.pl\/wp-content\/uploads\/2025\/03\/469332327_1120208590116023_8149979037177013370_n-226x300.jpg 226w, https:\/\/zsozarow.pl\/wp-content\/uploads\/2025\/03\/469332327_1120208590116023_8149979037177013370_n-768x1020.jpg 768w, https:\/\/zsozarow.pl\/wp-content\/uploads\/2025\/03\/469332327_1120208590116023_8149979037177013370_n-1157x1536.jpg 1157w, https:\/\/zsozarow.pl\/wp-content\/uploads\/2025\/03\/469332327_1120208590116023_8149979037177013370_n.jpg 1536w\" sizes=\"(max-width: 771px) 100vw, 771px\" \/><button\n\t\t\tclass=\"lightbox-trigger\"\n\t\t\ttype=\"button\"\n\t\t\taria-haspopup=\"dialog\"\n\t\t\taria-label=\"Powi\u0119ksz\"\n\t\t\tdata-wp-init=\"callbacks.initTriggerButton\"\n\t\t\tdata-wp-on--click=\"actions.showLightbox\"\n\t\t\tdata-wp-style--right=\"state.imageButtonRight\"\n\t\t\tdata-wp-style--top=\"state.imageButtonTop\"\n\t\t>\n\t\t\t<svg xmlns=\"http:\/\/www.w3.org\/2000\/svg\" width=\"12\" height=\"12\" fill=\"none\" viewBox=\"0 0 12 12\">\n\t\t\t\t<path fill=\"#fff\" d=\"M2 0a2 2 0 0 0-2 2v2h1.5V2a.5.5 0 0 1 .5-.5h2V0H2Zm2 10.5H2a.5.5 0 0 1-.5-.5V8H0v2a2 2 0 0 0 2 2h2v-1.5ZM8 12v-1.5h2a.5.5 0 0 0 .5-.5V8H12v2a2 2 0 0 1-2 2H8Zm2-12a2 2 0 0 1 2 2v2h-1.5V2a.5.5 0 0 0-.5-.5H8V0h2Z\" \/>\n\t\t\t<\/svg>\n\t\t<\/button><\/figure>\n\n\n\n<figure data-wp-context=\"{&quot;imageId&quot;:&quot;69fea67689842&quot;}\" data-wp-interactive=\"core\/image\" data-wp-key=\"69fea67689842\" class=\"wp-block-image size-large wp-lightbox-container\"><img decoding=\"async\" width=\"1024\" height=\"768\" data-wp-class--hide=\"state.isContentHidden\" data-wp-class--show=\"state.isContentVisible\" data-wp-init=\"callbacks.setButtonStyles\" data-wp-on--click=\"actions.showLightbox\" data-wp-on--load=\"callbacks.setButtonStyles\" data-wp-on-window--resize=\"callbacks.setButtonStyles\" data-id=\"3082\" src=\"https:\/\/zsozarow.pl\/wp-content\/uploads\/2025\/03\/469338670_1120208810116001_2655860371759346821_n-1024x768.jpg\" alt=\"\" class=\"wp-image-3082\" srcset=\"https:\/\/zsozarow.pl\/wp-content\/uploads\/2025\/03\/469338670_1120208810116001_2655860371759346821_n-1024x768.jpg 1024w, https:\/\/zsozarow.pl\/wp-content\/uploads\/2025\/03\/469338670_1120208810116001_2655860371759346821_n-300x225.jpg 300w, https:\/\/zsozarow.pl\/wp-content\/uploads\/2025\/03\/469338670_1120208810116001_2655860371759346821_n-768x576.jpg 768w, https:\/\/zsozarow.pl\/wp-content\/uploads\/2025\/03\/469338670_1120208810116001_2655860371759346821_n-1536x1152.jpg 1536w, https:\/\/zsozarow.pl\/wp-content\/uploads\/2025\/03\/469338670_1120208810116001_2655860371759346821_n.jpg 2016w\" sizes=\"(max-width: 1024px) 100vw, 1024px\" \/><button\n\t\t\tclass=\"lightbox-trigger\"\n\t\t\ttype=\"button\"\n\t\t\taria-haspopup=\"dialog\"\n\t\t\taria-label=\"Powi\u0119ksz\"\n\t\t\tdata-wp-init=\"callbacks.initTriggerButton\"\n\t\t\tdata-wp-on--click=\"actions.showLightbox\"\n\t\t\tdata-wp-style--right=\"state.imageButtonRight\"\n\t\t\tdata-wp-style--top=\"state.imageButtonTop\"\n\t\t>\n\t\t\t<svg xmlns=\"http:\/\/www.w3.org\/2000\/svg\" width=\"12\" height=\"12\" fill=\"none\" viewBox=\"0 0 12 12\">\n\t\t\t\t<path fill=\"#fff\" d=\"M2 0a2 2 0 0 0-2 2v2h1.5V2a.5.5 0 0 1 .5-.5h2V0H2Zm2 10.5H2a.5.5 0 0 1-.5-.5V8H0v2a2 2 0 0 0 2 2h2v-1.5ZM8 12v-1.5h2a.5.5 0 0 0 .5-.5V8H12v2a2 2 0 0 1-2 2H8Zm2-12a2 2 0 0 1 2 2v2h-1.5V2a.5.5 0 0 0-.5-.5H8V0h2Z\" \/>\n\t\t\t<\/svg>\n\t\t<\/button><\/figure>\n\n\n\n<figure data-wp-context=\"{&quot;imageId&quot;:&quot;69fea67689d54&quot;}\" data-wp-interactive=\"core\/image\" data-wp-key=\"69fea67689d54\" class=\"wp-block-image size-large wp-lightbox-container\"><img decoding=\"async\" width=\"768\" height=\"1024\" data-wp-class--hide=\"state.isContentHidden\" data-wp-class--show=\"state.isContentVisible\" data-wp-init=\"callbacks.setButtonStyles\" data-wp-on--click=\"actions.showLightbox\" data-wp-on--load=\"callbacks.setButtonStyles\" data-wp-on-window--resize=\"callbacks.setButtonStyles\" data-id=\"3078\" src=\"https:\/\/zsozarow.pl\/wp-content\/uploads\/2025\/03\/469712374_1120208586782690_2042583376088566326_n-768x1024.jpg\" alt=\"\" class=\"wp-image-3078\" srcset=\"https:\/\/zsozarow.pl\/wp-content\/uploads\/2025\/03\/469712374_1120208586782690_2042583376088566326_n-768x1024.jpg 768w, https:\/\/zsozarow.pl\/wp-content\/uploads\/2025\/03\/469712374_1120208586782690_2042583376088566326_n-225x300.jpg 225w, https:\/\/zsozarow.pl\/wp-content\/uploads\/2025\/03\/469712374_1120208586782690_2042583376088566326_n-1152x1536.jpg 1152w, https:\/\/zsozarow.pl\/wp-content\/uploads\/2025\/03\/469712374_1120208586782690_2042583376088566326_n.jpg 1536w\" sizes=\"(max-width: 768px) 100vw, 768px\" \/><button\n\t\t\tclass=\"lightbox-trigger\"\n\t\t\ttype=\"button\"\n\t\t\taria-haspopup=\"dialog\"\n\t\t\taria-label=\"Powi\u0119ksz\"\n\t\t\tdata-wp-init=\"callbacks.initTriggerButton\"\n\t\t\tdata-wp-on--click=\"actions.showLightbox\"\n\t\t\tdata-wp-style--right=\"state.imageButtonRight\"\n\t\t\tdata-wp-style--top=\"state.imageButtonTop\"\n\t\t>\n\t\t\t<svg xmlns=\"http:\/\/www.w3.org\/2000\/svg\" width=\"12\" height=\"12\" fill=\"none\" viewBox=\"0 0 12 12\">\n\t\t\t\t<path fill=\"#fff\" d=\"M2 0a2 2 0 0 0-2 2v2h1.5V2a.5.5 0 0 1 .5-.5h2V0H2Zm2 10.5H2a.5.5 0 0 1-.5-.5V8H0v2a2 2 0 0 0 2 2h2v-1.5ZM8 12v-1.5h2a.5.5 0 0 0 .5-.5V8H12v2a2 2 0 0 1-2 2H8Zm2-12a2 2 0 0 1 2 2v2h-1.5V2a.5.5 0 0 0-.5-.5H8V0h2Z\" \/>\n\t\t\t<\/svg>\n\t\t<\/button><\/figure>\n\n\n\n<figure data-wp-context=\"{&quot;imageId&quot;:&quot;69fea6768a218&quot;}\" data-wp-interactive=\"core\/image\" data-wp-key=\"69fea6768a218\" class=\"wp-block-image size-large wp-lightbox-container\"><img loading=\"lazy\" decoding=\"async\" width=\"1024\" height=\"768\" data-wp-class--hide=\"state.isContentHidden\" data-wp-class--show=\"state.isContentVisible\" data-wp-init=\"callbacks.setButtonStyles\" data-wp-on--click=\"actions.showLightbox\" data-wp-on--load=\"callbacks.setButtonStyles\" data-wp-on-window--resize=\"callbacks.setButtonStyles\" data-id=\"3085\" src=\"https:\/\/zsozarow.pl\/wp-content\/uploads\/2025\/03\/469902744_1122537366549812_4536928210108940483_n-1024x768.jpg\" alt=\"\" class=\"wp-image-3085\" srcset=\"https:\/\/zsozarow.pl\/wp-content\/uploads\/2025\/03\/469902744_1122537366549812_4536928210108940483_n-1024x768.jpg 1024w, https:\/\/zsozarow.pl\/wp-content\/uploads\/2025\/03\/469902744_1122537366549812_4536928210108940483_n-300x225.jpg 300w, https:\/\/zsozarow.pl\/wp-content\/uploads\/2025\/03\/469902744_1122537366549812_4536928210108940483_n-768x576.jpg 768w, https:\/\/zsozarow.pl\/wp-content\/uploads\/2025\/03\/469902744_1122537366549812_4536928210108940483_n-1536x1152.jpg 1536w, https:\/\/zsozarow.pl\/wp-content\/uploads\/2025\/03\/469902744_1122537366549812_4536928210108940483_n.jpg 2048w\" sizes=\"(max-width: 1024px) 100vw, 1024px\" \/><button\n\t\t\tclass=\"lightbox-trigger\"\n\t\t\ttype=\"button\"\n\t\t\taria-haspopup=\"dialog\"\n\t\t\taria-label=\"Powi\u0119ksz\"\n\t\t\tdata-wp-init=\"callbacks.initTriggerButton\"\n\t\t\tdata-wp-on--click=\"actions.showLightbox\"\n\t\t\tdata-wp-style--right=\"state.imageButtonRight\"\n\t\t\tdata-wp-style--top=\"state.imageButtonTop\"\n\t\t>\n\t\t\t<svg xmlns=\"http:\/\/www.w3.org\/2000\/svg\" width=\"12\" height=\"12\" fill=\"none\" viewBox=\"0 0 12 12\">\n\t\t\t\t<path fill=\"#fff\" d=\"M2 0a2 2 0 0 0-2 2v2h1.5V2a.5.5 0 0 1 .5-.5h2V0H2Zm2 10.5H2a.5.5 0 0 1-.5-.5V8H0v2a2 2 0 0 0 2 2h2v-1.5ZM8 12v-1.5h2a.5.5 0 0 0 .5-.5V8H12v2a2 2 0 0 1-2 2H8Zm2-12a2 2 0 0 1 2 2v2h-1.5V2a.5.5 0 0 0-.5-.5H8V0h2Z\" \/>\n\t\t\t<\/svg>\n\t\t<\/button><\/figure>\n\n\n\n<figure data-wp-context=\"{&quot;imageId&quot;:&quot;69fea6768a6e7&quot;}\" data-wp-interactive=\"core\/image\" data-wp-key=\"69fea6768a6e7\" class=\"wp-block-image size-large wp-lightbox-container\"><img loading=\"lazy\" decoding=\"async\" width=\"1024\" height=\"768\" data-wp-class--hide=\"state.isContentHidden\" data-wp-class--show=\"state.isContentVisible\" data-wp-init=\"callbacks.setButtonStyles\" data-wp-on--click=\"actions.showLightbox\" data-wp-on--load=\"callbacks.setButtonStyles\" data-wp-on-window--resize=\"callbacks.setButtonStyles\" data-id=\"3083\" src=\"https:\/\/zsozarow.pl\/wp-content\/uploads\/2025\/03\/469996663_1122537273216488_3057176083341909949_n-1024x768.jpg\" alt=\"\" class=\"wp-image-3083\" srcset=\"https:\/\/zsozarow.pl\/wp-content\/uploads\/2025\/03\/469996663_1122537273216488_3057176083341909949_n-1024x768.jpg 1024w, https:\/\/zsozarow.pl\/wp-content\/uploads\/2025\/03\/469996663_1122537273216488_3057176083341909949_n-300x225.jpg 300w, https:\/\/zsozarow.pl\/wp-content\/uploads\/2025\/03\/469996663_1122537273216488_3057176083341909949_n-768x576.jpg 768w, https:\/\/zsozarow.pl\/wp-content\/uploads\/2025\/03\/469996663_1122537273216488_3057176083341909949_n-1536x1152.jpg 1536w, https:\/\/zsozarow.pl\/wp-content\/uploads\/2025\/03\/469996663_1122537273216488_3057176083341909949_n.jpg 2048w\" sizes=\"(max-width: 1024px) 100vw, 1024px\" \/><button\n\t\t\tclass=\"lightbox-trigger\"\n\t\t\ttype=\"button\"\n\t\t\taria-haspopup=\"dialog\"\n\t\t\taria-label=\"Powi\u0119ksz\"\n\t\t\tdata-wp-init=\"callbacks.initTriggerButton\"\n\t\t\tdata-wp-on--click=\"actions.showLightbox\"\n\t\t\tdata-wp-style--right=\"state.imageButtonRight\"\n\t\t\tdata-wp-style--top=\"state.imageButtonTop\"\n\t\t>\n\t\t\t<svg xmlns=\"http:\/\/www.w3.org\/2000\/svg\" width=\"12\" height=\"12\" fill=\"none\" viewBox=\"0 0 12 12\">\n\t\t\t\t<path fill=\"#fff\" d=\"M2 0a2 2 0 0 0-2 2v2h1.5V2a.5.5 0 0 1 .5-.5h2V0H2Zm2 10.5H2a.5.5 0 0 1-.5-.5V8H0v2a2 2 0 0 0 2 2h2v-1.5ZM8 12v-1.5h2a.5.5 0 0 0 .5-.5V8H12v2a2 2 0 0 1-2 2H8Zm2-12a2 2 0 0 1 2 2v2h-1.5V2a.5.5 0 0 0-.5-.5H8V0h2Z\" \/>\n\t\t\t<\/svg>\n\t\t<\/button><\/figure>\n\n\n\n<figure data-wp-context=\"{&quot;imageId&quot;:&quot;69fea6768ab60&quot;}\" data-wp-interactive=\"core\/image\" data-wp-key=\"69fea6768ab60\" class=\"wp-block-image size-large wp-lightbox-container\"><img loading=\"lazy\" decoding=\"async\" width=\"1024\" height=\"576\" data-wp-class--hide=\"state.isContentHidden\" data-wp-class--show=\"state.isContentVisible\" data-wp-init=\"callbacks.setButtonStyles\" data-wp-on--click=\"actions.showLightbox\" data-wp-on--load=\"callbacks.setButtonStyles\" data-wp-on-window--resize=\"callbacks.setButtonStyles\" data-id=\"3080\" src=\"https:\/\/zsozarow.pl\/wp-content\/uploads\/2025\/03\/470006563_1122537173216498_7188430667918325097_n-1024x576.jpg\" alt=\"\" class=\"wp-image-3080\" srcset=\"https:\/\/zsozarow.pl\/wp-content\/uploads\/2025\/03\/470006563_1122537173216498_7188430667918325097_n-1024x576.jpg 1024w, https:\/\/zsozarow.pl\/wp-content\/uploads\/2025\/03\/470006563_1122537173216498_7188430667918325097_n-300x169.jpg 300w, https:\/\/zsozarow.pl\/wp-content\/uploads\/2025\/03\/470006563_1122537173216498_7188430667918325097_n-768x432.jpg 768w, https:\/\/zsozarow.pl\/wp-content\/uploads\/2025\/03\/470006563_1122537173216498_7188430667918325097_n.jpg 1280w\" sizes=\"(max-width: 1024px) 100vw, 1024px\" \/><button\n\t\t\tclass=\"lightbox-trigger\"\n\t\t\ttype=\"button\"\n\t\t\taria-haspopup=\"dialog\"\n\t\t\taria-label=\"Powi\u0119ksz\"\n\t\t\tdata-wp-init=\"callbacks.initTriggerButton\"\n\t\t\tdata-wp-on--click=\"actions.showLightbox\"\n\t\t\tdata-wp-style--right=\"state.imageButtonRight\"\n\t\t\tdata-wp-style--top=\"state.imageButtonTop\"\n\t\t>\n\t\t\t<svg xmlns=\"http:\/\/www.w3.org\/2000\/svg\" width=\"12\" height=\"12\" fill=\"none\" viewBox=\"0 0 12 12\">\n\t\t\t\t<path fill=\"#fff\" d=\"M2 0a2 2 0 0 0-2 2v2h1.5V2a.5.5 0 0 1 .5-.5h2V0H2Zm2 10.5H2a.5.5 0 0 1-.5-.5V8H0v2a2 2 0 0 0 2 2h2v-1.5ZM8 12v-1.5h2a.5.5 0 0 0 .5-.5V8H12v2a2 2 0 0 1-2 2H8Zm2-12a2 2 0 0 1 2 2v2h-1.5V2a.5.5 0 0 0-.5-.5H8V0h2Z\" \/>\n\t\t\t<\/svg>\n\t\t<\/button><\/figure>\n\n\n\n<figure data-wp-context=\"{&quot;imageId&quot;:&quot;69fea6768b01d&quot;}\" data-wp-interactive=\"core\/image\" data-wp-key=\"69fea6768b01d\" class=\"wp-block-image size-large wp-lightbox-container\"><img loading=\"lazy\" decoding=\"async\" width=\"1024\" height=\"576\" data-wp-class--hide=\"state.isContentHidden\" data-wp-class--show=\"state.isContentVisible\" data-wp-init=\"callbacks.setButtonStyles\" data-wp-on--click=\"actions.showLightbox\" data-wp-on--load=\"callbacks.setButtonStyles\" data-wp-on-window--resize=\"callbacks.setButtonStyles\" data-id=\"3084\" src=\"https:\/\/zsozarow.pl\/wp-content\/uploads\/2025\/03\/470125013_1122537336549815_6549129045752232952_n-1024x576.jpg\" alt=\"\" class=\"wp-image-3084\" srcset=\"https:\/\/zsozarow.pl\/wp-content\/uploads\/2025\/03\/470125013_1122537336549815_6549129045752232952_n-1024x576.jpg 1024w, https:\/\/zsozarow.pl\/wp-content\/uploads\/2025\/03\/470125013_1122537336549815_6549129045752232952_n-300x169.jpg 300w, https:\/\/zsozarow.pl\/wp-content\/uploads\/2025\/03\/470125013_1122537336549815_6549129045752232952_n-768x432.jpg 768w, https:\/\/zsozarow.pl\/wp-content\/uploads\/2025\/03\/470125013_1122537336549815_6549129045752232952_n-1536x864.jpg 1536w, https:\/\/zsozarow.pl\/wp-content\/uploads\/2025\/03\/470125013_1122537336549815_6549129045752232952_n.jpg 2016w\" sizes=\"(max-width: 1024px) 100vw, 1024px\" \/><button\n\t\t\tclass=\"lightbox-trigger\"\n\t\t\ttype=\"button\"\n\t\t\taria-haspopup=\"dialog\"\n\t\t\taria-label=\"Powi\u0119ksz\"\n\t\t\tdata-wp-init=\"callbacks.initTriggerButton\"\n\t\t\tdata-wp-on--click=\"actions.showLightbox\"\n\t\t\tdata-wp-style--right=\"state.imageButtonRight\"\n\t\t\tdata-wp-style--top=\"state.imageButtonTop\"\n\t\t>\n\t\t\t<svg xmlns=\"http:\/\/www.w3.org\/2000\/svg\" width=\"12\" height=\"12\" fill=\"none\" viewBox=\"0 0 12 12\">\n\t\t\t\t<path fill=\"#fff\" d=\"M2 0a2 2 0 0 0-2 2v2h1.5V2a.5.5 0 0 1 .5-.5h2V0H2Zm2 10.5H2a.5.5 0 0 1-.5-.5V8H0v2a2 2 0 0 0 2 2h2v-1.5ZM8 12v-1.5h2a.5.5 0 0 0 .5-.5V8H12v2a2 2 0 0 1-2 2H8Zm2-12a2 2 0 0 1 2 2v2h-1.5V2a.5.5 0 0 0-.5-.5H8V0h2Z\" \/>\n\t\t\t<\/svg>\n\t\t<\/button><\/figure>\n\n\n\n<figure data-wp-context=\"{&quot;imageId&quot;:&quot;69fea6768b4c7&quot;}\" data-wp-interactive=\"core\/image\" data-wp-key=\"69fea6768b4c7\" class=\"wp-block-image size-large wp-lightbox-container\"><img loading=\"lazy\" decoding=\"async\" width=\"1024\" height=\"577\" data-wp-class--hide=\"state.isContentHidden\" data-wp-class--show=\"state.isContentVisible\" data-wp-init=\"callbacks.setButtonStyles\" data-wp-on--click=\"actions.showLightbox\" data-wp-on--load=\"callbacks.setButtonStyles\" data-wp-on-window--resize=\"callbacks.setButtonStyles\" data-id=\"3088\" src=\"https:\/\/zsozarow.pl\/wp-content\/uploads\/2025\/03\/470189684_1124004003069815_6907448650378237934_n-1024x577.jpg\" alt=\"\" class=\"wp-image-3088\" srcset=\"https:\/\/zsozarow.pl\/wp-content\/uploads\/2025\/03\/470189684_1124004003069815_6907448650378237934_n-1024x577.jpg 1024w, https:\/\/zsozarow.pl\/wp-content\/uploads\/2025\/03\/470189684_1124004003069815_6907448650378237934_n-300x169.jpg 300w, https:\/\/zsozarow.pl\/wp-content\/uploads\/2025\/03\/470189684_1124004003069815_6907448650378237934_n-768x432.jpg 768w, https:\/\/zsozarow.pl\/wp-content\/uploads\/2025\/03\/470189684_1124004003069815_6907448650378237934_n-1536x865.jpg 1536w, https:\/\/zsozarow.pl\/wp-content\/uploads\/2025\/03\/470189684_1124004003069815_6907448650378237934_n.jpg 2048w\" sizes=\"(max-width: 1024px) 100vw, 1024px\" \/><button\n\t\t\tclass=\"lightbox-trigger\"\n\t\t\ttype=\"button\"\n\t\t\taria-haspopup=\"dialog\"\n\t\t\taria-label=\"Powi\u0119ksz\"\n\t\t\tdata-wp-init=\"callbacks.initTriggerButton\"\n\t\t\tdata-wp-on--click=\"actions.showLightbox\"\n\t\t\tdata-wp-style--right=\"state.imageButtonRight\"\n\t\t\tdata-wp-style--top=\"state.imageButtonTop\"\n\t\t>\n\t\t\t<svg xmlns=\"http:\/\/www.w3.org\/2000\/svg\" width=\"12\" height=\"12\" fill=\"none\" viewBox=\"0 0 12 12\">\n\t\t\t\t<path fill=\"#fff\" d=\"M2 0a2 2 0 0 0-2 2v2h1.5V2a.5.5 0 0 1 .5-.5h2V0H2Zm2 10.5H2a.5.5 0 0 1-.5-.5V8H0v2a2 2 0 0 0 2 2h2v-1.5ZM8 12v-1.5h2a.5.5 0 0 0 .5-.5V8H12v2a2 2 0 0 1-2 2H8Zm2-12a2 2 0 0 1 2 2v2h-1.5V2a.5.5 0 0 0-.5-.5H8V0h2Z\" \/>\n\t\t\t<\/svg>\n\t\t<\/button><\/figure>\n\n\n\n<figure data-wp-context=\"{&quot;imageId&quot;:&quot;69fea6768b9c7&quot;}\" data-wp-interactive=\"core\/image\" data-wp-key=\"69fea6768b9c7\" class=\"wp-block-image size-large wp-lightbox-container\"><img loading=\"lazy\" decoding=\"async\" width=\"1024\" height=\"768\" data-wp-class--hide=\"state.isContentHidden\" data-wp-class--show=\"state.isContentVisible\" data-wp-init=\"callbacks.setButtonStyles\" data-wp-on--click=\"actions.showLightbox\" data-wp-on--load=\"callbacks.setButtonStyles\" data-wp-on-window--resize=\"callbacks.setButtonStyles\" data-id=\"3086\" src=\"https:\/\/zsozarow.pl\/wp-content\/uploads\/2025\/03\/470209507_1124003919736490_7791380779031699440_n-1024x768.jpg\" alt=\"\" class=\"wp-image-3086\" srcset=\"https:\/\/zsozarow.pl\/wp-content\/uploads\/2025\/03\/470209507_1124003919736490_7791380779031699440_n-1024x768.jpg 1024w, https:\/\/zsozarow.pl\/wp-content\/uploads\/2025\/03\/470209507_1124003919736490_7791380779031699440_n-300x225.jpg 300w, https:\/\/zsozarow.pl\/wp-content\/uploads\/2025\/03\/470209507_1124003919736490_7791380779031699440_n-768x576.jpg 768w, https:\/\/zsozarow.pl\/wp-content\/uploads\/2025\/03\/470209507_1124003919736490_7791380779031699440_n-1536x1152.jpg 1536w, https:\/\/zsozarow.pl\/wp-content\/uploads\/2025\/03\/470209507_1124003919736490_7791380779031699440_n.jpg 2048w\" sizes=\"(max-width: 1024px) 100vw, 1024px\" \/><button\n\t\t\tclass=\"lightbox-trigger\"\n\t\t\ttype=\"button\"\n\t\t\taria-haspopup=\"dialog\"\n\t\t\taria-label=\"Powi\u0119ksz\"\n\t\t\tdata-wp-init=\"callbacks.initTriggerButton\"\n\t\t\tdata-wp-on--click=\"actions.showLightbox\"\n\t\t\tdata-wp-style--right=\"state.imageButtonRight\"\n\t\t\tdata-wp-style--top=\"state.imageButtonTop\"\n\t\t>\n\t\t\t<svg xmlns=\"http:\/\/www.w3.org\/2000\/svg\" width=\"12\" height=\"12\" fill=\"none\" viewBox=\"0 0 12 12\">\n\t\t\t\t<path fill=\"#fff\" d=\"M2 0a2 2 0 0 0-2 2v2h1.5V2a.5.5 0 0 1 .5-.5h2V0H2Zm2 10.5H2a.5.5 0 0 1-.5-.5V8H0v2a2 2 0 0 0 2 2h2v-1.5ZM8 12v-1.5h2a.5.5 0 0 0 .5-.5V8H12v2a2 2 0 0 1-2 2H8Zm2-12a2 2 0 0 1 2 2v2h-1.5V2a.5.5 0 0 0-.5-.5H8V0h2Z\" \/>\n\t\t\t<\/svg>\n\t\t<\/button><\/figure>\n\n\n\n<figure data-wp-context=\"{&quot;imageId&quot;:&quot;69fea6768be6b&quot;}\" data-wp-interactive=\"core\/image\" data-wp-key=\"69fea6768be6b\" class=\"wp-block-image size-large wp-lightbox-container\"><img loading=\"lazy\" decoding=\"async\" width=\"768\" height=\"1024\" data-wp-class--hide=\"state.isContentHidden\" data-wp-class--show=\"state.isContentVisible\" data-wp-init=\"callbacks.setButtonStyles\" data-wp-on--click=\"actions.showLightbox\" data-wp-on--load=\"callbacks.setButtonStyles\" data-wp-on-window--resize=\"callbacks.setButtonStyles\" data-id=\"3081\" src=\"https:\/\/zsozarow.pl\/wp-content\/uploads\/2025\/03\/470213044_1124003903069825_6196712370040936728_n-768x1024.jpg\" alt=\"\" class=\"wp-image-3081\" srcset=\"https:\/\/zsozarow.pl\/wp-content\/uploads\/2025\/03\/470213044_1124003903069825_6196712370040936728_n-768x1024.jpg 768w, https:\/\/zsozarow.pl\/wp-content\/uploads\/2025\/03\/470213044_1124003903069825_6196712370040936728_n-225x300.jpg 225w, https:\/\/zsozarow.pl\/wp-content\/uploads\/2025\/03\/470213044_1124003903069825_6196712370040936728_n.jpg 960w\" sizes=\"(max-width: 768px) 100vw, 768px\" \/><button\n\t\t\tclass=\"lightbox-trigger\"\n\t\t\ttype=\"button\"\n\t\t\taria-haspopup=\"dialog\"\n\t\t\taria-label=\"Powi\u0119ksz\"\n\t\t\tdata-wp-init=\"callbacks.initTriggerButton\"\n\t\t\tdata-wp-on--click=\"actions.showLightbox\"\n\t\t\tdata-wp-style--right=\"state.imageButtonRight\"\n\t\t\tdata-wp-style--top=\"state.imageButtonTop\"\n\t\t>\n\t\t\t<svg xmlns=\"http:\/\/www.w3.org\/2000\/svg\" width=\"12\" height=\"12\" fill=\"none\" viewBox=\"0 0 12 12\">\n\t\t\t\t<path fill=\"#fff\" d=\"M2 0a2 2 0 0 0-2 2v2h1.5V2a.5.5 0 0 1 .5-.5h2V0H2Zm2 10.5H2a.5.5 0 0 1-.5-.5V8H0v2a2 2 0 0 0 2 2h2v-1.5ZM8 12v-1.5h2a.5.5 0 0 0 .5-.5V8H12v2a2 2 0 0 1-2 2H8Zm2-12a2 2 0 0 1 2 2v2h-1.5V2a.5.5 0 0 0-.5-.5H8V0h2Z\" \/>\n\t\t\t<\/svg>\n\t\t<\/button><\/figure>\n\n\n\n<figure data-wp-context=\"{&quot;imageId&quot;:&quot;69fea6768c34d&quot;}\" data-wp-interactive=\"core\/image\" data-wp-key=\"69fea6768c34d\" class=\"wp-block-image size-large wp-lightbox-container\"><img loading=\"lazy\" decoding=\"async\" width=\"1024\" height=\"577\" data-wp-class--hide=\"state.isContentHidden\" data-wp-class--show=\"state.isContentVisible\" data-wp-init=\"callbacks.setButtonStyles\" data-wp-on--click=\"actions.showLightbox\" data-wp-on--load=\"callbacks.setButtonStyles\" data-wp-on-window--resize=\"callbacks.setButtonStyles\" data-id=\"3087\" src=\"https:\/\/zsozarow.pl\/wp-content\/uploads\/2025\/03\/470221327_1124003983069817_3048306468808212775_n-1024x577.jpg\" alt=\"\" class=\"wp-image-3087\" srcset=\"https:\/\/zsozarow.pl\/wp-content\/uploads\/2025\/03\/470221327_1124003983069817_3048306468808212775_n-1024x577.jpg 1024w, https:\/\/zsozarow.pl\/wp-content\/uploads\/2025\/03\/470221327_1124003983069817_3048306468808212775_n-300x169.jpg 300w, https:\/\/zsozarow.pl\/wp-content\/uploads\/2025\/03\/470221327_1124003983069817_3048306468808212775_n-768x432.jpg 768w, https:\/\/zsozarow.pl\/wp-content\/uploads\/2025\/03\/470221327_1124003983069817_3048306468808212775_n-1536x865.jpg 1536w, https:\/\/zsozarow.pl\/wp-content\/uploads\/2025\/03\/470221327_1124003983069817_3048306468808212775_n.jpg 2048w\" sizes=\"(max-width: 1024px) 100vw, 1024px\" \/><button\n\t\t\tclass=\"lightbox-trigger\"\n\t\t\ttype=\"button\"\n\t\t\taria-haspopup=\"dialog\"\n\t\t\taria-label=\"Powi\u0119ksz\"\n\t\t\tdata-wp-init=\"callbacks.initTriggerButton\"\n\t\t\tdata-wp-on--click=\"actions.showLightbox\"\n\t\t\tdata-wp-style--right=\"state.imageButtonRight\"\n\t\t\tdata-wp-style--top=\"state.imageButtonTop\"\n\t\t>\n\t\t\t<svg xmlns=\"http:\/\/www.w3.org\/2000\/svg\" width=\"12\" height=\"12\" fill=\"none\" viewBox=\"0 0 12 12\">\n\t\t\t\t<path fill=\"#fff\" d=\"M2 0a2 2 0 0 0-2 2v2h1.5V2a.5.5 0 0 1 .5-.5h2V0H2Zm2 10.5H2a.5.5 0 0 1-.5-.5V8H0v2a2 2 0 0 0 2 2h2v-1.5ZM8 12v-1.5h2a.5.5 0 0 0 .5-.5V8H12v2a2 2 0 0 1-2 2H8Zm2-12a2 2 0 0 1 2 2v2h-1.5V2a.5.5 0 0 0-.5-.5H8V0h2Z\" \/>\n\t\t\t<\/svg>\n\t\t<\/button><\/figure>\n<\/figure>\n","protected":false},"excerpt":{"rendered":"<p>Fundacja Mo\u017cesz Wi\u0119cej, kt\u00f3ra zorganizowa\u0142a praktyki zagraniczne dla naszych mechatronik\u00f3w\ud83d\udd79 i informatyk\u00f3w\ud83d\udcbb zadba\u0142a te\u017c o rozrywki kulturowe. Uczniowie w ramach praktyk doskonalili swoje umiej\u0119tno\u015bci zawodowe i j\u0119zykowe. Bardzo wa\u017cnym elementem zagranicznych praktyk jest r\u00f3wnie\u017c walor krajoznawczy. Odwiedzili\u015bmy Gibraltar\ud83d\udc9a\ud83c\udfdc\ud83c\udfdd By\u0142o gor\u0105co, du\u017co wspinaczki, ale warto- pi\u0119kne widoki!!\ud83d\udea2\u26f1\ud83c\udfd4 Gibraltar to jedyne miejsce w Europie, gdzie mo\u017cna spotka\u0107 [&hellip;]<\/p>\n","protected":false},"author":1,"featured_media":0,"parent":0,"menu_order":0,"comment_status":"closed","ping_status":"closed","template":"","meta":{"footnotes":""},"class_list":["post-3077","page","type-page","status-publish","hentry"],"_links":{"self":[{"href":"https:\/\/zsozarow.pl\/index.php?rest_route=\/wp\/v2\/pages\/3077","targetHints":{"allow":["GET"]}}],"collection":[{"href":"https:\/\/zsozarow.pl\/index.php?rest_route=\/wp\/v2\/pages"}],"about":[{"href":"https:\/\/zsozarow.pl\/index.php?rest_route=\/wp\/v2\/types\/page"}],"author":[{"embeddable":true,"href":"https:\/\/zsozarow.pl\/index.php?rest_route=\/wp\/v2\/users\/1"}],"replies":[{"embeddable":true,"href":"https:\/\/zsozarow.pl\/index.php?rest_route=%2Fwp%2Fv2%2Fcomments&post=3077"}],"version-history":[{"count":3,"href":"https:\/\/zsozarow.pl\/index.php?rest_route=\/wp\/v2\/pages\/3077\/revisions"}],"predecessor-version":[{"id":4755,"href":"https:\/\/zsozarow.pl\/index.php?rest_route=\/wp\/v2\/pages\/3077\/revisions\/4755"}],"wp:attachment":[{"href":"https:\/\/zsozarow.pl\/index.php?rest_route=%2Fwp%2Fv2%2Fmedia&parent=3077"}],"curies":[{"name":"wp","href":"https:\/\/api.w.org\/{rel}","templated":true}]}}