{"id":3172,"date":"2025-03-16T08:16:53","date_gmt":"2025-03-16T07:16:53","guid":{"rendered":"https:\/\/zsozarow.pl\/?page_id=3172"},"modified":"2025-03-16T10:08:34","modified_gmt":"2025-03-16T09:08:34","slug":"liceum-ogolnoksztalcace-2","status":"publish","type":"page","link":"https:\/\/zsozarow.pl\/?page_id=3172","title":{"rendered":"Liceum og\u00f3lnokszta\u0142c\u0105ce."},"content":{"rendered":"\n<p>Profil wiza\u017c i kosmetologia.<\/p>\n\n\n\n<figure class=\"wp-block-gallery has-nested-images columns-default is-cropped has-colibri-color-1-background-color has-background wp-block-gallery-1 is-layout-flex wp-block-gallery-is-layout-flex\">\n<figure class=\"wp-block-image size-large\"><img fetchpriority=\"high\" decoding=\"async\" width=\"768\" height=\"1024\" data-id=\"3206\" src=\"https:\/\/zsozarow.pl\/wp-content\/uploads\/2025\/03\/483528288_1195950799208468_3492885644649126213_n-768x1024.jpg\" alt=\"\" class=\"wp-image-3206\" srcset=\"https:\/\/zsozarow.pl\/wp-content\/uploads\/2025\/03\/483528288_1195950799208468_3492885644649126213_n-768x1024.jpg 768w, https:\/\/zsozarow.pl\/wp-content\/uploads\/2025\/03\/483528288_1195950799208468_3492885644649126213_n-225x300.jpg 225w, https:\/\/zsozarow.pl\/wp-content\/uploads\/2025\/03\/483528288_1195950799208468_3492885644649126213_n-1152x1536.jpg 1152w, https:\/\/zsozarow.pl\/wp-content\/uploads\/2025\/03\/483528288_1195950799208468_3492885644649126213_n.jpg 1536w\" sizes=\"(max-width: 768px) 100vw, 768px\" \/><\/figure>\n\n\n\n<figure class=\"wp-block-image size-large is-style-default\"><img decoding=\"async\" width=\"768\" height=\"1024\" data-id=\"1549\" src=\"https:\/\/zsozarow.pl\/wp-content\/uploads\/2023\/03\/334532214_1587537998337147_3428098913459400293_n-768x1024.jpg\" alt=\"\" class=\"wp-image-1549\" srcset=\"https:\/\/zsozarow.pl\/wp-content\/uploads\/2023\/03\/334532214_1587537998337147_3428098913459400293_n-768x1024.jpg 768w, https:\/\/zsozarow.pl\/wp-content\/uploads\/2023\/03\/334532214_1587537998337147_3428098913459400293_n-225x300.jpg 225w, https:\/\/zsozarow.pl\/wp-content\/uploads\/2023\/03\/334532214_1587537998337147_3428098913459400293_n-1152x1536.jpg 1152w, https:\/\/zsozarow.pl\/wp-content\/uploads\/2023\/03\/334532214_1587537998337147_3428098913459400293_n.jpg 1301w\" sizes=\"(max-width: 768px) 100vw, 768px\" \/><\/figure>\n\n\n\n<figure class=\"wp-block-image size-large\"><img decoding=\"async\" width=\"932\" height=\"1024\" data-id=\"3207\" src=\"https:\/\/zsozarow.pl\/wp-content\/uploads\/2025\/03\/483871563_1195950629208485_8470613622128126850_n-932x1024.jpg\" alt=\"\" class=\"wp-image-3207\" srcset=\"https:\/\/zsozarow.pl\/wp-content\/uploads\/2025\/03\/483871563_1195950629208485_8470613622128126850_n-932x1024.jpg 932w, https:\/\/zsozarow.pl\/wp-content\/uploads\/2025\/03\/483871563_1195950629208485_8470613622128126850_n-273x300.jpg 273w, https:\/\/zsozarow.pl\/wp-content\/uploads\/2025\/03\/483871563_1195950629208485_8470613622128126850_n-768x844.jpg 768w, https:\/\/zsozarow.pl\/wp-content\/uploads\/2025\/03\/483871563_1195950629208485_8470613622128126850_n-1398x1536.jpg 1398w, https:\/\/zsozarow.pl\/wp-content\/uploads\/2025\/03\/483871563_1195950629208485_8470613622128126850_n.jpg 1864w\" sizes=\"(max-width: 932px) 100vw, 932px\" \/><\/figure>\n\n\n\n<figure class=\"wp-block-image size-large\"><img loading=\"lazy\" decoding=\"async\" width=\"720\" height=\"960\" data-id=\"1547\" src=\"https:\/\/zsozarow.pl\/wp-content\/uploads\/2023\/03\/332093518_578769443970321_4617234352145056797_n.jpg\" alt=\"\" class=\"wp-image-1547\" srcset=\"https:\/\/zsozarow.pl\/wp-content\/uploads\/2023\/03\/332093518_578769443970321_4617234352145056797_n.jpg 720w, https:\/\/zsozarow.pl\/wp-content\/uploads\/2023\/03\/332093518_578769443970321_4617234352145056797_n-225x300.jpg 225w\" sizes=\"(max-width: 720px) 100vw, 720px\" \/><\/figure>\n\n\n\n<figure class=\"wp-block-image size-large\"><img loading=\"lazy\" decoding=\"async\" width=\"768\" height=\"1024\" data-id=\"1548\" src=\"https:\/\/zsozarow.pl\/wp-content\/uploads\/2023\/03\/330396206_860513448369066_2906313664012415964_n-768x1024.jpg\" alt=\"\" class=\"wp-image-1548\" srcset=\"https:\/\/zsozarow.pl\/wp-content\/uploads\/2023\/03\/330396206_860513448369066_2906313664012415964_n-768x1024.jpg 768w, https:\/\/zsozarow.pl\/wp-content\/uploads\/2023\/03\/330396206_860513448369066_2906313664012415964_n-225x300.jpg 225w, https:\/\/zsozarow.pl\/wp-content\/uploads\/2023\/03\/330396206_860513448369066_2906313664012415964_n-1152x1536.jpg 1152w, https:\/\/zsozarow.pl\/wp-content\/uploads\/2023\/03\/330396206_860513448369066_2906313664012415964_n.jpg 1301w\" sizes=\"(max-width: 768px) 100vw, 768px\" \/><\/figure>\n\n\n\n<figure class=\"wp-block-image size-large\"><img loading=\"lazy\" decoding=\"async\" width=\"720\" height=\"960\" data-id=\"1546\" src=\"https:\/\/zsozarow.pl\/wp-content\/uploads\/2023\/03\/332114701_734926775007787_2009462468639521679_n.jpg\" alt=\"\" class=\"wp-image-1546\" srcset=\"https:\/\/zsozarow.pl\/wp-content\/uploads\/2023\/03\/332114701_734926775007787_2009462468639521679_n.jpg 720w, https:\/\/zsozarow.pl\/wp-content\/uploads\/2023\/03\/332114701_734926775007787_2009462468639521679_n-225x300.jpg 225w\" sizes=\"(max-width: 720px) 100vw, 720px\" \/><\/figure>\n\n\n\n<figure class=\"wp-block-image size-large\"><img loading=\"lazy\" decoding=\"async\" width=\"768\" height=\"1024\" data-id=\"1550\" src=\"https:\/\/zsozarow.pl\/wp-content\/uploads\/2023\/03\/334957640_241336488229742_6989521654453854602_n-768x1024.jpg\" alt=\"\" class=\"wp-image-1550\" srcset=\"https:\/\/zsozarow.pl\/wp-content\/uploads\/2023\/03\/334957640_241336488229742_6989521654453854602_n-768x1024.jpg 768w, https:\/\/zsozarow.pl\/wp-content\/uploads\/2023\/03\/334957640_241336488229742_6989521654453854602_n-225x300.jpg 225w, https:\/\/zsozarow.pl\/wp-content\/uploads\/2023\/03\/334957640_241336488229742_6989521654453854602_n-1152x1536.jpg 1152w, https:\/\/zsozarow.pl\/wp-content\/uploads\/2023\/03\/334957640_241336488229742_6989521654453854602_n.jpg 1301w\" sizes=\"(max-width: 768px) 100vw, 768px\" \/><\/figure>\n\n\n\n<figure class=\"wp-block-image size-large\"><img loading=\"lazy\" decoding=\"async\" width=\"768\" height=\"1024\" data-id=\"3208\" src=\"https:\/\/zsozarow.pl\/wp-content\/uploads\/2025\/03\/481003987_1186213250182223_1457300467457093194_n-768x1024.jpg\" alt=\"\" class=\"wp-image-3208\" srcset=\"https:\/\/zsozarow.pl\/wp-content\/uploads\/2025\/03\/481003987_1186213250182223_1457300467457093194_n-768x1024.jpg 768w, https:\/\/zsozarow.pl\/wp-content\/uploads\/2025\/03\/481003987_1186213250182223_1457300467457093194_n-225x300.jpg 225w, https:\/\/zsozarow.pl\/wp-content\/uploads\/2025\/03\/481003987_1186213250182223_1457300467457093194_n-1152x1536.jpg 1152w, https:\/\/zsozarow.pl\/wp-content\/uploads\/2025\/03\/481003987_1186213250182223_1457300467457093194_n.jpg 1536w\" sizes=\"(max-width: 768px) 100vw, 768px\" \/><\/figure>\n\n\n\n<figure class=\"wp-block-image size-large\"><img loading=\"lazy\" decoding=\"async\" width=\"768\" height=\"1024\" data-id=\"1545\" src=\"https:\/\/zsozarow.pl\/wp-content\/uploads\/2023\/03\/334931199_881119026482372_5467012314624288623_n-768x1024.jpg\" alt=\"\" class=\"wp-image-1545\" srcset=\"https:\/\/zsozarow.pl\/wp-content\/uploads\/2023\/03\/334931199_881119026482372_5467012314624288623_n-768x1024.jpg 768w, https:\/\/zsozarow.pl\/wp-content\/uploads\/2023\/03\/334931199_881119026482372_5467012314624288623_n-225x300.jpg 225w, https:\/\/zsozarow.pl\/wp-content\/uploads\/2023\/03\/334931199_881119026482372_5467012314624288623_n-1152x1536.jpg 1152w, https:\/\/zsozarow.pl\/wp-content\/uploads\/2023\/03\/334931199_881119026482372_5467012314624288623_n.jpg 1301w\" sizes=\"(max-width: 768px) 100vw, 768px\" \/><\/figure>\n<\/figure>\n","protected":false},"excerpt":{"rendered":"<p>Profil wiza\u017c i kosmetologia.<\/p>\n","protected":false},"author":1,"featured_media":0,"parent":0,"menu_order":0,"comment_status":"closed","ping_status":"closed","template":"","meta":{"footnotes":""},"class_list":["post-3172","page","type-page","status-publish","hentry"],"_links":{"self":[{"href":"https:\/\/zsozarow.pl\/index.php?rest_route=\/wp\/v2\/pages\/3172","targetHints":{"allow":["GET"]}}],"collection":[{"href":"https:\/\/zsozarow.pl\/index.php?rest_route=\/wp\/v2\/pages"}],"about":[{"href":"https:\/\/zsozarow.pl\/index.php?rest_route=\/wp\/v2\/types\/page"}],"author":[{"embeddable":true,"href":"https:\/\/zsozarow.pl\/index.php?rest_route=\/wp\/v2\/users\/1"}],"replies":[{"embeddable":true,"href":"https:\/\/zsozarow.pl\/index.php?rest_route=%2Fwp%2Fv2%2Fcomments&post=3172"}],"version-history":[{"count":3,"href":"https:\/\/zsozarow.pl\/index.php?rest_route=\/wp\/v2\/pages\/3172\/revisions"}],"predecessor-version":[{"id":3210,"href":"https:\/\/zsozarow.pl\/index.php?rest_route=\/wp\/v2\/pages\/3172\/revisions\/3210"}],"wp:attachment":[{"href":"https:\/\/zsozarow.pl\/index.php?rest_route=%2Fwp%2Fv2%2Fmedia&parent=3172"}],"curies":[{"name":"wp","href":"https:\/\/api.w.org\/{rel}","templated":true}]}}