{"id":3856,"date":"2025-03-27T19:09:58","date_gmt":"2025-03-27T18:09:58","guid":{"rendered":"https:\/\/zsozarow.pl\/?page_id=3856"},"modified":"2025-03-28T10:26:22","modified_gmt":"2025-03-28T09:26:22","slug":"liceum-ogolnoksztalcace-profil-wizaz-i-kosmetologia","status":"publish","type":"page","link":"https:\/\/zsozarow.pl\/?page_id=3856","title":{"rendered":"Liceum og\u00f3lnokszta\u0142c\u0105ce profil wiza\u017c i kosmetologia"},"content":{"rendered":"\n<p class=\"has-colibri-color-6-color has-text-color has-link-color wp-elements-ada32367cf4f737d49d103d74e024d78\"><strong>LICEUM OG\u00d3LNOKSZTA\u0141C\u0104CE<\/strong><\/p>\n\n\n\n<p class=\"has-colibri-color-6-color has-text-color has-link-color wp-elements-c09ca4a589500718d96d736d5d21b79e\"><strong>PROFIL WIZA\u017b I KOSMETOLOGIA<\/strong><\/p>\n\n\n\n<p class=\"has-colibri-color-6-color has-text-color has-link-color wp-elements-60d9675bc6b91d5ab14d62ef303deaff\">Czy marzysz o karierze w \u015bwiecie beauty? Chcesz rozwija\u0107 swoje umiej\u0119tno\u015bci w makija\u017cu i kosmetologii?<\/p>\n\n\n\n<p class=\"has-colibri-color-6-color has-text-color has-link-color wp-elements-a33005463b1d34cca1b941a68cc5ed01\">Nauka w tej klasie odbywa si\u0119 we wsp\u00f3\u0142pracy z Lubelskim Uniwersytetem Medycznym i Uniwersytetem Jana Kochanowskiego w Kielcach. Uczniowie zdobywaj\u0105 wiedz\u0119 na temat przeprowadzania profesjonalnych zabieg\u00f3w z zakresu kosmetyki piel\u0119gnacyjnej i leczniczej z wykorzystaniem nowoczesnego, profesjonalnego sprz\u0119tu.<\/p>\n\n\n\n<p class=\"has-colibri-color-6-color has-text-color has-link-color wp-elements-8763b31bb8b85bcc66c0db1b759a1388\"><strong>Profil przeznaczony:<\/strong><\/p>\n\n\n\n<ul class=\"wp-block-list\">\n<li class=\"has-colibri-color-6-color has-text-color has-link-color wp-elements-73819845907f81410ab25645e0efdfd0\">dla kreatywnych os\u00f3b z pasj\u0105 do makija\u017cu,<\/li>\n\n\n\n<li class=\"has-colibri-color-6-color has-text-color has-link-color wp-elements-f7b1d9869c234e8811829f67c25a980b\">dla przysz\u0142ych kosmetolog\u00f3w, wiza\u017cyst\u00f3w i stylist\u00f3w,<\/li>\n\n\n\n<li class=\"has-colibri-color-6-color has-text-color has-link-color wp-elements-230d9f05e0309c6599ab331206810621\">d<strong>la tych, kt\u00f3rzy chc\u0105 \u0142\u0105czy\u0107 teori\u0119 z praktyk\u0105.<\/strong><\/li>\n<\/ul>\n\n\n\n<p class=\"has-colibri-color-6-color has-text-color has-link-color wp-elements-2b6425e7efcb98566cf70c200172f49a\">Czekaj\u0105 Ci\u0119:<\/p>\n\n\n\n<ul class=\"wp-block-list\">\n<li class=\"has-colibri-color-6-color has-text-color has-link-color wp-elements-06f7ceedf4897db99e4c284482677cc3\">profesjonalne zaj\u0119cia z wiza\u017cu i kosmetologii,<\/li>\n\n\n\n<li class=\"has-colibri-color-6-color has-text-color has-link-color wp-elements-238d2f143fd2333831548b244b49672d\">warsztaty z ekspertami bran\u017cy beauty,<\/li>\n\n\n\n<li class=\"has-colibri-color-6-color has-text-color has-link-color wp-elements-c4b3be3e15c6821bae015b8290955bf1\">praktyczne szkolenia i mo\u017cliwo\u015b\u0107 zdobycia certyfikat\u00f3w,<\/li>\n\n\n\n<li class=\"has-colibri-color-6-color has-text-color has-link-color wp-elements-2d1ff20ddf8d6f53b64458188cee78ea\">dost\u0119p do nowoczesnych kosmetyk\u00f3w i sprz\u0119tu.<\/li>\n<\/ul>\n\n\n\n<p class=\"has-colibri-color-6-color has-text-color has-link-color wp-elements-041ac1e14421389d99008ad4b7fc3e41\"><strong>Czego si\u0119 nauczysz?<\/strong><\/p>\n\n\n\n<ul class=\"wp-block-list\">\n<li class=\"has-colibri-color-6-color has-text-color has-link-color wp-elements-ea71fd86be5849eaf0ceb95194cedb93\">profesjonalnego makija\u017cu dziennego, wieczorowego i artystycznego,<\/li>\n\n\n\n<li class=\"has-colibri-color-6-color has-text-color has-link-color wp-elements-b1b62b6957522d37b32ab36ee2002233\">techniki piel\u0119gnacji sk\u00f3ry i doboru kosmetyk\u00f3w,<\/li>\n\n\n\n<li class=\"has-colibri-color-6-color has-text-color has-link-color wp-elements-fdc48e9ec362d492a2df72873ebf725d\">stylizacji brwi i rz\u0119s,<\/li>\n\n\n\n<li class=\"has-colibri-color-6-color has-text-color has-link-color wp-elements-ca78772fd498a68ace7e11e5280bea82\">podstaw manicure i piel\u0119gnacji d\u0142oni,<\/li>\n\n\n\n<li class=\"has-colibri-color-6-color has-text-color has-link-color wp-elements-c722f94eee6756bfbd714eedbd5f12d7\">trend\u00f3w w kosmetologii i bran\u017cy beauty.<\/li>\n<\/ul>\n\n\n\n<p class=\"has-colibri-color-6-color has-text-color has-link-color wp-elements-054a80921bc1ba2c6ba6d96fc8bbc39f\"><strong>Co zyskasz?<\/strong><\/p>\n\n\n\n<ul class=\"wp-block-list\">\n<li class=\"has-colibri-color-6-color has-text-color has-link-color wp-elements-2feb08ccf97df2132d46568f9d043af1\">solidne przygotowanie do kariery w bran\u017cy beauty,<\/li>\n\n\n\n<li class=\"has-colibri-color-6-color has-text-color has-link-color wp-elements-a531d2460ce1abc0c6a0a16cb9704b35\">mo\u017cliwo\u015b\u0107 praktyk w salonach kosmetycznych,<\/li>\n\n\n\n<li class=\"has-colibri-color-6-color has-text-color has-link-color wp-elements-1cea410b422cea71fc7891700f51b669\">certyfikaty potwierdzaj\u0105ce zdobyte umiej\u0119tno\u015bci,<\/li>\n\n\n\n<li class=\"has-colibri-color-6-color has-text-color has-link-color wp-elements-528a14a4e19b6f6d4e9690265385002d\">wsparcie profesjonalist\u00f3w i nowoczesne zaplecze edukacyjne.<\/li>\n<\/ul>\n\n\n\n<p class=\"has-colibri-color-6-color has-text-color has-link-color wp-elements-4548e8812de556d5eec7182e7b1c8cc6\"><strong><\/strong><strong>Absolwent\u00f3w przygotowujemy do studiowania kosmetologii, biologii, dietetyki, fizjoterapii oraz rehabilitacji. <\/strong><strong>Po uko\u0144czeniu szko\u0142y ucze\u0144 uzyskuje \u015brednie wykszta\u0142cenie oraz, po zdaniu egzaminu, \u015bwiadectwo maturalne, a jednocze\u015bnie zdobywa przygotowanie teoretyczne i praktyczne do zawodu kosmetyczki lub wiza\u017cystki.<\/strong><\/p>\n\n\n\n<p class=\"has-colibri-color-6-color has-text-color has-link-color wp-elements-94d14454189fa59ecee413f2b8908f51\">Poza podstawowym programem liceum, zwi\u0119kszony jest wymiar godzin z zakresu biologii, ze szczeg\u00f3lnym naciskiem na anatomi\u0119 cz\u0142owieka, budow\u0119 sk\u00f3ry, jednostki chorobowe.<\/p>\n\n\n\n<p class=\"has-colibri-color-6-color has-text-color has-link-color wp-elements-49caad896cd87cc9fce1b6a6c0231107\"><strong>Absolwenci tego profilu mog\u0105 znale\u017a\u0107 zatrudnienie w:<\/strong><\/p>\n\n\n\n<ul class=\"wp-block-list\">\n<li class=\"has-colibri-color-6-color has-text-color has-link-color wp-elements-596530c9b487e33e1c190a27a4087261\">gabinetach kosmetycznych, medycyny estetycznej i odnowy biologicznej,<\/li>\n\n\n\n<li class=\"has-colibri-color-6-color has-text-color has-link-color wp-elements-7a3550b3c94b495f35b9347b3802c81c\">salonach urody, wellness &amp; SPA i drogeriach.<\/li>\n<\/ul>\n\n\n\n<figure class=\"wp-block-gallery has-nested-images columns-default is-cropped wp-block-gallery-1 is-layout-flex wp-block-gallery-is-layout-flex\">\n<figure data-wp-context=\"{&quot;imageId&quot;:&quot;6a0892fd95959&quot;}\" data-wp-interactive=\"core\/image\" data-wp-key=\"6a0892fd95959\" class=\"wp-block-image size-large wp-lightbox-container\"><img fetchpriority=\"high\" decoding=\"async\" width=\"768\" height=\"1024\" data-wp-class--hide=\"state.isContentHidden\" data-wp-class--show=\"state.isContentVisible\" data-wp-init=\"callbacks.setButtonStyles\" data-wp-on--click=\"actions.showLightbox\" data-wp-on--load=\"callbacks.setButtonStyles\" data-wp-on-window--resize=\"callbacks.setButtonStyles\" data-id=\"3208\" src=\"https:\/\/zsozarow.pl\/wp-content\/uploads\/2025\/03\/481003987_1186213250182223_1457300467457093194_n-768x1024.jpg\" alt=\"\" class=\"wp-image-3208\" srcset=\"https:\/\/zsozarow.pl\/wp-content\/uploads\/2025\/03\/481003987_1186213250182223_1457300467457093194_n-768x1024.jpg 768w, https:\/\/zsozarow.pl\/wp-content\/uploads\/2025\/03\/481003987_1186213250182223_1457300467457093194_n-225x300.jpg 225w, https:\/\/zsozarow.pl\/wp-content\/uploads\/2025\/03\/481003987_1186213250182223_1457300467457093194_n-1152x1536.jpg 1152w, https:\/\/zsozarow.pl\/wp-content\/uploads\/2025\/03\/481003987_1186213250182223_1457300467457093194_n.jpg 1536w\" sizes=\"(max-width: 768px) 100vw, 768px\" \/><button\n\t\t\tclass=\"lightbox-trigger\"\n\t\t\ttype=\"button\"\n\t\t\taria-haspopup=\"dialog\"\n\t\t\taria-label=\"Powi\u0119ksz\"\n\t\t\tdata-wp-init=\"callbacks.initTriggerButton\"\n\t\t\tdata-wp-on--click=\"actions.showLightbox\"\n\t\t\tdata-wp-style--right=\"state.imageButtonRight\"\n\t\t\tdata-wp-style--top=\"state.imageButtonTop\"\n\t\t>\n\t\t\t<svg xmlns=\"http:\/\/www.w3.org\/2000\/svg\" width=\"12\" height=\"12\" fill=\"none\" viewBox=\"0 0 12 12\">\n\t\t\t\t<path fill=\"#fff\" d=\"M2 0a2 2 0 0 0-2 2v2h1.5V2a.5.5 0 0 1 .5-.5h2V0H2Zm2 10.5H2a.5.5 0 0 1-.5-.5V8H0v2a2 2 0 0 0 2 2h2v-1.5ZM8 12v-1.5h2a.5.5 0 0 0 .5-.5V8H12v2a2 2 0 0 1-2 2H8Zm2-12a2 2 0 0 1 2 2v2h-1.5V2a.5.5 0 0 0-.5-.5H8V0h2Z\" \/>\n\t\t\t<\/svg>\n\t\t<\/button><\/figure>\n\n\n\n<figure data-wp-context=\"{&quot;imageId&quot;:&quot;6a0892fd95ee6&quot;}\" data-wp-interactive=\"core\/image\" data-wp-key=\"6a0892fd95ee6\" class=\"wp-block-image size-large wp-lightbox-container\"><img decoding=\"async\" width=\"768\" height=\"1024\" data-wp-class--hide=\"state.isContentHidden\" data-wp-class--show=\"state.isContentVisible\" data-wp-init=\"callbacks.setButtonStyles\" data-wp-on--click=\"actions.showLightbox\" data-wp-on--load=\"callbacks.setButtonStyles\" data-wp-on-window--resize=\"callbacks.setButtonStyles\" data-id=\"3880\" src=\"https:\/\/zsozarow.pl\/wp-content\/uploads\/2025\/03\/ulotka--768x1024.jpeg\" alt=\"\" class=\"wp-image-3880\" srcset=\"https:\/\/zsozarow.pl\/wp-content\/uploads\/2025\/03\/ulotka--768x1024.jpeg 768w, https:\/\/zsozarow.pl\/wp-content\/uploads\/2025\/03\/ulotka--225x300.jpeg 225w, https:\/\/zsozarow.pl\/wp-content\/uploads\/2025\/03\/ulotka--1152x1536.jpeg 1152w, https:\/\/zsozarow.pl\/wp-content\/uploads\/2025\/03\/ulotka--1536x2048.jpeg 1536w, https:\/\/zsozarow.pl\/wp-content\/uploads\/2025\/03\/ulotka--scaled.jpeg 1920w\" sizes=\"(max-width: 768px) 100vw, 768px\" \/><button\n\t\t\tclass=\"lightbox-trigger\"\n\t\t\ttype=\"button\"\n\t\t\taria-haspopup=\"dialog\"\n\t\t\taria-label=\"Powi\u0119ksz\"\n\t\t\tdata-wp-init=\"callbacks.initTriggerButton\"\n\t\t\tdata-wp-on--click=\"actions.showLightbox\"\n\t\t\tdata-wp-style--right=\"state.imageButtonRight\"\n\t\t\tdata-wp-style--top=\"state.imageButtonTop\"\n\t\t>\n\t\t\t<svg xmlns=\"http:\/\/www.w3.org\/2000\/svg\" width=\"12\" height=\"12\" fill=\"none\" viewBox=\"0 0 12 12\">\n\t\t\t\t<path fill=\"#fff\" d=\"M2 0a2 2 0 0 0-2 2v2h1.5V2a.5.5 0 0 1 .5-.5h2V0H2Zm2 10.5H2a.5.5 0 0 1-.5-.5V8H0v2a2 2 0 0 0 2 2h2v-1.5ZM8 12v-1.5h2a.5.5 0 0 0 .5-.5V8H12v2a2 2 0 0 1-2 2H8Zm2-12a2 2 0 0 1 2 2v2h-1.5V2a.5.5 0 0 0-.5-.5H8V0h2Z\" \/>\n\t\t\t<\/svg>\n\t\t<\/button><\/figure>\n\n\n\n<figure data-wp-context=\"{&quot;imageId&quot;:&quot;6a0892fd96381&quot;}\" data-wp-interactive=\"core\/image\" data-wp-key=\"6a0892fd96381\" class=\"wp-block-image size-large wp-lightbox-container\"><img decoding=\"async\" width=\"932\" height=\"1024\" data-wp-class--hide=\"state.isContentHidden\" data-wp-class--show=\"state.isContentVisible\" data-wp-init=\"callbacks.setButtonStyles\" data-wp-on--click=\"actions.showLightbox\" data-wp-on--load=\"callbacks.setButtonStyles\" data-wp-on-window--resize=\"callbacks.setButtonStyles\" data-id=\"3207\" src=\"https:\/\/zsozarow.pl\/wp-content\/uploads\/2025\/03\/483871563_1195950629208485_8470613622128126850_n-932x1024.jpg\" alt=\"\" class=\"wp-image-3207\" srcset=\"https:\/\/zsozarow.pl\/wp-content\/uploads\/2025\/03\/483871563_1195950629208485_8470613622128126850_n-932x1024.jpg 932w, https:\/\/zsozarow.pl\/wp-content\/uploads\/2025\/03\/483871563_1195950629208485_8470613622128126850_n-273x300.jpg 273w, https:\/\/zsozarow.pl\/wp-content\/uploads\/2025\/03\/483871563_1195950629208485_8470613622128126850_n-768x844.jpg 768w, https:\/\/zsozarow.pl\/wp-content\/uploads\/2025\/03\/483871563_1195950629208485_8470613622128126850_n-1398x1536.jpg 1398w, https:\/\/zsozarow.pl\/wp-content\/uploads\/2025\/03\/483871563_1195950629208485_8470613622128126850_n.jpg 1864w\" sizes=\"(max-width: 932px) 100vw, 932px\" \/><button\n\t\t\tclass=\"lightbox-trigger\"\n\t\t\ttype=\"button\"\n\t\t\taria-haspopup=\"dialog\"\n\t\t\taria-label=\"Powi\u0119ksz\"\n\t\t\tdata-wp-init=\"callbacks.initTriggerButton\"\n\t\t\tdata-wp-on--click=\"actions.showLightbox\"\n\t\t\tdata-wp-style--right=\"state.imageButtonRight\"\n\t\t\tdata-wp-style--top=\"state.imageButtonTop\"\n\t\t>\n\t\t\t<svg xmlns=\"http:\/\/www.w3.org\/2000\/svg\" width=\"12\" height=\"12\" fill=\"none\" viewBox=\"0 0 12 12\">\n\t\t\t\t<path fill=\"#fff\" d=\"M2 0a2 2 0 0 0-2 2v2h1.5V2a.5.5 0 0 1 .5-.5h2V0H2Zm2 10.5H2a.5.5 0 0 1-.5-.5V8H0v2a2 2 0 0 0 2 2h2v-1.5ZM8 12v-1.5h2a.5.5 0 0 0 .5-.5V8H12v2a2 2 0 0 1-2 2H8Zm2-12a2 2 0 0 1 2 2v2h-1.5V2a.5.5 0 0 0-.5-.5H8V0h2Z\" \/>\n\t\t\t<\/svg>\n\t\t<\/button><\/figure>\n\n\n\n<figure data-wp-context=\"{&quot;imageId&quot;:&quot;6a0892fd967f1&quot;}\" data-wp-interactive=\"core\/image\" data-wp-key=\"6a0892fd967f1\" class=\"wp-block-image size-large wp-lightbox-container\"><img loading=\"lazy\" decoding=\"async\" width=\"768\" height=\"1024\" data-wp-class--hide=\"state.isContentHidden\" data-wp-class--show=\"state.isContentVisible\" data-wp-init=\"callbacks.setButtonStyles\" data-wp-on--click=\"actions.showLightbox\" data-wp-on--load=\"callbacks.setButtonStyles\" data-wp-on-window--resize=\"callbacks.setButtonStyles\" data-id=\"3206\" src=\"https:\/\/zsozarow.pl\/wp-content\/uploads\/2025\/03\/483528288_1195950799208468_3492885644649126213_n-768x1024.jpg\" alt=\"\" class=\"wp-image-3206\" srcset=\"https:\/\/zsozarow.pl\/wp-content\/uploads\/2025\/03\/483528288_1195950799208468_3492885644649126213_n-768x1024.jpg 768w, https:\/\/zsozarow.pl\/wp-content\/uploads\/2025\/03\/483528288_1195950799208468_3492885644649126213_n-225x300.jpg 225w, https:\/\/zsozarow.pl\/wp-content\/uploads\/2025\/03\/483528288_1195950799208468_3492885644649126213_n-1152x1536.jpg 1152w, https:\/\/zsozarow.pl\/wp-content\/uploads\/2025\/03\/483528288_1195950799208468_3492885644649126213_n.jpg 1536w\" sizes=\"(max-width: 768px) 100vw, 768px\" \/><button\n\t\t\tclass=\"lightbox-trigger\"\n\t\t\ttype=\"button\"\n\t\t\taria-haspopup=\"dialog\"\n\t\t\taria-label=\"Powi\u0119ksz\"\n\t\t\tdata-wp-init=\"callbacks.initTriggerButton\"\n\t\t\tdata-wp-on--click=\"actions.showLightbox\"\n\t\t\tdata-wp-style--right=\"state.imageButtonRight\"\n\t\t\tdata-wp-style--top=\"state.imageButtonTop\"\n\t\t>\n\t\t\t<svg xmlns=\"http:\/\/www.w3.org\/2000\/svg\" width=\"12\" height=\"12\" fill=\"none\" viewBox=\"0 0 12 12\">\n\t\t\t\t<path fill=\"#fff\" d=\"M2 0a2 2 0 0 0-2 2v2h1.5V2a.5.5 0 0 1 .5-.5h2V0H2Zm2 10.5H2a.5.5 0 0 1-.5-.5V8H0v2a2 2 0 0 0 2 2h2v-1.5ZM8 12v-1.5h2a.5.5 0 0 0 .5-.5V8H12v2a2 2 0 0 1-2 2H8Zm2-12a2 2 0 0 1 2 2v2h-1.5V2a.5.5 0 0 0-.5-.5H8V0h2Z\" \/>\n\t\t\t<\/svg>\n\t\t<\/button><\/figure>\n\n\n\n<figure data-wp-context=\"{&quot;imageId&quot;:&quot;6a0892fd96ca9&quot;}\" data-wp-interactive=\"core\/image\" data-wp-key=\"6a0892fd96ca9\" class=\"wp-block-image size-large wp-lightbox-container\"><img loading=\"lazy\" decoding=\"async\" width=\"768\" height=\"1024\" data-wp-class--hide=\"state.isContentHidden\" data-wp-class--show=\"state.isContentVisible\" data-wp-init=\"callbacks.setButtonStyles\" data-wp-on--click=\"actions.showLightbox\" data-wp-on--load=\"callbacks.setButtonStyles\" data-wp-on-window--resize=\"callbacks.setButtonStyles\" data-id=\"1548\" src=\"https:\/\/zsozarow.pl\/wp-content\/uploads\/2023\/03\/330396206_860513448369066_2906313664012415964_n-768x1024.jpg\" alt=\"\" class=\"wp-image-1548\" srcset=\"https:\/\/zsozarow.pl\/wp-content\/uploads\/2023\/03\/330396206_860513448369066_2906313664012415964_n-768x1024.jpg 768w, https:\/\/zsozarow.pl\/wp-content\/uploads\/2023\/03\/330396206_860513448369066_2906313664012415964_n-225x300.jpg 225w, https:\/\/zsozarow.pl\/wp-content\/uploads\/2023\/03\/330396206_860513448369066_2906313664012415964_n-1152x1536.jpg 1152w, https:\/\/zsozarow.pl\/wp-content\/uploads\/2023\/03\/330396206_860513448369066_2906313664012415964_n.jpg 1301w\" sizes=\"(max-width: 768px) 100vw, 768px\" \/><button\n\t\t\tclass=\"lightbox-trigger\"\n\t\t\ttype=\"button\"\n\t\t\taria-haspopup=\"dialog\"\n\t\t\taria-label=\"Powi\u0119ksz\"\n\t\t\tdata-wp-init=\"callbacks.initTriggerButton\"\n\t\t\tdata-wp-on--click=\"actions.showLightbox\"\n\t\t\tdata-wp-style--right=\"state.imageButtonRight\"\n\t\t\tdata-wp-style--top=\"state.imageButtonTop\"\n\t\t>\n\t\t\t<svg xmlns=\"http:\/\/www.w3.org\/2000\/svg\" width=\"12\" height=\"12\" fill=\"none\" viewBox=\"0 0 12 12\">\n\t\t\t\t<path fill=\"#fff\" d=\"M2 0a2 2 0 0 0-2 2v2h1.5V2a.5.5 0 0 1 .5-.5h2V0H2Zm2 10.5H2a.5.5 0 0 1-.5-.5V8H0v2a2 2 0 0 0 2 2h2v-1.5ZM8 12v-1.5h2a.5.5 0 0 0 .5-.5V8H12v2a2 2 0 0 1-2 2H8Zm2-12a2 2 0 0 1 2 2v2h-1.5V2a.5.5 0 0 0-.5-.5H8V0h2Z\" \/>\n\t\t\t<\/svg>\n\t\t<\/button><\/figure>\n\n\n\n<figure data-wp-context=\"{&quot;imageId&quot;:&quot;6a0892fd9710c&quot;}\" data-wp-interactive=\"core\/image\" data-wp-key=\"6a0892fd9710c\" class=\"wp-block-image size-large wp-lightbox-container\"><img loading=\"lazy\" decoding=\"async\" width=\"768\" height=\"1024\" data-wp-class--hide=\"state.isContentHidden\" data-wp-class--show=\"state.isContentVisible\" data-wp-init=\"callbacks.setButtonStyles\" data-wp-on--click=\"actions.showLightbox\" data-wp-on--load=\"callbacks.setButtonStyles\" data-wp-on-window--resize=\"callbacks.setButtonStyles\" data-id=\"1549\" src=\"https:\/\/zsozarow.pl\/wp-content\/uploads\/2023\/03\/334532214_1587537998337147_3428098913459400293_n-768x1024.jpg\" alt=\"\" class=\"wp-image-1549\" srcset=\"https:\/\/zsozarow.pl\/wp-content\/uploads\/2023\/03\/334532214_1587537998337147_3428098913459400293_n-768x1024.jpg 768w, https:\/\/zsozarow.pl\/wp-content\/uploads\/2023\/03\/334532214_1587537998337147_3428098913459400293_n-225x300.jpg 225w, https:\/\/zsozarow.pl\/wp-content\/uploads\/2023\/03\/334532214_1587537998337147_3428098913459400293_n-1152x1536.jpg 1152w, https:\/\/zsozarow.pl\/wp-content\/uploads\/2023\/03\/334532214_1587537998337147_3428098913459400293_n.jpg 1301w\" sizes=\"(max-width: 768px) 100vw, 768px\" \/><button\n\t\t\tclass=\"lightbox-trigger\"\n\t\t\ttype=\"button\"\n\t\t\taria-haspopup=\"dialog\"\n\t\t\taria-label=\"Powi\u0119ksz\"\n\t\t\tdata-wp-init=\"callbacks.initTriggerButton\"\n\t\t\tdata-wp-on--click=\"actions.showLightbox\"\n\t\t\tdata-wp-style--right=\"state.imageButtonRight\"\n\t\t\tdata-wp-style--top=\"state.imageButtonTop\"\n\t\t>\n\t\t\t<svg xmlns=\"http:\/\/www.w3.org\/2000\/svg\" width=\"12\" height=\"12\" fill=\"none\" viewBox=\"0 0 12 12\">\n\t\t\t\t<path fill=\"#fff\" d=\"M2 0a2 2 0 0 0-2 2v2h1.5V2a.5.5 0 0 1 .5-.5h2V0H2Zm2 10.5H2a.5.5 0 0 1-.5-.5V8H0v2a2 2 0 0 0 2 2h2v-1.5ZM8 12v-1.5h2a.5.5 0 0 0 .5-.5V8H12v2a2 2 0 0 1-2 2H8Zm2-12a2 2 0 0 1 2 2v2h-1.5V2a.5.5 0 0 0-.5-.5H8V0h2Z\" \/>\n\t\t\t<\/svg>\n\t\t<\/button><\/figure>\n\n\n\n<figure class=\"wp-block-image size-large\"><img loading=\"lazy\" decoding=\"async\" width=\"1024\" height=\"683\" data-id=\"3944\" src=\"https:\/\/zsozarow.pl\/wp-content\/uploads\/2025\/03\/IMG_9240-1024x683.jpg\" alt=\"\" class=\"wp-image-3944\" srcset=\"https:\/\/zsozarow.pl\/wp-content\/uploads\/2025\/03\/IMG_9240-1024x683.jpg 1024w, https:\/\/zsozarow.pl\/wp-content\/uploads\/2025\/03\/IMG_9240-300x200.jpg 300w, https:\/\/zsozarow.pl\/wp-content\/uploads\/2025\/03\/IMG_9240-768x512.jpg 768w, https:\/\/zsozarow.pl\/wp-content\/uploads\/2025\/03\/IMG_9240-1536x1024.jpg 1536w, https:\/\/zsozarow.pl\/wp-content\/uploads\/2025\/03\/IMG_9240-2048x1365.jpg 2048w\" sizes=\"(max-width: 1024px) 100vw, 1024px\" \/><\/figure>\n<\/figure>\n","protected":false},"excerpt":{"rendered":"<p>LICEUM OG\u00d3LNOKSZTA\u0141C\u0104CE PROFIL WIZA\u017b I KOSMETOLOGIA Czy marzysz o karierze w \u015bwiecie beauty? Chcesz rozwija\u0107 swoje umiej\u0119tno\u015bci w makija\u017cu i kosmetologii? Nauka w tej klasie odbywa si\u0119 we wsp\u00f3\u0142pracy z Lubelskim Uniwersytetem Medycznym i Uniwersytetem Jana Kochanowskiego w Kielcach. Uczniowie zdobywaj\u0105 wiedz\u0119 na temat przeprowadzania profesjonalnych zabieg\u00f3w z zakresu kosmetyki piel\u0119gnacyjnej i leczniczej z wykorzystaniem [&hellip;]<\/p>\n","protected":false},"author":1,"featured_media":0,"parent":0,"menu_order":0,"comment_status":"closed","ping_status":"closed","template":"","meta":{"footnotes":""},"class_list":["post-3856","page","type-page","status-publish","hentry"],"_links":{"self":[{"href":"https:\/\/zsozarow.pl\/index.php?rest_route=\/wp\/v2\/pages\/3856","targetHints":{"allow":["GET"]}}],"collection":[{"href":"https:\/\/zsozarow.pl\/index.php?rest_route=\/wp\/v2\/pages"}],"about":[{"href":"https:\/\/zsozarow.pl\/index.php?rest_route=\/wp\/v2\/types\/page"}],"author":[{"embeddable":true,"href":"https:\/\/zsozarow.pl\/index.php?rest_route=\/wp\/v2\/users\/1"}],"replies":[{"embeddable":true,"href":"https:\/\/zsozarow.pl\/index.php?rest_route=%2Fwp%2Fv2%2Fcomments&post=3856"}],"version-history":[{"count":6,"href":"https:\/\/zsozarow.pl\/index.php?rest_route=\/wp\/v2\/pages\/3856\/revisions"}],"predecessor-version":[{"id":3948,"href":"https:\/\/zsozarow.pl\/index.php?rest_route=\/wp\/v2\/pages\/3856\/revisions\/3948"}],"wp:attachment":[{"href":"https:\/\/zsozarow.pl\/index.php?rest_route=%2Fwp%2Fv2%2Fmedia&parent=3856"}],"curies":[{"name":"wp","href":"https:\/\/api.w.org\/{rel}","templated":true}]}}