{"id":4064,"date":"2025-03-31T12:42:50","date_gmt":"2025-03-31T10:42:50","guid":{"rendered":"https:\/\/zsozarow.pl\/?page_id=4064"},"modified":"2025-03-31T12:42:50","modified_gmt":"2025-03-31T10:42:50","slug":"szkola-policealna-opiekun-medyczny","status":"publish","type":"page","link":"https:\/\/zsozarow.pl\/?page_id=4064","title":{"rendered":"SZKO\u0141A POLICEALNA &#8211; OPIEKUN MEDYCZNY"},"content":{"rendered":"\n<p><a><\/a> <strong>SZKO\u0141A POLICEALNA &#8211; OPIEKUN MEDYCZNY \u2013 532102<\/strong><\/p>\n\n\n\n<p><strong>Kwalifikacja: MED.14. \u015awiadczenie us\u0142ug medyczno &#8211; piel\u0119gnacyjnych osobie chorej i niesamodzielnej.<\/strong><\/p>\n\n\n\n<p>Kszta\u0142cenie prowadzone w formie stacjonarnej \u2013 3 &#8211; 4 dni w tygodniu ( weekend i w dni robocze po po\u0142udniu). Nauka trwa -1,5 roku.<\/p>\n\n\n\n<p>Podbudowa: szko\u0142a daj\u0105ca wykszta\u0142cenie \u015brednie ( nie jest wymagana matura).<\/p>\n\n\n\n<p>Brak przeciwwskaza\u0144 zdrowotnych do nauki w w\/w zawodzie.<\/p>\n\n\n\n<p>Nauka w szkole jest bezp\u0142atna.<\/p>\n","protected":false},"excerpt":{"rendered":"<p>SZKO\u0141A POLICEALNA &#8211; OPIEKUN MEDYCZNY \u2013 532102 Kwalifikacja: MED.14. \u015awiadczenie us\u0142ug medyczno &#8211; piel\u0119gnacyjnych osobie chorej i niesamodzielnej. Kszta\u0142cenie prowadzone w formie stacjonarnej \u2013 3 &#8211; 4 dni w tygodniu ( weekend i w dni robocze po po\u0142udniu). Nauka trwa -1,5 roku. Podbudowa: szko\u0142a daj\u0105ca wykszta\u0142cenie \u015brednie ( nie jest wymagana matura). Brak przeciwwskaza\u0144 zdrowotnych [&hellip;]<\/p>\n","protected":false},"author":1,"featured_media":0,"parent":0,"menu_order":0,"comment_status":"closed","ping_status":"closed","template":"","meta":{"footnotes":""},"class_list":["post-4064","page","type-page","status-publish","hentry"],"_links":{"self":[{"href":"https:\/\/zsozarow.pl\/index.php?rest_route=\/wp\/v2\/pages\/4064","targetHints":{"allow":["GET"]}}],"collection":[{"href":"https:\/\/zsozarow.pl\/index.php?rest_route=\/wp\/v2\/pages"}],"about":[{"href":"https:\/\/zsozarow.pl\/index.php?rest_route=\/wp\/v2\/types\/page"}],"author":[{"embeddable":true,"href":"https:\/\/zsozarow.pl\/index.php?rest_route=\/wp\/v2\/users\/1"}],"replies":[{"embeddable":true,"href":"https:\/\/zsozarow.pl\/index.php?rest_route=%2Fwp%2Fv2%2Fcomments&post=4064"}],"version-history":[{"count":1,"href":"https:\/\/zsozarow.pl\/index.php?rest_route=\/wp\/v2\/pages\/4064\/revisions"}],"predecessor-version":[{"id":4065,"href":"https:\/\/zsozarow.pl\/index.php?rest_route=\/wp\/v2\/pages\/4064\/revisions\/4065"}],"wp:attachment":[{"href":"https:\/\/zsozarow.pl\/index.php?rest_route=%2Fwp%2Fv2%2Fmedia&parent=4064"}],"curies":[{"name":"wp","href":"https:\/\/api.w.org\/{rel}","templated":true}]}}