{"id":4101,"date":"2025-04-03T07:58:34","date_gmt":"2025-04-03T05:58:34","guid":{"rendered":"https:\/\/zsozarow.pl\/?page_id=4101"},"modified":"2025-04-07T07:49:28","modified_gmt":"2025-04-07T05:49:28","slug":"rozklady-autobusow","status":"publish","type":"page","link":"https:\/\/zsozarow.pl\/?page_id=4101","title":{"rendered":"Rozk\u0142ady autobus\u00f3w."},"content":{"rendered":"\n<div class=\"wp-block-file\"><a id=\"wp-block-file--media-8b49ea55-4ada-437a-b7ce-6582309503c4\" href=\"https:\/\/zsozarow.pl\/wp-content\/uploads\/2025\/04\/Rozklad-jazdy-linia-Ozarow-Annopol-Annopol-Ozarow.pdf\">Rozk\u0142ad jazdy linia &#8211;  O\u017car\u00f3w &#8211; Annopol, Annopol &#8211; O\u017car\u00f3w<\/a><a href=\"https:\/\/zsozarow.pl\/wp-content\/uploads\/2025\/04\/Rozklad-jazdy-linia-Ozarow-Annopol-Annopol-Ozarow.pdf\" class=\"wp-block-file__button wp-element-button\" download aria-describedby=\"wp-block-file--media-8b49ea55-4ada-437a-b7ce-6582309503c4\">Pobierz<\/a><\/div>\n\n\n\n<div class=\"wp-block-file\"><a id=\"wp-block-file--media-6db05956-c5c7-4782-8bf8-a60608126f6c\" href=\"https:\/\/zsozarow.pl\/wp-content\/uploads\/2025\/04\/Rozklad-jazdy-linia-Czekarzewice-II-Maruszow-przez-Ozarow-Zawada.pdf\">Rozk\u0142ad jazdy linia &#8211; Czekarzewice II &#8211; Marusz\u00f3w przez O\u017car\u00f3w, Zawada<\/a><a href=\"https:\/\/zsozarow.pl\/wp-content\/uploads\/2025\/04\/Rozklad-jazdy-linia-Czekarzewice-II-Maruszow-przez-Ozarow-Zawada.pdf\" class=\"wp-block-file__button wp-element-button\" download aria-describedby=\"wp-block-file--media-6db05956-c5c7-4782-8bf8-a60608126f6c\">Pobierz<\/a><\/div>\n\n\n\n<div class=\"wp-block-file\"><a id=\"wp-block-file--media-3996386c-7dd5-4de4-af2d-148c28cd3be9\" href=\"https:\/\/zsozarow.pl\/wp-content\/uploads\/2025\/04\/Rozklad-jazdy-linia-Czekarzewice-Drugie-Lipsko-przez-Kostusin.pdf\">Rozk\u0142ad jazdy linia Czekarzewice Drugie &#8211; Lipsko przez Kostusin<\/a><a href=\"https:\/\/zsozarow.pl\/wp-content\/uploads\/2025\/04\/Rozklad-jazdy-linia-Czekarzewice-Drugie-Lipsko-przez-Kostusin.pdf\" class=\"wp-block-file__button wp-element-button\" download aria-describedby=\"wp-block-file--media-3996386c-7dd5-4de4-af2d-148c28cd3be9\">Pobierz<\/a><\/div>\n\n\n\n<div class=\"wp-block-file\"><a id=\"wp-block-file--media-8ac35716-926c-42c5-b62d-287c88f759b4\" href=\"https:\/\/zsozarow.pl\/wp-content\/uploads\/2025\/04\/Rozklad-jazdy-linia-Maruszow-Annopol-Annopol-Maruszow.pdf\">Rozk\u0142ad jazdy linia Marusz\u00f3w &#8211; Annopol, Annopol &#8211; Marusz\u00f3w<\/a><a href=\"https:\/\/zsozarow.pl\/wp-content\/uploads\/2025\/04\/Rozklad-jazdy-linia-Maruszow-Annopol-Annopol-Maruszow.pdf\" class=\"wp-block-file__button wp-element-button\" download aria-describedby=\"wp-block-file--media-8ac35716-926c-42c5-b62d-287c88f759b4\">Pobierz<\/a><\/div>\n\n\n\n<div class=\"wp-block-file\"><a id=\"wp-block-file--media-9677cfd1-e8e1-4ebd-957a-7a58922087fc\" href=\"https:\/\/zsozarow.pl\/wp-content\/uploads\/2025\/04\/Rozklad-jazdy-linia-Maruszow-Opatow-przez-Ozarow-Bidziny.pdf\">Rozk\u0142ad jazdy linia Marusz\u00f3w &#8211; Opat\u00f3w przez O\u017car\u00f3w, Bidziny<\/a><a href=\"https:\/\/zsozarow.pl\/wp-content\/uploads\/2025\/04\/Rozklad-jazdy-linia-Maruszow-Opatow-przez-Ozarow-Bidziny.pdf\" class=\"wp-block-file__button wp-element-button\" download aria-describedby=\"wp-block-file--media-9677cfd1-e8e1-4ebd-957a-7a58922087fc\">Pobierz<\/a><\/div>\n\n\n\n<div class=\"wp-block-file\"><a id=\"wp-block-file--media-90af2198-f0e2-4806-bdf1-beb51e02f9ad\" href=\"https:\/\/zsozarow.pl\/wp-content\/uploads\/2025\/04\/Rozklad-jazdy-linia-Opatow-Bidziny-przez-Gierczyce-Sadlowice.pdf\">Rozk\u0142ad jazdy linia Opat\u00f3w &#8211; Bidziny przez Gierczyce, Sad\u0142owice<\/a><a href=\"https:\/\/zsozarow.pl\/wp-content\/uploads\/2025\/04\/Rozklad-jazdy-linia-Opatow-Bidziny-przez-Gierczyce-Sadlowice.pdf\" class=\"wp-block-file__button wp-element-button\" download aria-describedby=\"wp-block-file--media-90af2198-f0e2-4806-bdf1-beb51e02f9ad\">Pobierz<\/a><\/div>\n\n\n\n<div class=\"wp-block-file\"><a id=\"wp-block-file--media-850bbf74-0bea-44b1-8124-54cc92b98654\" href=\"https:\/\/zsozarow.pl\/wp-content\/uploads\/2025\/04\/Rozklad-jazdy-linia-Opatow-Ozarow-przez-Bidziny.pdf\">Rozk\u0142ad jazdy linia Opat\u00f3w &#8211; O\u017car\u00f3w przez Bidziny<\/a><a href=\"https:\/\/zsozarow.pl\/wp-content\/uploads\/2025\/04\/Rozklad-jazdy-linia-Opatow-Ozarow-przez-Bidziny.pdf\" class=\"wp-block-file__button wp-element-button\" download aria-describedby=\"wp-block-file--media-850bbf74-0bea-44b1-8124-54cc92b98654\">Pobierz<\/a><\/div>\n\n\n\n<div class=\"wp-block-file\"><a id=\"wp-block-file--media-45e61a55-a9ba-44df-9b63-90d9ffd2ce9e\" href=\"https:\/\/zsozarow.pl\/wp-content\/uploads\/2025\/04\/Rozklad-jazdy-linia-Opatow-Tarlow-przez-Ozarow.pdf\">Rozk\u0142ad jazdy linia Opat\u00f3w &#8211; Tar\u0142\u00f3w przez O\u017car\u00f3w<\/a><a href=\"https:\/\/zsozarow.pl\/wp-content\/uploads\/2025\/04\/Rozklad-jazdy-linia-Opatow-Tarlow-przez-Ozarow.pdf\" class=\"wp-block-file__button wp-element-button\" download aria-describedby=\"wp-block-file--media-45e61a55-a9ba-44df-9b63-90d9ffd2ce9e\">Pobierz<\/a><\/div>\n\n\n\n<div class=\"wp-block-file\"><a id=\"wp-block-file--media-820b5d39-3cb8-4346-93b9-facabd3c8503\" href=\"https:\/\/zsozarow.pl\/wp-content\/uploads\/2025\/04\/Rozklad-jazdy-linia-Opatow-Ozarow-przez-Wlonice.pdf\">Rozk\u0142ad jazdy linia Opat\u00f3w &#8211; O\u017car\u00f3w przez Wlonice<\/a><a href=\"https:\/\/zsozarow.pl\/wp-content\/uploads\/2025\/04\/Rozklad-jazdy-linia-Opatow-Ozarow-przez-Wlonice.pdf\" class=\"wp-block-file__button wp-element-button\" download aria-describedby=\"wp-block-file--media-820b5d39-3cb8-4346-93b9-facabd3c8503\">Pobierz<\/a><\/div>\n\n\n\n<div class=\"wp-block-file\"><a id=\"wp-block-file--media-4f5342c6-545a-4b58-b26c-922a21fcca3a\" href=\"https:\/\/zsozarow.pl\/wp-content\/uploads\/2025\/04\/Rozklad-jazdy-linia-Opatow-Ostrowiec-Ozarow-Opatow.pdf\">Rozk\u0142ad jazdy linia Opat\u00f3w- Ostrowiec, O\u017car\u00f3w &#8211; Opat\u00f3w<\/a><a href=\"https:\/\/zsozarow.pl\/wp-content\/uploads\/2025\/04\/Rozklad-jazdy-linia-Opatow-Ostrowiec-Ozarow-Opatow.pdf\" class=\"wp-block-file__button wp-element-button\" download aria-describedby=\"wp-block-file--media-4f5342c6-545a-4b58-b26c-922a21fcca3a\">Pobierz<\/a><\/div>\n\n\n\n<div class=\"wp-block-file\"><a id=\"wp-block-file--media-6a49c844-e6c2-49f4-b355-82d025fe02ca\" href=\"https:\/\/zsozarow.pl\/wp-content\/uploads\/2025\/04\/Rozklad-jazdy-linia-Ozarow-Czekarzewice-II-przez-Tarlow-Potoczek.pdf\">Rozk\u0142ad jazdy linia O\u017car\u00f3w &#8211; Czekarzewice II przez Tar\u0142\u00f3w, Potoczek<\/a><a href=\"https:\/\/zsozarow.pl\/wp-content\/uploads\/2025\/04\/Rozklad-jazdy-linia-Ozarow-Czekarzewice-II-przez-Tarlow-Potoczek.pdf\" class=\"wp-block-file__button wp-element-button\" download aria-describedby=\"wp-block-file--media-6a49c844-e6c2-49f4-b355-82d025fe02ca\">Pobierz<\/a><\/div>\n\n\n\n<div class=\"wp-block-file\"><a id=\"wp-block-file--media-c98d42db-7fe7-460a-975a-ee58e38ad5a3\" href=\"https:\/\/zsozarow.pl\/wp-content\/uploads\/2025\/04\/Rozklad-jazdy-linia-Ozarow-Ozarow-przez-Czachow-Debno.pdf\">Rozk\u0142ad jazdy linia O\u017car\u00f3w &#8211; O\u017car\u00f3w przez Czach\u00f3w, D\u0119bno<\/a><a href=\"https:\/\/zsozarow.pl\/wp-content\/uploads\/2025\/04\/Rozklad-jazdy-linia-Ozarow-Ozarow-przez-Czachow-Debno.pdf\" class=\"wp-block-file__button wp-element-button\" download aria-describedby=\"wp-block-file--media-c98d42db-7fe7-460a-975a-ee58e38ad5a3\">Pobierz<\/a><\/div>\n\n\n\n<div class=\"wp-block-file\"><a id=\"wp-block-file--media-ffef892c-9a72-4478-9b66-afe80f8febec\" href=\"https:\/\/zsozarow.pl\/wp-content\/uploads\/2025\/04\/Rozklad-jazdy-linia-Ozarow-Ozarow-przez-Julianow-Leopoldow-Gliniany.pdf\">Rozk\u0142ad jazdy linia O\u017car\u00f3w &#8211; O\u017car\u00f3w przez Julian\u00f3w, Leopold\u00f3w, Gliniany<\/a><a href=\"https:\/\/zsozarow.pl\/wp-content\/uploads\/2025\/04\/Rozklad-jazdy-linia-Ozarow-Ozarow-przez-Julianow-Leopoldow-Gliniany.pdf\" class=\"wp-block-file__button wp-element-button\" download aria-describedby=\"wp-block-file--media-ffef892c-9a72-4478-9b66-afe80f8febec\">Pobierz<\/a><\/div>\n\n\n\n<div class=\"wp-block-file\"><a id=\"wp-block-file--media-09ea6cb2-932a-4ab6-8672-01758ad681b6\" href=\"https:\/\/zsozarow.pl\/wp-content\/uploads\/2025\/04\/Rozklad-jazdy-linia-Ozarow-Ozarow-przez-Nowe-Slupia-Nadbrzezna.pdf\">Rozk\u0142ad jazdy linia O\u017car\u00f3w &#8211; O\u017car\u00f3w przez Nowe, S\u0142upia Nadbrze\u017cna<\/a><a href=\"https:\/\/zsozarow.pl\/wp-content\/uploads\/2025\/04\/Rozklad-jazdy-linia-Ozarow-Ozarow-przez-Nowe-Slupia-Nadbrzezna.pdf\" class=\"wp-block-file__button wp-element-button\" download aria-describedby=\"wp-block-file--media-09ea6cb2-932a-4ab6-8672-01758ad681b6\">Pobierz<\/a><\/div>\n\n\n\n<div class=\"wp-block-file\"><a id=\"wp-block-file--media-c8a8230a-7440-4002-9a60-e7564573defe\" href=\"https:\/\/zsozarow.pl\/wp-content\/uploads\/2025\/04\/Rozklad-jazdy-linia-Ozarow-Ozarow-przez-Tarlow-Ciszyce.pdf\">Rozk\u0142ad jazdy linia O\u017car\u00f3w &#8211; O\u017car\u00f3w przez Tar\u0142\u00f3w, Ciszyc\u0119<\/a><a href=\"https:\/\/zsozarow.pl\/wp-content\/uploads\/2025\/04\/Rozklad-jazdy-linia-Ozarow-Ozarow-przez-Tarlow-Ciszyce.pdf\" class=\"wp-block-file__button wp-element-button\" download aria-describedby=\"wp-block-file--media-c8a8230a-7440-4002-9a60-e7564573defe\">Pobierz<\/a><\/div>\n\n\n\n<div class=\"wp-block-file\"><a id=\"wp-block-file--media-de3bc24d-a24f-442e-a04d-ce08cd99ffe5\" href=\"https:\/\/zsozarow.pl\/wp-content\/uploads\/2025\/04\/Rozklad-jazdy-linia-Ozarow-Tarlow-przez-Kozlowek.pdf\">Rozk\u0142ad jazdy linia O\u017car\u00f3w &#8211; Tar\u0142\u00f3w przez Koz\u0142\u00f3wek<\/a><a href=\"https:\/\/zsozarow.pl\/wp-content\/uploads\/2025\/04\/Rozklad-jazdy-linia-Ozarow-Tarlow-przez-Kozlowek.pdf\" class=\"wp-block-file__button wp-element-button\" download aria-describedby=\"wp-block-file--media-de3bc24d-a24f-442e-a04d-ce08cd99ffe5\">Pobierz<\/a><\/div>\n\n\n\n<div class=\"wp-block-file\"><a id=\"wp-block-file--media-2569fbcb-f1eb-4baf-a022-b83dbda98df6\" href=\"https:\/\/zsozarow.pl\/wp-content\/uploads\/2025\/04\/Rozklad-jazdy-linia-Sandomierz-Ozarow-Ozarow-Sandomierz.pdf\">Rozk\u0142ad jazdy linia Sandomierz &#8211; O\u017car\u00f3w, O\u017car\u00f3w &#8211; Sandomierz<\/a><a href=\"https:\/\/zsozarow.pl\/wp-content\/uploads\/2025\/04\/Rozklad-jazdy-linia-Sandomierz-Ozarow-Ozarow-Sandomierz.pdf\" class=\"wp-block-file__button wp-element-button\" download aria-describedby=\"wp-block-file--media-2569fbcb-f1eb-4baf-a022-b83dbda98df6\">Pobierz<\/a><\/div>\n\n\n\n<div class=\"wp-block-file\"><a id=\"wp-block-file--media-5030638e-c9a4-43ad-892c-76c87cde5fdb\" href=\"https:\/\/zsozarow.pl\/wp-content\/uploads\/2025\/04\/Rozklad-jazdy-Ozarow-Zawichost-Zawichost-Ozarow-1.docx\">Rozk\u0142ad jazdy O\u017car\u00f3w- Zawichost, Zawichost &#8211; O\u017car\u00f3w (1)<\/a><a href=\"https:\/\/zsozarow.pl\/wp-content\/uploads\/2025\/04\/Rozklad-jazdy-Ozarow-Zawichost-Zawichost-Ozarow-1.docx\" class=\"wp-block-file__button wp-element-button\" download aria-describedby=\"wp-block-file--media-5030638e-c9a4-43ad-892c-76c87cde5fdb\">Pobierz<\/a><\/div>\n","protected":false},"excerpt":{"rendered":"","protected":false},"author":1,"featured_media":0,"parent":0,"menu_order":0,"comment_status":"closed","ping_status":"closed","template":"","meta":{"footnotes":""},"class_list":["post-4101","page","type-page","status-publish","hentry"],"_links":{"self":[{"href":"https:\/\/zsozarow.pl\/index.php?rest_route=\/wp\/v2\/pages\/4101","targetHints":{"allow":["GET"]}}],"collection":[{"href":"https:\/\/zsozarow.pl\/index.php?rest_route=\/wp\/v2\/pages"}],"about":[{"href":"https:\/\/zsozarow.pl\/index.php?rest_route=\/wp\/v2\/types\/page"}],"author":[{"embeddable":true,"href":"https:\/\/zsozarow.pl\/index.php?rest_route=\/wp\/v2\/users\/1"}],"replies":[{"embeddable":true,"href":"https:\/\/zsozarow.pl\/index.php?rest_route=%2Fwp%2Fv2%2Fcomments&post=4101"}],"version-history":[{"count":4,"href":"https:\/\/zsozarow.pl\/index.php?rest_route=\/wp\/v2\/pages\/4101\/revisions"}],"predecessor-version":[{"id":4141,"href":"https:\/\/zsozarow.pl\/index.php?rest_route=\/wp\/v2\/pages\/4101\/revisions\/4141"}],"wp:attachment":[{"href":"https:\/\/zsozarow.pl\/index.php?rest_route=%2Fwp%2Fv2%2Fmedia&parent=4101"}],"curies":[{"name":"wp","href":"https:\/\/api.w.org\/{rel}","templated":true}]}}