{"id":4146,"date":"2025-04-10T07:31:40","date_gmt":"2025-04-10T05:31:40","guid":{"rendered":"https:\/\/zsozarow.pl\/?page_id=4146"},"modified":"2025-04-10T07:31:40","modified_gmt":"2025-04-10T05:31:40","slug":"warsztaty-szkolne","status":"publish","type":"page","link":"https:\/\/zsozarow.pl\/?page_id=4146","title":{"rendered":"Warsztaty Szkolne."},"content":{"rendered":"\n<p><strong>Warsztaty Szkolne w Zespole Szk\u00f3\u0142 w O\u017carowie<\/strong><\/p>\n\n\n\n<p><strong>im. Marii Sk\u0142odowskiej \u2013 Curie<\/strong><\/p>\n\n\n\n<p><strong>Warsztaty szkolne<\/strong> przystosowane s\u0105 do prowadzenia zaj\u0119\u0107 praktycznych w Bran\u017cowej Szkole I Stopnia w zawodach: <strong>\u015blusarz<\/strong> oraz <strong>technik mechatronik i technik spawalnictwa.<\/strong><br>Uczniowie maj\u0105 do dyspozycji pracownie, w kt\u00f3rych mo\u017cna nabywa\u0107 umiej\u0119tno\u015bci z zakresu wykonywania obr\u00f3bki r\u0119cznej, obs\u0142ugi maszyn konwencjonalnych (tokarki, frezarki, wiertarki) i sterowanych numerycznie oraz budowy i eksploatacji urz\u0105dze\u0144 spawalniczych. Poznaj\u0105 narz\u0119dzia stosowane w \u015blusarstwie, ucz\u0105 si\u0119 nimi pos\u0142ugiwa\u0107, naprawia\u0107 je i konserwowa\u0107. Wyposa\u017cenie tych pracowni w pe\u0142ni umo\u017cliwia bezpieczne kszta\u0142cenie uczni\u00f3w, a tak\u017ce przeprowadzenie egzaminu zawodowego.<\/p>\n\n\n\n<p>Zaj\u0119cia praktyczne, kt\u00f3re odbywaj\u0105 si\u0119 na terenie warsztat\u00f3w, umo\u017cliwiaj\u0105 nabycie niezb\u0119dnych umiej\u0119tno\u015bci do wykonywania zada\u0144 w p\u00f3\u017aniejszej pracy zawodowej.<\/p>\n\n\n\n<p>Ponadto uczniowie nabywaj\u0105 umiej\u0119tno\u015bci i wiedz\u0119 z zakresu obs\u0142ugi program\u00f3w komputerowych wspomagaj\u0105cych projektowanie narz\u0119dzi, maszyn i urz\u0105dze\u0144 tj. SolidWorks, AutoCad oraz symulatora do obr\u00f3bki skrawaniem na obrabiarki CNC.<\/p>\n\n\n\n<p>Dodatkowo uczniowie mog\u0105 zapozna\u0107 si\u0119 z obs\u0142ug\u0105 wypalarki laserowej i plotera rysuj\u0105cego &#8211; tn\u0105cego.<\/p>\n\n\n\n<figure class=\"wp-block-gallery has-nested-images columns-default is-cropped wp-block-gallery-1 is-layout-flex wp-block-gallery-is-layout-flex\">\n<figure class=\"wp-block-image size-large\"><a href=\"https:\/\/zsozarow.pl\/wp-content\/uploads\/2025\/03\/5C1A9604-1K-JPEG.jpg\"><img fetchpriority=\"high\" decoding=\"async\" width=\"1024\" height=\"683\" data-id=\"4050\" src=\"https:\/\/zsozarow.pl\/wp-content\/uploads\/2025\/03\/5C1A9604-1K-JPEG.jpg\" alt=\"\" class=\"wp-image-4050\" srcset=\"https:\/\/zsozarow.pl\/wp-content\/uploads\/2025\/03\/5C1A9604-1K-JPEG.jpg 1024w, https:\/\/zsozarow.pl\/wp-content\/uploads\/2025\/03\/5C1A9604-1K-JPEG-300x200.jpg 300w, https:\/\/zsozarow.pl\/wp-content\/uploads\/2025\/03\/5C1A9604-1K-JPEG-768x512.jpg 768w\" sizes=\"(max-width: 1024px) 100vw, 1024px\" \/><\/a><\/figure>\n\n\n\n<figure class=\"wp-block-image size-large\"><a href=\"https:\/\/zsozarow.pl\/wp-content\/uploads\/2025\/03\/5C1A9601-1K-JPEG.jpg\"><img decoding=\"async\" width=\"1024\" height=\"683\" data-id=\"4049\" src=\"https:\/\/zsozarow.pl\/wp-content\/uploads\/2025\/03\/5C1A9601-1K-JPEG.jpg\" alt=\"\" class=\"wp-image-4049\" srcset=\"https:\/\/zsozarow.pl\/wp-content\/uploads\/2025\/03\/5C1A9601-1K-JPEG.jpg 1024w, https:\/\/zsozarow.pl\/wp-content\/uploads\/2025\/03\/5C1A9601-1K-JPEG-300x200.jpg 300w, https:\/\/zsozarow.pl\/wp-content\/uploads\/2025\/03\/5C1A9601-1K-JPEG-768x512.jpg 768w\" sizes=\"(max-width: 1024px) 100vw, 1024px\" \/><\/a><\/figure>\n\n\n\n<figure class=\"wp-block-image size-large\"><a href=\"https:\/\/zsozarow.pl\/wp-content\/uploads\/2025\/03\/IMG_4783-1K-JPEG.jpg\"><img decoding=\"async\" width=\"1024\" height=\"683\" data-id=\"4047\" src=\"https:\/\/zsozarow.pl\/wp-content\/uploads\/2025\/03\/IMG_4783-1K-JPEG.jpg\" alt=\"\" class=\"wp-image-4047\" srcset=\"https:\/\/zsozarow.pl\/wp-content\/uploads\/2025\/03\/IMG_4783-1K-JPEG.jpg 1024w, https:\/\/zsozarow.pl\/wp-content\/uploads\/2025\/03\/IMG_4783-1K-JPEG-300x200.jpg 300w, https:\/\/zsozarow.pl\/wp-content\/uploads\/2025\/03\/IMG_4783-1K-JPEG-768x512.jpg 768w\" sizes=\"(max-width: 1024px) 100vw, 1024px\" \/><\/a><\/figure>\n\n\n\n<figure class=\"wp-block-image size-large\"><a href=\"https:\/\/zsozarow.pl\/wp-content\/uploads\/2025\/03\/5C1A9603-1K-JPEG.jpg\"><img loading=\"lazy\" decoding=\"async\" width=\"1024\" height=\"683\" data-id=\"4046\" src=\"https:\/\/zsozarow.pl\/wp-content\/uploads\/2025\/03\/5C1A9603-1K-JPEG.jpg\" alt=\"\" class=\"wp-image-4046\" srcset=\"https:\/\/zsozarow.pl\/wp-content\/uploads\/2025\/03\/5C1A9603-1K-JPEG.jpg 1024w, https:\/\/zsozarow.pl\/wp-content\/uploads\/2025\/03\/5C1A9603-1K-JPEG-300x200.jpg 300w, https:\/\/zsozarow.pl\/wp-content\/uploads\/2025\/03\/5C1A9603-1K-JPEG-768x512.jpg 768w\" sizes=\"(max-width: 1024px) 100vw, 1024px\" \/><\/a><\/figure>\n\n\n\n<figure class=\"wp-block-image size-large\"><a href=\"https:\/\/zsozarow.pl\/wp-content\/uploads\/2025\/02\/476356842_1164152932388255_63439836118364436_n.jpg\"><img loading=\"lazy\" decoding=\"async\" width=\"768\" height=\"1024\" data-id=\"3045\" src=\"https:\/\/zsozarow.pl\/wp-content\/uploads\/2025\/02\/476356842_1164152932388255_63439836118364436_n-768x1024.jpg\" alt=\"\" class=\"wp-image-3045\" srcset=\"https:\/\/zsozarow.pl\/wp-content\/uploads\/2025\/02\/476356842_1164152932388255_63439836118364436_n-768x1024.jpg 768w, https:\/\/zsozarow.pl\/wp-content\/uploads\/2025\/02\/476356842_1164152932388255_63439836118364436_n-225x300.jpg 225w, https:\/\/zsozarow.pl\/wp-content\/uploads\/2025\/02\/476356842_1164152932388255_63439836118364436_n.jpg 828w\" sizes=\"(max-width: 768px) 100vw, 768px\" \/><\/a><\/figure>\n\n\n\n<figure class=\"wp-block-image size-large\"><a href=\"https:\/\/zsozarow.pl\/wp-content\/uploads\/2025\/02\/475899825_1164152915721590_7427953630919620277_n.jpg\"><img loading=\"lazy\" decoding=\"async\" width=\"768\" height=\"1024\" data-id=\"3043\" src=\"https:\/\/zsozarow.pl\/wp-content\/uploads\/2025\/02\/475899825_1164152915721590_7427953630919620277_n-768x1024.jpg\" alt=\"\" class=\"wp-image-3043\" srcset=\"https:\/\/zsozarow.pl\/wp-content\/uploads\/2025\/02\/475899825_1164152915721590_7427953630919620277_n-768x1024.jpg 768w, https:\/\/zsozarow.pl\/wp-content\/uploads\/2025\/02\/475899825_1164152915721590_7427953630919620277_n-225x300.jpg 225w, https:\/\/zsozarow.pl\/wp-content\/uploads\/2025\/02\/475899825_1164152915721590_7427953630919620277_n.jpg 828w\" sizes=\"(max-width: 768px) 100vw, 768px\" \/><\/a><\/figure>\n\n\n\n<figure class=\"wp-block-image size-large\"><a href=\"https:\/\/zsozarow.pl\/wp-content\/uploads\/2024\/03\/IMG_20240309_085332-1.jpg\"><img loading=\"lazy\" decoding=\"async\" width=\"750\" height=\"1000\" data-id=\"2745\" src=\"https:\/\/zsozarow.pl\/wp-content\/uploads\/2024\/03\/IMG_20240309_085332-1.jpg\" alt=\"\" class=\"wp-image-2745\" srcset=\"https:\/\/zsozarow.pl\/wp-content\/uploads\/2024\/03\/IMG_20240309_085332-1.jpg 750w, https:\/\/zsozarow.pl\/wp-content\/uploads\/2024\/03\/IMG_20240309_085332-1-225x300.jpg 225w\" sizes=\"(max-width: 750px) 100vw, 750px\" \/><\/a><\/figure>\n\n\n\n<figure class=\"wp-block-image size-large\"><a href=\"https:\/\/zsozarow.pl\/wp-content\/uploads\/2024\/03\/IMG_20240309_085945_1-4-scaled.jpg\"><img loading=\"lazy\" decoding=\"async\" width=\"1024\" height=\"768\" data-id=\"2737\" src=\"https:\/\/zsozarow.pl\/wp-content\/uploads\/2024\/03\/IMG_20240309_085945_1-4-1024x768.jpg\" alt=\"\" class=\"wp-image-2737\" srcset=\"https:\/\/zsozarow.pl\/wp-content\/uploads\/2024\/03\/IMG_20240309_085945_1-4-1024x768.jpg 1024w, https:\/\/zsozarow.pl\/wp-content\/uploads\/2024\/03\/IMG_20240309_085945_1-4-300x225.jpg 300w, https:\/\/zsozarow.pl\/wp-content\/uploads\/2024\/03\/IMG_20240309_085945_1-4-768x576.jpg 768w, https:\/\/zsozarow.pl\/wp-content\/uploads\/2024\/03\/IMG_20240309_085945_1-4-1536x1152.jpg 1536w, https:\/\/zsozarow.pl\/wp-content\/uploads\/2024\/03\/IMG_20240309_085945_1-4-2048x1536.jpg 2048w\" sizes=\"(max-width: 1024px) 100vw, 1024px\" \/><\/a><\/figure>\n\n\n\n<figure class=\"wp-block-image size-large\"><a href=\"https:\/\/zsozarow.pl\/wp-content\/uploads\/2022\/04\/26756727_1581019062019643_3898655877906121402_o.jpg\"><img loading=\"lazy\" decoding=\"async\" width=\"1024\" height=\"576\" data-id=\"1112\" src=\"https:\/\/zsozarow.pl\/wp-content\/uploads\/2022\/04\/26756727_1581019062019643_3898655877906121402_o-1024x576.jpg\" alt=\"\" class=\"wp-image-1112\" srcset=\"https:\/\/zsozarow.pl\/wp-content\/uploads\/2022\/04\/26756727_1581019062019643_3898655877906121402_o-1024x576.jpg 1024w, https:\/\/zsozarow.pl\/wp-content\/uploads\/2022\/04\/26756727_1581019062019643_3898655877906121402_o-300x169.jpg 300w, https:\/\/zsozarow.pl\/wp-content\/uploads\/2022\/04\/26756727_1581019062019643_3898655877906121402_o-768x432.jpg 768w, https:\/\/zsozarow.pl\/wp-content\/uploads\/2022\/04\/26756727_1581019062019643_3898655877906121402_o-1536x864.jpg 1536w, https:\/\/zsozarow.pl\/wp-content\/uploads\/2022\/04\/26756727_1581019062019643_3898655877906121402_o.jpg 2048w\" sizes=\"(max-width: 1024px) 100vw, 1024px\" \/><\/a><\/figure>\n\n\n\n<figure class=\"wp-block-image size-large\"><a href=\"https:\/\/zsozarow.pl\/wp-content\/uploads\/2022\/04\/52596195_2123115344476676_7198158802032525312_n.jpg\"><img loading=\"lazy\" decoding=\"async\" width=\"960\" height=\"720\" data-id=\"1110\" src=\"https:\/\/zsozarow.pl\/wp-content\/uploads\/2022\/04\/52596195_2123115344476676_7198158802032525312_n.jpg\" alt=\"\" class=\"wp-image-1110\" srcset=\"https:\/\/zsozarow.pl\/wp-content\/uploads\/2022\/04\/52596195_2123115344476676_7198158802032525312_n.jpg 960w, https:\/\/zsozarow.pl\/wp-content\/uploads\/2022\/04\/52596195_2123115344476676_7198158802032525312_n-300x225.jpg 300w, https:\/\/zsozarow.pl\/wp-content\/uploads\/2022\/04\/52596195_2123115344476676_7198158802032525312_n-768x576.jpg 768w\" sizes=\"(max-width: 960px) 100vw, 960px\" \/><\/a><\/figure>\n\n\n\n<figure class=\"wp-block-image size-large\"><a href=\"https:\/\/zsozarow.pl\/wp-content\/uploads\/2022\/04\/IMG_1988-scaled.jpg\"><img loading=\"lazy\" decoding=\"async\" width=\"1024\" height=\"683\" data-id=\"1116\" src=\"https:\/\/zsozarow.pl\/wp-content\/uploads\/2022\/04\/IMG_1988-1024x683.jpg\" alt=\"\" class=\"wp-image-1116\" srcset=\"https:\/\/zsozarow.pl\/wp-content\/uploads\/2022\/04\/IMG_1988-1024x683.jpg 1024w, https:\/\/zsozarow.pl\/wp-content\/uploads\/2022\/04\/IMG_1988-300x200.jpg 300w, https:\/\/zsozarow.pl\/wp-content\/uploads\/2022\/04\/IMG_1988-768x512.jpg 768w, https:\/\/zsozarow.pl\/wp-content\/uploads\/2022\/04\/IMG_1988-1536x1024.jpg 1536w, https:\/\/zsozarow.pl\/wp-content\/uploads\/2022\/04\/IMG_1988-2048x1365.jpg 2048w\" sizes=\"(max-width: 1024px) 100vw, 1024px\" \/><\/a><\/figure>\n<\/figure>\n","protected":false},"excerpt":{"rendered":"<p>Warsztaty Szkolne w Zespole Szk\u00f3\u0142 w O\u017carowie im. Marii Sk\u0142odowskiej \u2013 Curie Warsztaty szkolne przystosowane s\u0105 do prowadzenia zaj\u0119\u0107 praktycznych w Bran\u017cowej Szkole I Stopnia w zawodach: \u015blusarz oraz technik mechatronik i technik spawalnictwa.Uczniowie maj\u0105 do dyspozycji pracownie, w kt\u00f3rych mo\u017cna nabywa\u0107 umiej\u0119tno\u015bci z zakresu wykonywania obr\u00f3bki r\u0119cznej, obs\u0142ugi maszyn konwencjonalnych (tokarki, frezarki, wiertarki) i [&hellip;]<\/p>\n","protected":false},"author":1,"featured_media":0,"parent":0,"menu_order":0,"comment_status":"closed","ping_status":"closed","template":"","meta":{"footnotes":""},"class_list":["post-4146","page","type-page","status-publish","hentry"],"_links":{"self":[{"href":"https:\/\/zsozarow.pl\/index.php?rest_route=\/wp\/v2\/pages\/4146","targetHints":{"allow":["GET"]}}],"collection":[{"href":"https:\/\/zsozarow.pl\/index.php?rest_route=\/wp\/v2\/pages"}],"about":[{"href":"https:\/\/zsozarow.pl\/index.php?rest_route=\/wp\/v2\/types\/page"}],"author":[{"embeddable":true,"href":"https:\/\/zsozarow.pl\/index.php?rest_route=\/wp\/v2\/users\/1"}],"replies":[{"embeddable":true,"href":"https:\/\/zsozarow.pl\/index.php?rest_route=%2Fwp%2Fv2%2Fcomments&post=4146"}],"version-history":[{"count":1,"href":"https:\/\/zsozarow.pl\/index.php?rest_route=\/wp\/v2\/pages\/4146\/revisions"}],"predecessor-version":[{"id":4147,"href":"https:\/\/zsozarow.pl\/index.php?rest_route=\/wp\/v2\/pages\/4146\/revisions\/4147"}],"wp:attachment":[{"href":"https:\/\/zsozarow.pl\/index.php?rest_route=%2Fwp%2Fv2%2Fmedia&parent=4146"}],"curies":[{"name":"wp","href":"https:\/\/api.w.org\/{rel}","templated":true}]}}