{"id":4292,"date":"2025-07-04T09:40:26","date_gmt":"2025-07-04T07:40:26","guid":{"rendered":"https:\/\/zsozarow.pl\/?page_id=4292"},"modified":"2025-07-04T09:40:26","modified_gmt":"2025-07-04T07:40:26","slug":"kucharz-2","status":"publish","type":"page","link":"https:\/\/zsozarow.pl\/?page_id=4292","title":{"rendered":"KUCHARZ"},"content":{"rendered":"\n<p><strong>Kwalifikacyjny Kurs Zawodowy<\/strong><\/p>\n\n\n\n<p><strong>Kucharz 512001<\/strong><\/p>\n\n\n\n<p><strong>Kwalifikacja: HGT.02<\/strong> <strong>Przygotowanie i wydawanie da\u0144<\/strong><\/p>\n\n\n\n<p>Kszta\u0142cenie prowadzone jest w formie zaocznej.<\/p>\n\n\n\n<p>Warunkiem koniecznym do rozpocz\u0119cia nauki \u2013 uko\u0144czenie 18 lat, brak przeciwwskaza\u0144 zdrowotnych do nauki w w\/w zawodzie.<\/p>\n\n\n\n<p>Nauka na kursie jest bezp\u0142atna.<\/p>\n\n\n\n<p>Je\u015bli Twoj\u0105 pasja jest gotowanie, to zaw\u00f3d dla Ciebie! Podczas nauki zdob\u0119dziesz obszern\u0105 wiedz\u0119 oraz profesjonaln\u0105 praktyk\u0119 w dziedzinie gastronomii. S\u0142uchacze tego kierunku nabywaj\u0105 umiej\u0119tno\u015bci przyrz\u0105dzania r\u00f3\u017cnego rodzaju potraw, da\u0144, przek\u0105sek i deser\u00f3w.&nbsp;Poznaj\u0105 zasady \u017cywienia, technologii gastronomicznej oraz obowi\u0105zuj\u0105cych przepis\u00f3w i wymog\u00f3w sanitarnych. Nabywaj\u0105 umiej\u0119tno\u015bci sporz\u0105dzania potraw i napoj\u00f3w, a tak\u017ce ich odpowiedniej ekspozycji i ekspedycji.<\/p>\n\n\n\n<p>Kucharz pracuj\u0105cy na stanowisku szefa kuchni, kieruje zespo\u0142em os\u00f3b pracuj\u0105cych w kuchni. Jego zadaniem jest zapewnienie sprawnej organizacji funkcjonowania kuchni oraz odpowiedniej jako\u015bci podawanych potraw.<\/p>\n\n\n\n<figure class=\"wp-block-gallery has-nested-images columns-default is-cropped wp-block-gallery-1 is-layout-flex wp-block-gallery-is-layout-flex\">\n<figure class=\"wp-block-image size-large\"><img fetchpriority=\"high\" decoding=\"async\" width=\"720\" height=\"960\" data-id=\"4238\" src=\"https:\/\/zsozarow.pl\/wp-content\/uploads\/2025\/05\/499989149_1258758676261013_6013445517552718802_n.jpg\" alt=\"\" class=\"wp-image-4238\" srcset=\"https:\/\/zsozarow.pl\/wp-content\/uploads\/2025\/05\/499989149_1258758676261013_6013445517552718802_n.jpg 720w, https:\/\/zsozarow.pl\/wp-content\/uploads\/2025\/05\/499989149_1258758676261013_6013445517552718802_n-225x300.jpg 225w\" sizes=\"(max-width: 720px) 100vw, 720px\" \/><\/figure>\n\n\n\n<figure class=\"wp-block-image size-large\"><img decoding=\"async\" width=\"757\" height=\"1024\" data-id=\"3544\" src=\"https:\/\/zsozarow.pl\/wp-content\/uploads\/2025\/03\/kucharz-3-757x1024.jpg\" alt=\"\" class=\"wp-image-3544\" srcset=\"https:\/\/zsozarow.pl\/wp-content\/uploads\/2025\/03\/kucharz-3-757x1024.jpg 757w, https:\/\/zsozarow.pl\/wp-content\/uploads\/2025\/03\/kucharz-3-222x300.jpg 222w, https:\/\/zsozarow.pl\/wp-content\/uploads\/2025\/03\/kucharz-3-768x1039.jpg 768w, https:\/\/zsozarow.pl\/wp-content\/uploads\/2025\/03\/kucharz-3-1136x1536.jpg 1136w, https:\/\/zsozarow.pl\/wp-content\/uploads\/2025\/03\/kucharz-3.jpg 1200w\" sizes=\"(max-width: 757px) 100vw, 757px\" \/><\/figure>\n\n\n\n<figure class=\"wp-block-image size-large\"><img decoding=\"async\" width=\"683\" height=\"1024\" data-id=\"3542\" src=\"https:\/\/zsozarow.pl\/wp-content\/uploads\/2025\/03\/kucharz1-683x1024.jpg\" alt=\"\" class=\"wp-image-3542\" srcset=\"https:\/\/zsozarow.pl\/wp-content\/uploads\/2025\/03\/kucharz1-683x1024.jpg 683w, https:\/\/zsozarow.pl\/wp-content\/uploads\/2025\/03\/kucharz1-200x300.jpg 200w, https:\/\/zsozarow.pl\/wp-content\/uploads\/2025\/03\/kucharz1-768x1152.jpg 768w, https:\/\/zsozarow.pl\/wp-content\/uploads\/2025\/03\/kucharz1-1024x1536.jpg 1024w, https:\/\/zsozarow.pl\/wp-content\/uploads\/2025\/03\/kucharz1.jpg 1200w\" sizes=\"(max-width: 683px) 100vw, 683px\" \/><\/figure>\n\n\n\n<figure class=\"wp-block-image size-large\"><img loading=\"lazy\" decoding=\"async\" width=\"1024\" height=\"678\" data-id=\"3331\" src=\"https:\/\/zsozarow.pl\/wp-content\/uploads\/2025\/03\/salad-dressing-7295630_1280-1024x678.jpg\" alt=\"\" class=\"wp-image-3331\" srcset=\"https:\/\/zsozarow.pl\/wp-content\/uploads\/2025\/03\/salad-dressing-7295630_1280-1024x678.jpg 1024w, https:\/\/zsozarow.pl\/wp-content\/uploads\/2025\/03\/salad-dressing-7295630_1280-300x199.jpg 300w, https:\/\/zsozarow.pl\/wp-content\/uploads\/2025\/03\/salad-dressing-7295630_1280-768x509.jpg 768w, https:\/\/zsozarow.pl\/wp-content\/uploads\/2025\/03\/salad-dressing-7295630_1280.jpg 1280w\" sizes=\"(max-width: 1024px) 100vw, 1024px\" \/><\/figure>\n\n\n\n<figure class=\"wp-block-image size-large\"><img loading=\"lazy\" decoding=\"async\" width=\"1024\" height=\"780\" data-id=\"3330\" src=\"https:\/\/zsozarow.pl\/wp-content\/uploads\/2025\/03\/pancakes-1512834_1280-1024x780.jpg\" alt=\"\" class=\"wp-image-3330\" srcset=\"https:\/\/zsozarow.pl\/wp-content\/uploads\/2025\/03\/pancakes-1512834_1280-1024x780.jpg 1024w, https:\/\/zsozarow.pl\/wp-content\/uploads\/2025\/03\/pancakes-1512834_1280-300x229.jpg 300w, https:\/\/zsozarow.pl\/wp-content\/uploads\/2025\/03\/pancakes-1512834_1280-768x585.jpg 768w, https:\/\/zsozarow.pl\/wp-content\/uploads\/2025\/03\/pancakes-1512834_1280.jpg 1280w\" sizes=\"(max-width: 1024px) 100vw, 1024px\" \/><\/figure>\n\n\n\n<figure class=\"wp-block-image size-large\"><img loading=\"lazy\" decoding=\"async\" width=\"1024\" height=\"682\" data-id=\"3329\" src=\"https:\/\/zsozarow.pl\/wp-content\/uploads\/2025\/03\/food-1155130_1280-1024x682.jpg\" alt=\"\" class=\"wp-image-3329\" srcset=\"https:\/\/zsozarow.pl\/wp-content\/uploads\/2025\/03\/food-1155130_1280-1024x682.jpg 1024w, https:\/\/zsozarow.pl\/wp-content\/uploads\/2025\/03\/food-1155130_1280-300x200.jpg 300w, https:\/\/zsozarow.pl\/wp-content\/uploads\/2025\/03\/food-1155130_1280-768x512.jpg 768w, https:\/\/zsozarow.pl\/wp-content\/uploads\/2025\/03\/food-1155130_1280.jpg 1280w\" sizes=\"(max-width: 1024px) 100vw, 1024px\" \/><\/figure>\n\n\n\n<figure class=\"wp-block-image size-large\"><img loading=\"lazy\" decoding=\"async\" width=\"1024\" height=\"682\" data-id=\"3328\" src=\"https:\/\/zsozarow.pl\/wp-content\/uploads\/2025\/03\/restaurant-1284351_1280-1024x682.jpg\" alt=\"\" class=\"wp-image-3328\" srcset=\"https:\/\/zsozarow.pl\/wp-content\/uploads\/2025\/03\/restaurant-1284351_1280-1024x682.jpg 1024w, https:\/\/zsozarow.pl\/wp-content\/uploads\/2025\/03\/restaurant-1284351_1280-300x200.jpg 300w, https:\/\/zsozarow.pl\/wp-content\/uploads\/2025\/03\/restaurant-1284351_1280-768x512.jpg 768w, https:\/\/zsozarow.pl\/wp-content\/uploads\/2025\/03\/restaurant-1284351_1280.jpg 1280w\" sizes=\"(max-width: 1024px) 100vw, 1024px\" \/><\/figure>\n<\/figure>\n","protected":false},"excerpt":{"rendered":"<p>Kwalifikacyjny Kurs Zawodowy Kucharz 512001 Kwalifikacja: HGT.02 Przygotowanie i wydawanie da\u0144 Kszta\u0142cenie prowadzone jest w formie zaocznej. Warunkiem koniecznym do rozpocz\u0119cia nauki \u2013 uko\u0144czenie 18 lat, brak przeciwwskaza\u0144 zdrowotnych do nauki w w\/w zawodzie. Nauka na kursie jest bezp\u0142atna. Je\u015bli Twoj\u0105 pasja jest gotowanie, to zaw\u00f3d dla Ciebie! Podczas nauki zdob\u0119dziesz obszern\u0105 wiedz\u0119 oraz profesjonaln\u0105 [&hellip;]<\/p>\n","protected":false},"author":1,"featured_media":0,"parent":0,"menu_order":0,"comment_status":"closed","ping_status":"closed","template":"","meta":{"footnotes":""},"class_list":["post-4292","page","type-page","status-publish","hentry"],"_links":{"self":[{"href":"https:\/\/zsozarow.pl\/index.php?rest_route=\/wp\/v2\/pages\/4292","targetHints":{"allow":["GET"]}}],"collection":[{"href":"https:\/\/zsozarow.pl\/index.php?rest_route=\/wp\/v2\/pages"}],"about":[{"href":"https:\/\/zsozarow.pl\/index.php?rest_route=\/wp\/v2\/types\/page"}],"author":[{"embeddable":true,"href":"https:\/\/zsozarow.pl\/index.php?rest_route=\/wp\/v2\/users\/1"}],"replies":[{"embeddable":true,"href":"https:\/\/zsozarow.pl\/index.php?rest_route=%2Fwp%2Fv2%2Fcomments&post=4292"}],"version-history":[{"count":1,"href":"https:\/\/zsozarow.pl\/index.php?rest_route=\/wp\/v2\/pages\/4292\/revisions"}],"predecessor-version":[{"id":4293,"href":"https:\/\/zsozarow.pl\/index.php?rest_route=\/wp\/v2\/pages\/4292\/revisions\/4293"}],"wp:attachment":[{"href":"https:\/\/zsozarow.pl\/index.php?rest_route=%2Fwp%2Fv2%2Fmedia&parent=4292"}],"curies":[{"name":"wp","href":"https:\/\/api.w.org\/{rel}","templated":true}]}}