{"id":4620,"date":"2026-03-13T20:46:03","date_gmt":"2026-03-13T19:46:03","guid":{"rendered":"https:\/\/zsozarow.pl\/?page_id=4620"},"modified":"2026-03-15T13:51:45","modified_gmt":"2026-03-15T12:51:45","slug":"oddzialy-przygotowania-wojskowego","status":"publish","type":"page","link":"https:\/\/zsozarow.pl\/?page_id=4620","title":{"rendered":"Oddzia\u0142y Przygotowania Wojskowego."},"content":{"rendered":"\n<p><strong>Oddzia\u0142y Przygotowania Wojskowego (OPW)<\/strong> to specjalistyczny rodzaj klas mundurowych w liceum i technikum, dzia\u0142aj\u0105cych pod nadzorem <strong>Ministerstwa Obrony Narodowej.<\/strong> Program \u0142\u0105czy standardow\u0105 nauk\u0119 ze szkoleniem wojskowym, maj\u0105cym przygotowa\u0107 m\u0142odzie\u017c do s\u0142u\u017cby w Si\u0142ach Zbrojnych RP.&nbsp;<\/p>\n\n\n\n<p><strong>Oddzia\u0142y Przygotowania Wojskowego<\/strong> to propozycja dla uczni\u00f3w, kt\u00f3rzy planuj\u0105 zwi\u0105za\u0107 swoj\u0105 przysz\u0142o\u015b\u0107 ze s\u0142u\u017cbami mundurowymi lub chc\u0105 zdoby\u0107 unikalne umiej\u0119tno\u015bci praktyczne r\u00f3wnolegle z nauk\u0105 w technikum lub liceum.<\/p>\n\n\n\n<p><strong>Zasady funkcjonowania OPW w naszej szkole:<\/strong><\/p>\n\n\n\n<p>Oddzia\u0142y Przygotowania Wojskowego funkcjonuj\u0105 w Liceum Og\u00f3lnokszta\u0142c\u0105cym i Technikum Informatycznym.<\/p>\n\n\n\n<p><strong>Program szkolenia<\/strong> obejmuje 230 godzin zaj\u0119\u0107 z zakresu przygotowania wojskowego &#8211; teori\u0119 w szkole oraz praktyk\u0119 w patronackiej jednostce wojskowej, tj <strong>10 \u015awi\u0119tokrzyskiej Brygadzie Obrony Terytorialnej im.<\/strong><strong> mjr. cc. Eugeniusza Gedymina Kaszy\u0144skiego ps. \u201eNurt\u201d w Kielcach \u2013 102 Batalion Lekkiej Piechoty w Sandomierzu.<\/strong><\/p>\n\n\n\n<p>W ramach funkcjonowania OPW wsp\u00f3\u0142pracujemy tak\u017ce z <strong>Wojskowym Centrum Rekrutacji w Sandomierzu<\/strong>, <strong>ZS Strzelec OSW Jednostka Strzelecka 2013 im. mjr Jana Piwnika &#8222;Ponurego&#8221; w Ostrowcu \u015awi\u0119tokrzyskim<\/strong> oraz <strong>Strzelnic\u0105 \u201e\u015awit\u201d \u0106miel\u00f3w<\/strong>.<\/p>\n\n\n\n<p><strong>Ob\u00f3z szkoleniowy:<\/strong>&nbsp;Nasi uczniowie bior\u0105 udzia\u0142 w obozach szkoleniowych, realizowanych&nbsp;&nbsp;&nbsp;&nbsp;&nbsp;&nbsp;&nbsp;&nbsp;&nbsp;&nbsp;&nbsp;&nbsp;&nbsp;&nbsp;&nbsp;&nbsp;&nbsp;&nbsp;&nbsp; w ostatnim roku nauki \u2013 w czwartym dla liceum, pi\u0105tym \u2013 dla technikum.<\/p>\n\n\n\n<p><strong>Korzy\u015bci dla absolwent\u00f3w:<\/strong><\/p>\n\n\n\n<ul class=\"wp-block-list\">\n<li><strong>Synergia z informatyk\u0105:<\/strong>&nbsp;w przypadku technikum, po\u0142\u0105czenie wiedzy informatycznej &nbsp;&nbsp;&nbsp;&nbsp;&nbsp;&nbsp;&nbsp;&nbsp;&nbsp;&nbsp;&nbsp;&nbsp;&nbsp;&nbsp;&nbsp;&nbsp;&nbsp;&nbsp;&nbsp;&nbsp;&nbsp;&nbsp;z przeszkoleniem wojskowym tworzy unikalne kompetencje <strong>poszukiwane w Wojskach Obrony Cyberprzestrzeni.<\/strong><\/li>\n\n\n\n<li>System szkolenia przygotowuj\u0105cy do <strong>pe\u0142nienia s\u0142u\u017cby mundurowej<\/strong>.<\/li>\n\n\n\n<li>Mo\u017cliwo\u015b\u0107 odbycia&nbsp;<strong>skr\u00f3conej dobrowolnej zasadniczej s\u0142u\u017cby wojskowej<\/strong>.<\/li>\n\n\n\n<li>Dodatkowe punkty w rekrutacji na&nbsp;renomowane <strong>uczelnie wojskowe<\/strong>.<\/li>\n<\/ul>\n\n\n\n<p><strong>Finansowanie:<\/strong>&nbsp;<\/p>\n\n\n\n<p>Nasza szko\u0142a otrzymuje dotacje z bud\u017cetu pa\u0144stwa (MON) na zakup specjalistycznego pakietu szkoleniowego OPW:<\/p>\n\n\n\n<ul class=\"wp-block-list\">\n<li>repliki broni, &nbsp;<\/li>\n\n\n\n<li>kamizelki taktyczne,<\/li>\n\n\n\n<li>he\u0142my wojskowe,<\/li>\n\n\n\n<li>kompasy,<\/li>\n\n\n\n<li>okulary ochronne,<\/li>\n\n\n\n<li>saperki,<\/li>\n\n\n\n<li>plecaki medyczne z wyposa\u017ceniem do pierwszej pomocy,<\/li>\n\n\n\n<li>nosze medyczne,<\/li>\n\n\n\n<li>radiotelefony,<\/li>\n\n\n\n<li>lornetki,<\/li>\n<\/ul>\n\n\n\n<p>Ka\u017cdy ucze\u0144 OPW otrzymuje <strong>za darmo<\/strong> indywidualny pakiet wyposa\u017cenia:<\/p>\n\n\n\n<ul class=\"wp-block-list\">\n<li>mundur (bluza i spodnie),<\/li>\n\n\n\n<li>koszulki t-shirt,<\/li>\n\n\n\n<li>beret,<\/li>\n\n\n\n<li>zestaw oznak regulaminowych do ubioru,<\/li>\n\n\n\n<li>bluza ocieplana typu polar,<\/li>\n\n\n\n<li>plecak taktyczny,<\/li>\n\n\n\n<li>r\u0119kawice zimowe,<\/li>\n\n\n\n<li>czapka zimowa.<\/li>\n<\/ul>\n\n\n\n<p><strong>Wymagania:<\/strong>&nbsp;Aby dosta\u0107 si\u0119 do OPW, kandydat musi posiada\u0107 bardzo dobry stan zdrowia (potwierdzony orzeczeniem lekarskim) oraz zaliczy\u0107 test sprawno\u015bci fizycznej.<\/p>\n\n\n\n<p><strong>Przedmioty rozszerzone:<\/strong> j\u0119zyk polski, biologii, chemia.<\/p>\n\n\n\n<p>Osobom spoza O\u017carowa zapewniamy miejsce <strong>zamieszkania w internacie.<\/strong><\/p>\n\n\n\n<figure class=\"wp-block-gallery has-nested-images columns-default is-cropped wp-block-gallery-1 is-layout-flex wp-block-gallery-is-layout-flex\">\n<figure class=\"wp-block-image size-large\"><img fetchpriority=\"high\" decoding=\"async\" width=\"1024\" height=\"683\" data-id=\"4683\" src=\"https:\/\/zsozarow.pl\/wp-content\/uploads\/2026\/03\/642659873_1506353798168165_1697078944355508506_n-1024x683.jpg\" alt=\"\" class=\"wp-image-4683\" srcset=\"https:\/\/zsozarow.pl\/wp-content\/uploads\/2026\/03\/642659873_1506353798168165_1697078944355508506_n-1024x683.jpg 1024w, https:\/\/zsozarow.pl\/wp-content\/uploads\/2026\/03\/642659873_1506353798168165_1697078944355508506_n-300x200.jpg 300w, https:\/\/zsozarow.pl\/wp-content\/uploads\/2026\/03\/642659873_1506353798168165_1697078944355508506_n-768x512.jpg 768w, https:\/\/zsozarow.pl\/wp-content\/uploads\/2026\/03\/642659873_1506353798168165_1697078944355508506_n-1536x1024.jpg 1536w, https:\/\/zsozarow.pl\/wp-content\/uploads\/2026\/03\/642659873_1506353798168165_1697078944355508506_n.jpg 2048w\" sizes=\"(max-width: 1024px) 100vw, 1024px\" \/><\/figure>\n\n\n\n<figure class=\"wp-block-image size-large\"><img decoding=\"async\" width=\"768\" height=\"1024\" data-id=\"4681\" src=\"https:\/\/zsozarow.pl\/wp-content\/uploads\/2026\/03\/642502923_1508151157988429_6692500840291217415_n-768x1024.jpg\" alt=\"\" class=\"wp-image-4681\" srcset=\"https:\/\/zsozarow.pl\/wp-content\/uploads\/2026\/03\/642502923_1508151157988429_6692500840291217415_n-768x1024.jpg 768w, https:\/\/zsozarow.pl\/wp-content\/uploads\/2026\/03\/642502923_1508151157988429_6692500840291217415_n-225x300.jpg 225w, https:\/\/zsozarow.pl\/wp-content\/uploads\/2026\/03\/642502923_1508151157988429_6692500840291217415_n-1152x1536.jpg 1152w, https:\/\/zsozarow.pl\/wp-content\/uploads\/2026\/03\/642502923_1508151157988429_6692500840291217415_n.jpg 1536w\" sizes=\"(max-width: 768px) 100vw, 768px\" \/><\/figure>\n\n\n\n<figure class=\"wp-block-image size-large\"><img decoding=\"async\" width=\"768\" height=\"1024\" data-id=\"4684\" src=\"https:\/\/zsozarow.pl\/wp-content\/uploads\/2026\/03\/646905582_1514137554056456_3356557213767409143_n-768x1024.jpg\" alt=\"\" class=\"wp-image-4684\" srcset=\"https:\/\/zsozarow.pl\/wp-content\/uploads\/2026\/03\/646905582_1514137554056456_3356557213767409143_n-768x1024.jpg 768w, https:\/\/zsozarow.pl\/wp-content\/uploads\/2026\/03\/646905582_1514137554056456_3356557213767409143_n-225x300.jpg 225w, https:\/\/zsozarow.pl\/wp-content\/uploads\/2026\/03\/646905582_1514137554056456_3356557213767409143_n-1152x1536.jpg 1152w, https:\/\/zsozarow.pl\/wp-content\/uploads\/2026\/03\/646905582_1514137554056456_3356557213767409143_n.jpg 1536w\" sizes=\"(max-width: 768px) 100vw, 768px\" \/><\/figure>\n\n\n\n<figure class=\"wp-block-image size-large\"><img loading=\"lazy\" decoding=\"async\" width=\"683\" height=\"1024\" data-id=\"4682\" src=\"https:\/\/zsozarow.pl\/wp-content\/uploads\/2026\/03\/648090986_1517609943709217_118771166124713435_n-683x1024.jpg\" alt=\"\" class=\"wp-image-4682\" srcset=\"https:\/\/zsozarow.pl\/wp-content\/uploads\/2026\/03\/648090986_1517609943709217_118771166124713435_n-683x1024.jpg 683w, https:\/\/zsozarow.pl\/wp-content\/uploads\/2026\/03\/648090986_1517609943709217_118771166124713435_n-200x300.jpg 200w, https:\/\/zsozarow.pl\/wp-content\/uploads\/2026\/03\/648090986_1517609943709217_118771166124713435_n-768x1151.jpg 768w, https:\/\/zsozarow.pl\/wp-content\/uploads\/2026\/03\/648090986_1517609943709217_118771166124713435_n-1025x1536.jpg 1025w, https:\/\/zsozarow.pl\/wp-content\/uploads\/2026\/03\/648090986_1517609943709217_118771166124713435_n.jpg 1366w\" sizes=\"(max-width: 683px) 100vw, 683px\" \/><\/figure>\n<\/figure>\n","protected":false},"excerpt":{"rendered":"<p>Oddzia\u0142y Przygotowania Wojskowego (OPW) to specjalistyczny rodzaj klas mundurowych w liceum i technikum, dzia\u0142aj\u0105cych pod nadzorem Ministerstwa Obrony Narodowej. Program \u0142\u0105czy standardow\u0105 nauk\u0119 ze szkoleniem wojskowym, maj\u0105cym przygotowa\u0107 m\u0142odzie\u017c do s\u0142u\u017cby w Si\u0142ach Zbrojnych RP.&nbsp; Oddzia\u0142y Przygotowania Wojskowego to propozycja dla uczni\u00f3w, kt\u00f3rzy planuj\u0105 zwi\u0105za\u0107 swoj\u0105 przysz\u0142o\u015b\u0107 ze s\u0142u\u017cbami mundurowymi lub chc\u0105 zdoby\u0107 unikalne umiej\u0119tno\u015bci [&hellip;]<\/p>\n","protected":false},"author":1,"featured_media":4682,"parent":0,"menu_order":0,"comment_status":"closed","ping_status":"closed","template":"","meta":{"footnotes":""},"class_list":["post-4620","page","type-page","status-publish","has-post-thumbnail","hentry"],"_links":{"self":[{"href":"https:\/\/zsozarow.pl\/index.php?rest_route=\/wp\/v2\/pages\/4620","targetHints":{"allow":["GET"]}}],"collection":[{"href":"https:\/\/zsozarow.pl\/index.php?rest_route=\/wp\/v2\/pages"}],"about":[{"href":"https:\/\/zsozarow.pl\/index.php?rest_route=\/wp\/v2\/types\/page"}],"author":[{"embeddable":true,"href":"https:\/\/zsozarow.pl\/index.php?rest_route=\/wp\/v2\/users\/1"}],"replies":[{"embeddable":true,"href":"https:\/\/zsozarow.pl\/index.php?rest_route=%2Fwp%2Fv2%2Fcomments&post=4620"}],"version-history":[{"count":2,"href":"https:\/\/zsozarow.pl\/index.php?rest_route=\/wp\/v2\/pages\/4620\/revisions"}],"predecessor-version":[{"id":4685,"href":"https:\/\/zsozarow.pl\/index.php?rest_route=\/wp\/v2\/pages\/4620\/revisions\/4685"}],"wp:featuredmedia":[{"embeddable":true,"href":"https:\/\/zsozarow.pl\/index.php?rest_route=\/wp\/v2\/media\/4682"}],"wp:attachment":[{"href":"https:\/\/zsozarow.pl\/index.php?rest_route=%2Fwp%2Fv2%2Fmedia&parent=4620"}],"curies":[{"name":"wp","href":"https:\/\/api.w.org\/{rel}","templated":true}]}}