{"id":4698,"date":"2026-03-15T16:46:32","date_gmt":"2026-03-15T15:46:32","guid":{"rendered":"https:\/\/zsozarow.pl\/?page_id=4698"},"modified":"2026-03-16T19:08:21","modified_gmt":"2026-03-16T18:08:21","slug":"technik-programista","status":"publish","type":"page","link":"https:\/\/zsozarow.pl\/?page_id=4698","title":{"rendered":"Technik programista &#8211; nowo\u015b\u0107."},"content":{"rendered":"\n<p><\/p>\n\n\n\n<p class=\"has-colibri-color-6-color has-text-color has-link-color wp-elements-c57299346b14d88503e1d0026983cc0d\">Technik programista to&nbsp;atrakcyjny, zaw\u00f3d skupiony na tworzeniu, testowaniu i wdra\u017caniu aplikacji internetowych, mobilnych i desktopowych oraz administrowaniu bazami danych. Nauka obejmuje j\u0119zyki takie jak Python, C++, Java, JavaScript, PHP oraz SQL. Absolwenci s\u0105 poszukiwani w bran\u017cy IT, agencjach reklamowych i dzia\u0142ach IT r\u00f3\u017cnych firm.&nbsp;<\/p>\n\n\n\n<h3 class=\"wp-block-heading has-colibri-color-6-color has-text-color has-link-color wp-elements-2f5a0e2b8020425d4700614d396ba8ab\">Kwalifikacje w&nbsp;zawodzie:<\/h3>\n\n\n\n<p class=\"has-colibri-color-6-color has-text-color has-link-color wp-elements-c8723154ad82c968526cd29b09cd6bed\">INF.03 Tworzenie i&nbsp;administrowanie stronami i&nbsp;aplikacjami internetowymi oraz bazami danych.<br>INF.04 Projektowanie, programowanie i&nbsp;testowanie aplikacji<\/p>\n\n\n\n<h3 class=\"wp-block-heading has-colibri-color-6-color has-text-color has-link-color wp-elements-8c5600cc5607c01a17fc5d18e366898d\">Planowane przedmioty zawodowe:<\/h3>\n\n\n\n<ul class=\"wp-block-list\">\n<li class=\"has-colibri-color-6-color has-text-color has-link-color wp-elements-5f7ebcea6c08697955e9c4e455ef142f\">Strony internetowe<\/li>\n\n\n\n<li class=\"has-colibri-color-6-color has-text-color has-link-color wp-elements-4d0fbdcb062e0e455c66fe074f004397\">Systemy baz danych<\/li>\n\n\n\n<li class=\"has-colibri-color-6-color has-text-color has-link-color wp-elements-6f162b02f062684b4f8695962944a376\">Aplikacje internetowe<\/li>\n\n\n\n<li class=\"has-colibri-color-6-color has-text-color has-link-color wp-elements-ad6c5f8582232c12bd1d0817e64c9da6\">Projektowanie oprogramowania<\/li>\n\n\n\n<li class=\"has-colibri-color-6-color has-text-color has-link-color wp-elements-6442c8dfcff0910a7c3c7078b88bb9c2\">Programowanie obiektowe<\/li>\n\n\n\n<li class=\"has-colibri-color-6-color has-text-color has-link-color wp-elements-21b03d3c49b7f2199d511d22b730473c\">Aplikacje webowe<\/li>\n\n\n\n<li class=\"has-colibri-color-6-color has-text-color has-link-color wp-elements-659a61d6d3519f4db12dc982e39b5dee\">BHP w informatyce<\/li>\n\n\n\n<li class=\"has-colibri-color-6-color has-text-color has-link-color wp-elements-c25da4b0cda965f917641f4f793f489b\">J\u0119zyk angielski zawodowy<\/li>\n\n\n\n<li class=\"has-colibri-color-6-color has-text-color has-link-color wp-elements-db9d34a2731baa437921d96e046c6417\">Pracownia aplikacji internetowych<\/li>\n\n\n\n<li class=\"has-colibri-color-6-color has-text-color has-link-color wp-elements-979e0f40ca3861d6e734bf905b01a72e\">Pracownia baz danych<\/li>\n\n\n\n<li class=\"has-colibri-color-6-color has-text-color has-link-color wp-elements-0140cfa2d81f96f6996c5c6e76e0a47c\">Pracownia aplikacji desktopowych<\/li>\n\n\n\n<li class=\"has-colibri-color-6-color has-text-color has-link-color wp-elements-2e6706bd4899ae48ac8e729690bb4d12\">Pracownia aplikacji mobilnych<\/li>\n\n\n\n<li class=\"has-colibri-color-6-color has-text-color has-link-color wp-elements-4ef2d1b9f547f08f92ba1d8041f714dd\">Pracownia aplikacji webowych<\/li>\n<\/ul>\n\n\n\n<h3 class=\"wp-block-heading has-colibri-color-6-color has-text-color has-link-color wp-elements-8939687a6e4d6e2ff017022dea75bc82\">Opis zawodu<\/h3>\n\n\n\n<p class=\"has-colibri-color-6-color has-text-color has-link-color wp-elements-205a8bea00fd7a2779929a44f6a8eb9a\">Technik programista to&nbsp;jeden z&nbsp;najbardziej poszukiwanych zawod\u00f3w na&nbsp;rynku pracy.<\/p>\n\n\n\n<p class=\"has-colibri-color-6-color has-text-color has-link-color wp-elements-62c7c54b8504b39be3847234fc18418e\">Absolwent szko\u0142y posiada wiedz\u0119 i&nbsp;umiej\u0119tno\u015bci techniczne do&nbsp;wykonywania zada\u0144 zawodowych w&nbsp;zakresie:<\/p>\n\n\n\n<ul class=\"wp-block-list\">\n<li class=\"has-colibri-color-6-color has-text-color has-link-color wp-elements-813a9b727134e339e4b81655db9e31e3\">tworzenia i&nbsp;administrowania stronami internetowymi,<\/li>\n\n\n\n<li class=\"has-colibri-color-6-color has-text-color has-link-color wp-elements-a6f6e439bc5a54def5f0d1962cfca943\">tworzenia, administrowania i&nbsp;u\u017cytkowania relacyjnych baz danych,<\/li>\n\n\n\n<li class=\"has-colibri-color-6-color has-text-color has-link-color wp-elements-c4f55f8f670f1eef046e520d36a7a80a\">projektowania, programowania i&nbsp;testowania zaawansowanych aplikacji webowych,<\/li>\n\n\n\n<li class=\"has-colibri-color-6-color has-text-color has-link-color wp-elements-0fbc74ec44939cff298f09561287b874\">projektowania, programowania i&nbsp;testowania aplikacji desktopowych,<\/li>\n\n\n\n<li class=\"has-colibri-color-6-color has-text-color has-link-color wp-elements-8a32ca76fbef5e6ab69427af62d719f2\">projektowania, programowania i&nbsp;testowania aplikacji mobilnych.<\/li>\n<\/ul>\n\n\n\n<p class=\"has-colibri-color-6-color has-text-color has-link-color wp-elements-42736b7eb803e492e4ccced16f07b141\">Na kierunku Technik programista uczniowie b\u0119d\u0105 tworzy\u0107 programy w&nbsp;wielu popularnych j\u0119zykach programowania np.: C++, C#, Java, Python, JavaScript, PHP, a&nbsp;tak\u017ce poznawa\u0107 inne j\u0119zyki tj. SQL, HTML 5&nbsp;i&nbsp;CSS. Absolwenci technikum, kt\u00f3rzy b\u0119d\u0105 kszta\u0142ci\u0107 si\u0119 w&nbsp;zawodzie technik programista w&nbsp;systemie pi\u0119cioletnim, b\u0119d\u0105 dobrze przygotowani do&nbsp;wykonywania tego zawodu oraz dodatkowo do&nbsp;wykonywania prac w&nbsp;dziale IT. Rozwijaj\u0105cy si\u0119 dynamicznie rynek i&nbsp;post\u0119puj\u0105ca cyfryzacja spo\u0142ecze\u0144stwa, pozwalaj\u0105 stwierdzi\u0107, \u017ce&nbsp;b\u0119dzie r\u00f3wnie\u017c rosn\u0105\u0107 zapotrzebowanie na&nbsp;dobrze wyszkolonych programist\u00f3w. Zak\u0142adaj\u0105c dalszy rozw\u00f3j absolwent\u00f3w na&nbsp;studiach wy\u017cszych w&nbsp;po\u0142\u0105czeniu z&nbsp;umiej\u0119tno\u015bciami nabytymi w&nbsp;technikum w&nbsp;zawodzie technik programista, mo\u017cna przewidywa\u0107, \u017ce&nbsp;b\u0119d\u0105 to&nbsp;w przysz\u0142o\u015bci r\u00f3wnie\u017c doskonali kandydaci na&nbsp;g\u0142\u00f3wnych programist\u00f3w czy lider\u00f3w zespo\u0142\u00f3w programistycznych.<\/p>\n\n\n\n<h3 class=\"wp-block-heading has-colibri-color-6-color has-text-color has-link-color wp-elements-621e6f6e486ad0aa702a1b80f2063270\"><br>Mo\u017cliwo\u015bci zatrudnienia<\/h3>\n\n\n\n<p class=\"has-colibri-color-6-color has-text-color has-link-color wp-elements-90fc275d0cfb7474b38520b7a6ff7d5e\">Technik programista mo\u017ce by\u0107 zatrudniony w&nbsp;nast\u0119puj\u0105cych miejscach pracy:<\/p>\n\n\n\n<ul class=\"wp-block-list\">\n<li class=\"has-colibri-color-6-color has-text-color has-link-color wp-elements-bd28f6f4508bc5350a62d22c43176a99\">przedsi\u0119biorstwach zajmuj\u0105cych si\u0119 tworzeniem program\u00f3w desktopowych i&nbsp;aplikacji internetowych,<\/li>\n\n\n\n<li class=\"has-colibri-color-6-color has-text-color has-link-color wp-elements-737d2858d015f7d46e8c1fc637d2c415\">przedsi\u0119biorstwach zajmuj\u0105cych si\u0119 tworzeniem aplikacji mobilnych,<\/li>\n\n\n\n<li class=\"has-colibri-color-6-color has-text-color has-link-color wp-elements-f7b6e1a442db67f3fc24403ba5a0f680\">przedsi\u0119biorstwach zajmuj\u0105cych si\u0119 projektowaniem interfejsu u\u017cytkownika,<\/li>\n\n\n\n<li class=\"has-colibri-color-6-color has-text-color has-link-color wp-elements-4d910ed70e85a316b7a5ef320a04713f\">przedsi\u0119biorstwach zajmuj\u0105cych si\u0119 modelowaniem, projektowaniem i&nbsp;drukiem 3D,<\/li>\n<\/ul>\n\n\n\n<p><\/p>\n","protected":false},"excerpt":{"rendered":"<p>Technik programista to&nbsp;atrakcyjny, zaw\u00f3d skupiony na tworzeniu, testowaniu i wdra\u017caniu aplikacji internetowych, mobilnych i desktopowych oraz administrowaniu bazami danych. Nauka obejmuje j\u0119zyki takie jak Python, C++, Java, JavaScript, PHP oraz SQL. Absolwenci s\u0105 poszukiwani w bran\u017cy IT, agencjach reklamowych i dzia\u0142ach IT r\u00f3\u017cnych firm.&nbsp; Kwalifikacje w&nbsp;zawodzie: INF.03 Tworzenie i&nbsp;administrowanie stronami i&nbsp;aplikacjami internetowymi oraz bazami danych.INF.04 [&hellip;]<\/p>\n","protected":false},"author":1,"featured_media":0,"parent":0,"menu_order":0,"comment_status":"closed","ping_status":"closed","template":"","meta":{"footnotes":""},"class_list":["post-4698","page","type-page","status-publish","hentry"],"_links":{"self":[{"href":"https:\/\/zsozarow.pl\/index.php?rest_route=\/wp\/v2\/pages\/4698","targetHints":{"allow":["GET"]}}],"collection":[{"href":"https:\/\/zsozarow.pl\/index.php?rest_route=\/wp\/v2\/pages"}],"about":[{"href":"https:\/\/zsozarow.pl\/index.php?rest_route=\/wp\/v2\/types\/page"}],"author":[{"embeddable":true,"href":"https:\/\/zsozarow.pl\/index.php?rest_route=\/wp\/v2\/users\/1"}],"replies":[{"embeddable":true,"href":"https:\/\/zsozarow.pl\/index.php?rest_route=%2Fwp%2Fv2%2Fcomments&post=4698"}],"version-history":[{"count":4,"href":"https:\/\/zsozarow.pl\/index.php?rest_route=\/wp\/v2\/pages\/4698\/revisions"}],"predecessor-version":[{"id":4740,"href":"https:\/\/zsozarow.pl\/index.php?rest_route=\/wp\/v2\/pages\/4698\/revisions\/4740"}],"wp:attachment":[{"href":"https:\/\/zsozarow.pl\/index.php?rest_route=%2Fwp%2Fv2%2Fmedia&parent=4698"}],"curies":[{"name":"wp","href":"https:\/\/api.w.org\/{rel}","templated":true}]}}