{"id":4733,"date":"2026-03-16T18:26:24","date_gmt":"2026-03-16T17:26:24","guid":{"rendered":"https:\/\/zsozarow.pl\/?page_id=4733"},"modified":"2026-03-16T18:27:53","modified_gmt":"2026-03-16T17:27:53","slug":"3-letnia-szkola-branzowa-i-stopnia","status":"publish","type":"page","link":"https:\/\/zsozarow.pl\/?page_id=4733","title":{"rendered":"Elektryk"},"content":{"rendered":"\n<p>Bran\u017cowa szko\u0142a I stopnia w zawodzie elektryk to&nbsp;3-letnia szko\u0142a zawodowa, przygotowuj\u0105ca do pracy w sektorze budowlanym, energetycznym i przemys\u0142owym. Nauka obejmuje kszta\u0142cenie teoretyczne i zawodowe. Umo\u017cliwia zdobycie kwalifikacji&nbsp;<strong>ELE.02 (Monta\u017c, uruchamianie i konserwacja instalacji, maszyn i urz\u0105dze\u0144 elektrycznych).<\/strong>&nbsp;<\/p>\n\n\n\n<p><strong>Czego uczymy w bran\u017cowej szkole elektryk?<\/strong><\/p>\n\n\n\n<ul class=\"wp-block-list\">\n<li>Monta\u017c, uruchamianie i konserwacja instalacji elektrycznych.<\/li>\n\n\n\n<li>Monta\u017c, uruchamianie i konserwacja maszyn i urz\u0105dze\u0144 elektrycznych.<\/li>\n\n\n\n<li>Technologia i materia\u0142oznawstwo elektryczne.<\/li>\n\n\n\n<li>Podstawy elektroniki i elektrotechniki<\/li>\n<\/ul>\n\n\n\n<p><strong>Po uko\u0144czeniu szko\u0142y absolwent mo\u017ce pracowa\u0107 m.in.:<\/strong><\/p>\n\n\n\n<ul class=\"wp-block-list\">\n<li>w firmach instalacyjnych (instalacje elektryczne w budynkach),<\/li>\n\n\n\n<li>w zak\u0142adach przemys\u0142owych,<\/li>\n\n\n\n<li>w serwisach sprz\u0119tu elektrycznego,<\/li>\n\n\n\n<li>w firmach montuj\u0105cych maszyny i urz\u0105dzenia elektryczne,<\/li>\n\n\n\n<li>przy konserwacji instalacji i urz\u0105dze\u0144.<\/li>\n<\/ul>\n\n\n\n<figure class=\"wp-block-gallery has-nested-images columns-default is-cropped wp-block-gallery-1 is-layout-flex wp-block-gallery-is-layout-flex\">\n<figure class=\"wp-block-image size-large\"><img fetchpriority=\"high\" decoding=\"async\" width=\"1024\" height=\"683\" data-id=\"1607\" src=\"https:\/\/zsozarow.pl\/wp-content\/uploads\/2023\/03\/5C1A4980-1024x683.jpg\" alt=\"\" class=\"wp-image-1607\" srcset=\"https:\/\/zsozarow.pl\/wp-content\/uploads\/2023\/03\/5C1A4980-1024x683.jpg 1024w, https:\/\/zsozarow.pl\/wp-content\/uploads\/2023\/03\/5C1A4980-300x200.jpg 300w, https:\/\/zsozarow.pl\/wp-content\/uploads\/2023\/03\/5C1A4980-768x512.jpg 768w, https:\/\/zsozarow.pl\/wp-content\/uploads\/2023\/03\/5C1A4980-1536x1024.jpg 1536w, https:\/\/zsozarow.pl\/wp-content\/uploads\/2023\/03\/5C1A4980-2048x1365.jpg 2048w\" sizes=\"(max-width: 1024px) 100vw, 1024px\" \/><\/figure>\n\n\n\n<figure class=\"wp-block-image size-large\"><img decoding=\"async\" width=\"683\" height=\"1024\" data-id=\"1606\" src=\"https:\/\/zsozarow.pl\/wp-content\/uploads\/2023\/03\/5C1A4977-683x1024.jpg\" alt=\"\" class=\"wp-image-1606\" srcset=\"https:\/\/zsozarow.pl\/wp-content\/uploads\/2023\/03\/5C1A4977-683x1024.jpg 683w, https:\/\/zsozarow.pl\/wp-content\/uploads\/2023\/03\/5C1A4977-200x300.jpg 200w, https:\/\/zsozarow.pl\/wp-content\/uploads\/2023\/03\/5C1A4977-768x1152.jpg 768w, https:\/\/zsozarow.pl\/wp-content\/uploads\/2023\/03\/5C1A4977-1024x1536.jpg 1024w, https:\/\/zsozarow.pl\/wp-content\/uploads\/2023\/03\/5C1A4977-1365x2048.jpg 1365w, https:\/\/zsozarow.pl\/wp-content\/uploads\/2023\/03\/5C1A4977-scaled.jpg 1707w\" sizes=\"(max-width: 683px) 100vw, 683px\" \/><\/figure>\n\n\n\n<figure class=\"wp-block-image size-large\"><img decoding=\"async\" width=\"1024\" height=\"683\" data-id=\"1605\" src=\"https:\/\/zsozarow.pl\/wp-content\/uploads\/2023\/03\/electrician-3273340_1920-1024x683.jpg\" alt=\"\" class=\"wp-image-1605\" srcset=\"https:\/\/zsozarow.pl\/wp-content\/uploads\/2023\/03\/electrician-3273340_1920-1024x683.jpg 1024w, https:\/\/zsozarow.pl\/wp-content\/uploads\/2023\/03\/electrician-3273340_1920-300x200.jpg 300w, https:\/\/zsozarow.pl\/wp-content\/uploads\/2023\/03\/electrician-3273340_1920-768x512.jpg 768w, https:\/\/zsozarow.pl\/wp-content\/uploads\/2023\/03\/electrician-3273340_1920-1536x1024.jpg 1536w, https:\/\/zsozarow.pl\/wp-content\/uploads\/2023\/03\/electrician-3273340_1920.jpg 1920w\" sizes=\"(max-width: 1024px) 100vw, 1024px\" \/><\/figure>\n\n\n\n<figure class=\"wp-block-image size-large\"><img loading=\"lazy\" decoding=\"async\" width=\"681\" height=\"1024\" data-id=\"1604\" src=\"https:\/\/zsozarow.pl\/wp-content\/uploads\/2023\/03\/electrician-1080573_1920-681x1024.jpg\" alt=\"\" class=\"wp-image-1604\" srcset=\"https:\/\/zsozarow.pl\/wp-content\/uploads\/2023\/03\/electrician-1080573_1920-681x1024.jpg 681w, https:\/\/zsozarow.pl\/wp-content\/uploads\/2023\/03\/electrician-1080573_1920-200x300.jpg 200w, https:\/\/zsozarow.pl\/wp-content\/uploads\/2023\/03\/electrician-1080573_1920-768x1155.jpg 768w, https:\/\/zsozarow.pl\/wp-content\/uploads\/2023\/03\/electrician-1080573_1920-1022x1536.jpg 1022w, https:\/\/zsozarow.pl\/wp-content\/uploads\/2023\/03\/electrician-1080573_1920.jpg 1277w\" sizes=\"(max-width: 681px) 100vw, 681px\" \/><\/figure>\n\n\n\n<figure class=\"wp-block-image size-large\"><img loading=\"lazy\" decoding=\"async\" width=\"1024\" height=\"576\" data-id=\"1603\" src=\"https:\/\/zsozarow.pl\/wp-content\/uploads\/2023\/03\/wire-1098059_1920-1024x576.jpg\" alt=\"\" class=\"wp-image-1603\" srcset=\"https:\/\/zsozarow.pl\/wp-content\/uploads\/2023\/03\/wire-1098059_1920-1024x576.jpg 1024w, https:\/\/zsozarow.pl\/wp-content\/uploads\/2023\/03\/wire-1098059_1920-300x169.jpg 300w, https:\/\/zsozarow.pl\/wp-content\/uploads\/2023\/03\/wire-1098059_1920-768x432.jpg 768w, https:\/\/zsozarow.pl\/wp-content\/uploads\/2023\/03\/wire-1098059_1920-1536x864.jpg 1536w, https:\/\/zsozarow.pl\/wp-content\/uploads\/2023\/03\/wire-1098059_1920.jpg 1920w\" sizes=\"(max-width: 1024px) 100vw, 1024px\" \/><\/figure>\n\n\n\n<figure class=\"wp-block-image size-large\"><img loading=\"lazy\" decoding=\"async\" width=\"1024\" height=\"683\" data-id=\"1608\" src=\"https:\/\/zsozarow.pl\/wp-content\/uploads\/2023\/03\/5C1A4987-1024x683.jpg\" alt=\"\" class=\"wp-image-1608\" srcset=\"https:\/\/zsozarow.pl\/wp-content\/uploads\/2023\/03\/5C1A4987-1024x683.jpg 1024w, https:\/\/zsozarow.pl\/wp-content\/uploads\/2023\/03\/5C1A4987-300x200.jpg 300w, https:\/\/zsozarow.pl\/wp-content\/uploads\/2023\/03\/5C1A4987-768x512.jpg 768w, https:\/\/zsozarow.pl\/wp-content\/uploads\/2023\/03\/5C1A4987-1536x1024.jpg 1536w, https:\/\/zsozarow.pl\/wp-content\/uploads\/2023\/03\/5C1A4987-2048x1365.jpg 2048w\" sizes=\"(max-width: 1024px) 100vw, 1024px\" \/><\/figure>\n\n\n\n<figure class=\"wp-block-image size-large\"><img loading=\"lazy\" decoding=\"async\" width=\"1024\" height=\"683\" data-id=\"1609\" src=\"https:\/\/zsozarow.pl\/wp-content\/uploads\/2023\/03\/5C1A4966-1024x683.jpg\" alt=\"\" class=\"wp-image-1609\" srcset=\"https:\/\/zsozarow.pl\/wp-content\/uploads\/2023\/03\/5C1A4966-1024x683.jpg 1024w, https:\/\/zsozarow.pl\/wp-content\/uploads\/2023\/03\/5C1A4966-300x200.jpg 300w, https:\/\/zsozarow.pl\/wp-content\/uploads\/2023\/03\/5C1A4966-768x512.jpg 768w, https:\/\/zsozarow.pl\/wp-content\/uploads\/2023\/03\/5C1A4966-1536x1024.jpg 1536w, https:\/\/zsozarow.pl\/wp-content\/uploads\/2023\/03\/5C1A4966-2048x1365.jpg 2048w\" sizes=\"(max-width: 1024px) 100vw, 1024px\" \/><\/figure>\n\n\n\n<figure class=\"wp-block-image size-large\"><img loading=\"lazy\" decoding=\"async\" width=\"683\" height=\"1024\" data-id=\"1610\" src=\"https:\/\/zsozarow.pl\/wp-content\/uploads\/2023\/03\/5C1A4975-683x1024.jpg\" alt=\"\" class=\"wp-image-1610\" srcset=\"https:\/\/zsozarow.pl\/wp-content\/uploads\/2023\/03\/5C1A4975-683x1024.jpg 683w, https:\/\/zsozarow.pl\/wp-content\/uploads\/2023\/03\/5C1A4975-200x300.jpg 200w, https:\/\/zsozarow.pl\/wp-content\/uploads\/2023\/03\/5C1A4975-768x1152.jpg 768w, https:\/\/zsozarow.pl\/wp-content\/uploads\/2023\/03\/5C1A4975-1024x1536.jpg 1024w, https:\/\/zsozarow.pl\/wp-content\/uploads\/2023\/03\/5C1A4975-1365x2048.jpg 1365w, https:\/\/zsozarow.pl\/wp-content\/uploads\/2023\/03\/5C1A4975-scaled.jpg 1707w\" sizes=\"(max-width: 683px) 100vw, 683px\" \/><\/figure>\n<\/figure>\n\n\n\n<p><\/p>\n","protected":false},"excerpt":{"rendered":"<p>Bran\u017cowa szko\u0142a I stopnia w zawodzie elektryk to&nbsp;3-letnia szko\u0142a zawodowa, przygotowuj\u0105ca do pracy w sektorze budowlanym, energetycznym i przemys\u0142owym. Nauka obejmuje kszta\u0142cenie teoretyczne i zawodowe. Umo\u017cliwia zdobycie kwalifikacji&nbsp;ELE.02 (Monta\u017c, uruchamianie i konserwacja instalacji, maszyn i urz\u0105dze\u0144 elektrycznych).&nbsp; Czego uczymy w bran\u017cowej szkole elektryk? Po uko\u0144czeniu szko\u0142y absolwent mo\u017ce pracowa\u0107 m.in.:<\/p>\n","protected":false},"author":1,"featured_media":0,"parent":0,"menu_order":0,"comment_status":"closed","ping_status":"closed","template":"","meta":{"footnotes":""},"class_list":["post-4733","page","type-page","status-publish","hentry"],"_links":{"self":[{"href":"https:\/\/zsozarow.pl\/index.php?rest_route=\/wp\/v2\/pages\/4733","targetHints":{"allow":["GET"]}}],"collection":[{"href":"https:\/\/zsozarow.pl\/index.php?rest_route=\/wp\/v2\/pages"}],"about":[{"href":"https:\/\/zsozarow.pl\/index.php?rest_route=\/wp\/v2\/types\/page"}],"author":[{"embeddable":true,"href":"https:\/\/zsozarow.pl\/index.php?rest_route=\/wp\/v2\/users\/1"}],"replies":[{"embeddable":true,"href":"https:\/\/zsozarow.pl\/index.php?rest_route=%2Fwp%2Fv2%2Fcomments&post=4733"}],"version-history":[{"count":2,"href":"https:\/\/zsozarow.pl\/index.php?rest_route=\/wp\/v2\/pages\/4733\/revisions"}],"predecessor-version":[{"id":4735,"href":"https:\/\/zsozarow.pl\/index.php?rest_route=\/wp\/v2\/pages\/4733\/revisions\/4735"}],"wp:attachment":[{"href":"https:\/\/zsozarow.pl\/index.php?rest_route=%2Fwp%2Fv2%2Fmedia&parent=4733"}],"curies":[{"name":"wp","href":"https:\/\/api.w.org\/{rel}","templated":true}]}}