{"id":897,"date":"2022-04-12T07:55:27","date_gmt":"2022-04-12T05:55:27","guid":{"rendered":"https:\/\/zsozarow.pl\/?page_id=897"},"modified":"2026-04-17T13:03:53","modified_gmt":"2026-04-17T11:03:53","slug":"technik-informatyk","status":"publish","type":"page","link":"https:\/\/zsozarow.pl\/?page_id=897","title":{"rendered":"Technik Informatyk z modu\u0142em: pilota\u017c i obs\u0142uga dron\u00f3w"},"content":{"rendered":"\n<p class=\"has-colibri-color-6-color has-text-color has-link-color has-medium-font-size wp-elements-81e8f352ffad9bd3128579b4d51fa24f\"><strong>TECHNIK INFORMATYK<\/strong><\/p>\n\n\n\n<p class=\"has-colibri-color-6-color has-text-color has-link-color wp-elements-72c0290cc77cf21819d860451aa848ee\"><strong>Technik informatyk <\/strong>to ciekawy, tw\u00f3rczy i presti\u017cowy kierunek kszta\u0142cenia dla ludzi dynamicznych i pe\u0142nych pomys\u0142owo\u015bci. G\u0142\u00f3wnym za\u0142o\u017ceniem szko\u0142y jest przygotowanie uczni\u00f3w do pe\u0142nienia funkcji przysz\u0142ych specjalist\u00f3w w realizacji zada\u0144 w zawodzie informatyka. Obecnie technologie IT s\u0105 wykorzystywane praktycznie w ka\u017cdej dziedzinie przemys\u0142u, w tym konfiguracji komputer\u00f3w, urz\u0105dze\u0144 mobilnych, urz\u0105dze\u0144 sieciowych, konfiguracji system\u00f3w operacyjnych i us\u0142ug sieciowych.<\/p>\n\n\n\n<p class=\"has-colibri-color-6-color has-text-color has-link-color wp-elements-756d116ad1d3cb90c7d4b46e7b88d0ae\"><strong>Ucze\u0144 w trakcie nauki zdobywa wiedz\u0119 i umiej\u0119tno\u015bci z zakresu:<\/strong><\/p>\n\n\n\n<p class=\"has-colibri-color-6-color has-text-color has-link-color wp-elements-da04a658807182f7b58e8256f0154b6e\">\u25cf monta\u017cu i eksploatacji system\u00f3w oraz lokalnych sieci komputerowych i urz\u0105dze\u0144 peryferyjnych,<\/p>\n\n\n\n<p class=\"has-colibri-color-6-color has-text-color has-link-color wp-elements-743412169199b02c266815bb96016b5f\">\u25cf konfiguracji sprz\u0119tu i&nbsp;oprogramowania dla podstawowych zastosowa\u0144,<\/p>\n\n\n\n<p class=\"has-colibri-color-6-color has-text-color has-link-color wp-elements-4e23b25965b892e9f697644aeb3146b1\">\u25cf obs\u0142ugi, naprawy i konserwacji komputer\u00f3w typu PC oraz komputer\u00f3w i urz\u0105dze\u0144 mobilnych,<\/p>\n\n\n\n<p class=\"has-colibri-color-6-color has-text-color has-link-color wp-elements-4c8bf225e0d5b34e1cce85ad466a6031\">\u25cf programowania aplikacji internetowych,<\/p>\n\n\n\n<p class=\"has-colibri-color-6-color has-text-color has-link-color wp-elements-0d81fff99794ec10ac804f1733d71b4c\">\u25cf projektowania, tworzenia i administrowania stronami WWW i systemami zarz\u0105dzania tre\u015bci\u0105,<\/p>\n\n\n\n<p class=\"has-colibri-color-6-color has-text-color has-link-color wp-elements-2a1f2b3b2b88587b27b1bdc39b755f32\">\u25cf nadzorowania prac lokalnych sieci komputerowych,<\/p>\n\n\n\n<p class=\"has-colibri-color-6-color has-text-color has-link-color wp-elements-e5d6af0c1322f199ea045fa473bfd344\">\u25cf pos\u0142ugiwania si\u0119 systemami operacyjnymi,<\/p>\n\n\n\n<p class=\"has-colibri-color-6-color has-text-color has-link-color wp-elements-53e79a15ed27f7cee5d0694e8e61a72e\">\u25cf projektowania, opracowania, administracji i u\u017cytkowania baz danych.<\/p>\n\n\n\n<p class=\"has-colibri-color-6-color has-text-color has-link-color wp-elements-50b0ea1ea7bff0b982b97e377a50a6ef\">Technicy informatycy \u0142atwo znajduj\u0105 zatrudnienie w firmach lub urz\u0119dach. Mog\u0105 r\u00f3wnie\u017c otworzy\u0107 w\u0142asn\u0105 dzia\u0142alno\u015b\u0107 jako graficy komputerowi, administratorzy sieci komputerowych, konsultanci IT, deweloperzy stron internetowych, serwisanci sprz\u0119tu komputerowego, testerzy oprogramowania komputerowego czy pracownicy sklepu komputerowego.<\/p>\n\n\n\n<p class=\"has-colibri-color-6-color has-text-color has-link-color wp-elements-bf6f4c80bbf2d212595c841a78d7ec51\">Podczas nauki w zawodzie technik informatyk uczniowie zdaj\u0105 egzaminy z kwalifikacji:<\/p>\n\n\n\n<p class=\"has-colibri-color-6-color has-text-color has-link-color wp-elements-160fdd28a9177786d4e55529913b0639\"><a href=\"https:\/\/www.kwalifikacjezawodowe.info\/s\/5132\/81361-Zawody-i-kwalifikacje-formula-2019.htm?c1=64744\">INF.02. Administracja i eksploatacja system\u00f3w komputerowych, urz\u0105dze\u0144 peryferyjnych i lokalnych sieci komputerowych<\/a><strong>(w klasie trzeciej)<\/strong><\/p>\n\n\n\n<p class=\"has-colibri-color-6-color has-text-color has-link-color wp-elements-b0fda04199452ddaf79564afbb0a7118\"><a href=\"https:\/\/www.kwalifikacjezawodowe.info\/s\/5132\/81361-Zawody-i-kwalifikacje-formula-2019.htm?c1=64745\">INF.03. Tworzenie i administrowanie stronami i aplikacjami internetowymi oraz bazami danych<\/a><strong>(w klasie pi\u0105tej).<\/strong><\/p>\n\n\n\n<p><strong><em>Przedmiot realizowany na poziomie rozszerzonym: j\u0119zyk angielski.<\/em><\/strong><\/p>\n\n\n\n<p class=\"has-colibri-color-6-color has-text-color has-link-color wp-elements-88d773480fac87fdf0b624e767d65c0f\">Modu\u0142 <strong>pilota\u017c i obs\u0142uga dron\u00f3w<\/strong> wprowadzi uczni\u00f3w ju\u017c w pierwszej klasie technikum w \u015bwiat legalnego i bezpiecznego operowania dronem co da im ogromn\u0105 przewag\u0119 kompetencyjn\u0105. Zintegrowanie wiedzy z zakresu prawa lotniczego, fizyki lotu oraz estetyki kadru z powietrza znacznie podniesie atrakcyjno\u015b\u0107 kszta\u0142cenia zawodowego i przygotuje m\u0142odzie\u017c do bezstresowego wej\u015bcia na rynek pracy. Modu\u0142 zako\u0144czy si\u0119 oficjaln\u0105 rejestracja operator\u00f3w i <strong>zdanie pa\u0144stwowego egzaminu online (A1\/A3)<\/strong> na platformie ULC\/EASA<\/p>\n\n\n\n<p class=\"has-colibri-color-6-color has-text-color has-link-color wp-elements-24262d9797b7cca55608da7bc36256ae\">Informatycy naszej szko\u0142y z sukcesami bior\u0105 udzia\u0142 w licznych olimpiadach i konkursach, m.in: w mi\u0119dzynarodowym Konkursie Informatycznym \u201eB\u00f3br\u201d, Og\u00f3lnopolskiej Olimpiadzie Wiedzy Elektrycznej i Elektronicznej &#8211; Informatyka i Teleinformatyka, Olimpiadzie Innowacji Technicznych w Telekomunikacji i Informatyce dla uczni\u00f3w szk\u00f3\u0142 ponadpodstawowych o tytu\u0142 M\u0142odego Innowatora. W ostatnich latach mamy finalist\u00f3w w Olimpiadzie Innowacji, kt\u00f3ra za cel stawia zainteresowanie m\u0142odzie\u017cy tematyk\u0105 innowacyjno\u015bci, rozwija przy tym pasje i kszta\u0142tuje umiej\u0119tno\u015b\u0107 samodzielnego zdobywania wiedzy oraz podnosi aktywno\u015b\u0107 poznawcz\u0105 m\u0142odzie\u017cy uzdolnionej.<\/p>\n\n\n\n<p class=\"has-colibri-color-6-color has-text-color has-link-color wp-elements-ab035385b7f21e34d07c000555ba6729\"><\/p>\n\n\n\n<figure class=\"wp-block-gallery has-nested-images columns-default is-cropped wp-block-gallery-1 is-layout-flex wp-block-gallery-is-layout-flex\">\n<figure data-wp-context=\"{&quot;imageId&quot;:&quot;6a0892a5b36b3&quot;}\" data-wp-interactive=\"core\/image\" data-wp-key=\"6a0892a5b36b3\" class=\"wp-block-image size-large wp-lightbox-container\"><img fetchpriority=\"high\" decoding=\"async\" width=\"1024\" height=\"768\" data-wp-class--hide=\"state.isContentHidden\" data-wp-class--show=\"state.isContentVisible\" data-wp-init=\"callbacks.setButtonStyles\" data-wp-on--click=\"actions.showLightbox\" data-wp-on--load=\"callbacks.setButtonStyles\" data-wp-on-window--resize=\"callbacks.setButtonStyles\" data-id=\"3537\" src=\"https:\/\/zsozarow.pl\/wp-content\/uploads\/2025\/03\/inf4-1024x768.jpg\" alt=\"\" class=\"wp-image-3537\" srcset=\"https:\/\/zsozarow.pl\/wp-content\/uploads\/2025\/03\/inf4-1024x768.jpg 1024w, https:\/\/zsozarow.pl\/wp-content\/uploads\/2025\/03\/inf4-300x225.jpg 300w, https:\/\/zsozarow.pl\/wp-content\/uploads\/2025\/03\/inf4-768x576.jpg 768w, https:\/\/zsozarow.pl\/wp-content\/uploads\/2025\/03\/inf4.jpg 1200w\" sizes=\"(max-width: 1024px) 100vw, 1024px\" \/><button\n\t\t\tclass=\"lightbox-trigger\"\n\t\t\ttype=\"button\"\n\t\t\taria-haspopup=\"dialog\"\n\t\t\taria-label=\"Powi\u0119ksz\"\n\t\t\tdata-wp-init=\"callbacks.initTriggerButton\"\n\t\t\tdata-wp-on--click=\"actions.showLightbox\"\n\t\t\tdata-wp-style--right=\"state.imageButtonRight\"\n\t\t\tdata-wp-style--top=\"state.imageButtonTop\"\n\t\t>\n\t\t\t<svg xmlns=\"http:\/\/www.w3.org\/2000\/svg\" width=\"12\" height=\"12\" fill=\"none\" viewBox=\"0 0 12 12\">\n\t\t\t\t<path fill=\"#fff\" d=\"M2 0a2 2 0 0 0-2 2v2h1.5V2a.5.5 0 0 1 .5-.5h2V0H2Zm2 10.5H2a.5.5 0 0 1-.5-.5V8H0v2a2 2 0 0 0 2 2h2v-1.5ZM8 12v-1.5h2a.5.5 0 0 0 .5-.5V8H12v2a2 2 0 0 1-2 2H8Zm2-12a2 2 0 0 1 2 2v2h-1.5V2a.5.5 0 0 0-.5-.5H8V0h2Z\" \/>\n\t\t\t<\/svg>\n\t\t<\/button><\/figure>\n\n\n\n<figure data-wp-context=\"{&quot;imageId&quot;:&quot;6a0892a5b3c2b&quot;}\" data-wp-interactive=\"core\/image\" data-wp-key=\"6a0892a5b3c2b\" class=\"wp-block-image size-large wp-lightbox-container\"><img decoding=\"async\" width=\"1024\" height=\"683\" data-wp-class--hide=\"state.isContentHidden\" data-wp-class--show=\"state.isContentVisible\" data-wp-init=\"callbacks.setButtonStyles\" data-wp-on--click=\"actions.showLightbox\" data-wp-on--load=\"callbacks.setButtonStyles\" data-wp-on-window--resize=\"callbacks.setButtonStyles\" data-id=\"3539\" src=\"https:\/\/zsozarow.pl\/wp-content\/uploads\/2025\/03\/inf5-1024x683.jpg\" alt=\"\" class=\"wp-image-3539\" srcset=\"https:\/\/zsozarow.pl\/wp-content\/uploads\/2025\/03\/inf5-1024x683.jpg 1024w, https:\/\/zsozarow.pl\/wp-content\/uploads\/2025\/03\/inf5-300x200.jpg 300w, https:\/\/zsozarow.pl\/wp-content\/uploads\/2025\/03\/inf5-768x512.jpg 768w, https:\/\/zsozarow.pl\/wp-content\/uploads\/2025\/03\/inf5.jpg 1299w\" sizes=\"(max-width: 1024px) 100vw, 1024px\" \/><button\n\t\t\tclass=\"lightbox-trigger\"\n\t\t\ttype=\"button\"\n\t\t\taria-haspopup=\"dialog\"\n\t\t\taria-label=\"Powi\u0119ksz\"\n\t\t\tdata-wp-init=\"callbacks.initTriggerButton\"\n\t\t\tdata-wp-on--click=\"actions.showLightbox\"\n\t\t\tdata-wp-style--right=\"state.imageButtonRight\"\n\t\t\tdata-wp-style--top=\"state.imageButtonTop\"\n\t\t>\n\t\t\t<svg xmlns=\"http:\/\/www.w3.org\/2000\/svg\" width=\"12\" height=\"12\" fill=\"none\" viewBox=\"0 0 12 12\">\n\t\t\t\t<path fill=\"#fff\" d=\"M2 0a2 2 0 0 0-2 2v2h1.5V2a.5.5 0 0 1 .5-.5h2V0H2Zm2 10.5H2a.5.5 0 0 1-.5-.5V8H0v2a2 2 0 0 0 2 2h2v-1.5ZM8 12v-1.5h2a.5.5 0 0 0 .5-.5V8H12v2a2 2 0 0 1-2 2H8Zm2-12a2 2 0 0 1 2 2v2h-1.5V2a.5.5 0 0 0-.5-.5H8V0h2Z\" \/>\n\t\t\t<\/svg>\n\t\t<\/button><\/figure>\n\n\n\n<figure data-wp-context=\"{&quot;imageId&quot;:&quot;6a0892a5b40e1&quot;}\" data-wp-interactive=\"core\/image\" data-wp-key=\"6a0892a5b40e1\" class=\"wp-block-image size-large wp-lightbox-container\"><img decoding=\"async\" width=\"1024\" height=\"726\" data-wp-class--hide=\"state.isContentHidden\" data-wp-class--show=\"state.isContentVisible\" data-wp-init=\"callbacks.setButtonStyles\" data-wp-on--click=\"actions.showLightbox\" data-wp-on--load=\"callbacks.setButtonStyles\" data-wp-on-window--resize=\"callbacks.setButtonStyles\" data-id=\"3540\" src=\"https:\/\/zsozarow.pl\/wp-content\/uploads\/2025\/03\/inf6-1024x726.jpg\" alt=\"\" class=\"wp-image-3540\" srcset=\"https:\/\/zsozarow.pl\/wp-content\/uploads\/2025\/03\/inf6-1024x726.jpg 1024w, https:\/\/zsozarow.pl\/wp-content\/uploads\/2025\/03\/inf6-300x213.jpg 300w, https:\/\/zsozarow.pl\/wp-content\/uploads\/2025\/03\/inf6-768x545.jpg 768w, https:\/\/zsozarow.pl\/wp-content\/uploads\/2025\/03\/inf6.jpg 1200w\" sizes=\"(max-width: 1024px) 100vw, 1024px\" \/><button\n\t\t\tclass=\"lightbox-trigger\"\n\t\t\ttype=\"button\"\n\t\t\taria-haspopup=\"dialog\"\n\t\t\taria-label=\"Powi\u0119ksz\"\n\t\t\tdata-wp-init=\"callbacks.initTriggerButton\"\n\t\t\tdata-wp-on--click=\"actions.showLightbox\"\n\t\t\tdata-wp-style--right=\"state.imageButtonRight\"\n\t\t\tdata-wp-style--top=\"state.imageButtonTop\"\n\t\t>\n\t\t\t<svg xmlns=\"http:\/\/www.w3.org\/2000\/svg\" width=\"12\" height=\"12\" fill=\"none\" viewBox=\"0 0 12 12\">\n\t\t\t\t<path fill=\"#fff\" d=\"M2 0a2 2 0 0 0-2 2v2h1.5V2a.5.5 0 0 1 .5-.5h2V0H2Zm2 10.5H2a.5.5 0 0 1-.5-.5V8H0v2a2 2 0 0 0 2 2h2v-1.5ZM8 12v-1.5h2a.5.5 0 0 0 .5-.5V8H12v2a2 2 0 0 1-2 2H8Zm2-12a2 2 0 0 1 2 2v2h-1.5V2a.5.5 0 0 0-.5-.5H8V0h2Z\" \/>\n\t\t\t<\/svg>\n\t\t<\/button><\/figure>\n\n\n\n<figure data-wp-context=\"{&quot;imageId&quot;:&quot;6a0892a5b4568&quot;}\" data-wp-interactive=\"core\/image\" data-wp-key=\"6a0892a5b4568\" class=\"wp-block-image size-large wp-lightbox-container\"><img loading=\"lazy\" decoding=\"async\" width=\"820\" height=\"1024\" data-wp-class--hide=\"state.isContentHidden\" data-wp-class--show=\"state.isContentVisible\" data-wp-init=\"callbacks.setButtonStyles\" data-wp-on--click=\"actions.showLightbox\" data-wp-on--load=\"callbacks.setButtonStyles\" data-wp-on-window--resize=\"callbacks.setButtonStyles\" data-id=\"3548\" src=\"https:\/\/zsozarow.pl\/wp-content\/uploads\/2025\/03\/inf8-820x1024.jpg\" alt=\"\" class=\"wp-image-3548\" srcset=\"https:\/\/zsozarow.pl\/wp-content\/uploads\/2025\/03\/inf8-820x1024.jpg 820w, https:\/\/zsozarow.pl\/wp-content\/uploads\/2025\/03\/inf8-240x300.jpg 240w, https:\/\/zsozarow.pl\/wp-content\/uploads\/2025\/03\/inf8-768x959.jpg 768w, https:\/\/zsozarow.pl\/wp-content\/uploads\/2025\/03\/inf8.jpg 1200w\" sizes=\"(max-width: 820px) 100vw, 820px\" \/><button\n\t\t\tclass=\"lightbox-trigger\"\n\t\t\ttype=\"button\"\n\t\t\taria-haspopup=\"dialog\"\n\t\t\taria-label=\"Powi\u0119ksz\"\n\t\t\tdata-wp-init=\"callbacks.initTriggerButton\"\n\t\t\tdata-wp-on--click=\"actions.showLightbox\"\n\t\t\tdata-wp-style--right=\"state.imageButtonRight\"\n\t\t\tdata-wp-style--top=\"state.imageButtonTop\"\n\t\t>\n\t\t\t<svg xmlns=\"http:\/\/www.w3.org\/2000\/svg\" width=\"12\" height=\"12\" fill=\"none\" viewBox=\"0 0 12 12\">\n\t\t\t\t<path fill=\"#fff\" d=\"M2 0a2 2 0 0 0-2 2v2h1.5V2a.5.5 0 0 1 .5-.5h2V0H2Zm2 10.5H2a.5.5 0 0 1-.5-.5V8H0v2a2 2 0 0 0 2 2h2v-1.5ZM8 12v-1.5h2a.5.5 0 0 0 .5-.5V8H12v2a2 2 0 0 1-2 2H8Zm2-12a2 2 0 0 1 2 2v2h-1.5V2a.5.5 0 0 0-.5-.5H8V0h2Z\" \/>\n\t\t\t<\/svg>\n\t\t<\/button><\/figure>\n\n\n\n<figure data-wp-context=\"{&quot;imageId&quot;:&quot;6a0892a5b4a04&quot;}\" data-wp-interactive=\"core\/image\" data-wp-key=\"6a0892a5b4a04\" class=\"wp-block-image size-large wp-lightbox-container\"><img loading=\"lazy\" decoding=\"async\" width=\"1024\" height=\"683\" data-wp-class--hide=\"state.isContentHidden\" data-wp-class--show=\"state.isContentVisible\" data-wp-init=\"callbacks.setButtonStyles\" data-wp-on--click=\"actions.showLightbox\" data-wp-on--load=\"callbacks.setButtonStyles\" data-wp-on-window--resize=\"callbacks.setButtonStyles\" data-id=\"922\" src=\"https:\/\/zsozarow.pl\/wp-content\/uploads\/2022\/04\/275929157_5226933944094785_1239666452875065699_n-1024x683.jpg\" alt=\"\" class=\"wp-image-922\" srcset=\"https:\/\/zsozarow.pl\/wp-content\/uploads\/2022\/04\/275929157_5226933944094785_1239666452875065699_n-1024x683.jpg 1024w, https:\/\/zsozarow.pl\/wp-content\/uploads\/2022\/04\/275929157_5226933944094785_1239666452875065699_n-300x200.jpg 300w, https:\/\/zsozarow.pl\/wp-content\/uploads\/2022\/04\/275929157_5226933944094785_1239666452875065699_n-768x512.jpg 768w, https:\/\/zsozarow.pl\/wp-content\/uploads\/2022\/04\/275929157_5226933944094785_1239666452875065699_n-1536x1024.jpg 1536w, https:\/\/zsozarow.pl\/wp-content\/uploads\/2022\/04\/275929157_5226933944094785_1239666452875065699_n.jpg 1566w\" sizes=\"(max-width: 1024px) 100vw, 1024px\" \/><button\n\t\t\tclass=\"lightbox-trigger\"\n\t\t\ttype=\"button\"\n\t\t\taria-haspopup=\"dialog\"\n\t\t\taria-label=\"Powi\u0119ksz\"\n\t\t\tdata-wp-init=\"callbacks.initTriggerButton\"\n\t\t\tdata-wp-on--click=\"actions.showLightbox\"\n\t\t\tdata-wp-style--right=\"state.imageButtonRight\"\n\t\t\tdata-wp-style--top=\"state.imageButtonTop\"\n\t\t>\n\t\t\t<svg xmlns=\"http:\/\/www.w3.org\/2000\/svg\" width=\"12\" height=\"12\" fill=\"none\" viewBox=\"0 0 12 12\">\n\t\t\t\t<path fill=\"#fff\" d=\"M2 0a2 2 0 0 0-2 2v2h1.5V2a.5.5 0 0 1 .5-.5h2V0H2Zm2 10.5H2a.5.5 0 0 1-.5-.5V8H0v2a2 2 0 0 0 2 2h2v-1.5ZM8 12v-1.5h2a.5.5 0 0 0 .5-.5V8H12v2a2 2 0 0 1-2 2H8Zm2-12a2 2 0 0 1 2 2v2h-1.5V2a.5.5 0 0 0-.5-.5H8V0h2Z\" \/>\n\t\t\t<\/svg>\n\t\t<\/button><\/figure>\n\n\n\n<figure data-wp-context=\"{&quot;imageId&quot;:&quot;6a0892a5b4e62&quot;}\" data-wp-interactive=\"core\/image\" data-wp-key=\"6a0892a5b4e62\" class=\"wp-block-image size-large wp-lightbox-container\"><img loading=\"lazy\" decoding=\"async\" width=\"1024\" height=\"683\" data-wp-class--hide=\"state.isContentHidden\" data-wp-class--show=\"state.isContentVisible\" data-wp-init=\"callbacks.setButtonStyles\" data-wp-on--click=\"actions.showLightbox\" data-wp-on--load=\"callbacks.setButtonStyles\" data-wp-on-window--resize=\"callbacks.setButtonStyles\" data-id=\"926\" src=\"https:\/\/zsozarow.pl\/wp-content\/uploads\/2022\/04\/IMG_1729-1024x683.jpg\" alt=\"\" class=\"wp-image-926\" srcset=\"https:\/\/zsozarow.pl\/wp-content\/uploads\/2022\/04\/IMG_1729-1024x683.jpg 1024w, https:\/\/zsozarow.pl\/wp-content\/uploads\/2022\/04\/IMG_1729-300x200.jpg 300w, https:\/\/zsozarow.pl\/wp-content\/uploads\/2022\/04\/IMG_1729-768x512.jpg 768w, https:\/\/zsozarow.pl\/wp-content\/uploads\/2022\/04\/IMG_1729-1536x1024.jpg 1536w, https:\/\/zsozarow.pl\/wp-content\/uploads\/2022\/04\/IMG_1729-2048x1365.jpg 2048w\" sizes=\"(max-width: 1024px) 100vw, 1024px\" \/><button\n\t\t\tclass=\"lightbox-trigger\"\n\t\t\ttype=\"button\"\n\t\t\taria-haspopup=\"dialog\"\n\t\t\taria-label=\"Powi\u0119ksz\"\n\t\t\tdata-wp-init=\"callbacks.initTriggerButton\"\n\t\t\tdata-wp-on--click=\"actions.showLightbox\"\n\t\t\tdata-wp-style--right=\"state.imageButtonRight\"\n\t\t\tdata-wp-style--top=\"state.imageButtonTop\"\n\t\t>\n\t\t\t<svg xmlns=\"http:\/\/www.w3.org\/2000\/svg\" width=\"12\" height=\"12\" fill=\"none\" viewBox=\"0 0 12 12\">\n\t\t\t\t<path fill=\"#fff\" d=\"M2 0a2 2 0 0 0-2 2v2h1.5V2a.5.5 0 0 1 .5-.5h2V0H2Zm2 10.5H2a.5.5 0 0 1-.5-.5V8H0v2a2 2 0 0 0 2 2h2v-1.5ZM8 12v-1.5h2a.5.5 0 0 0 .5-.5V8H12v2a2 2 0 0 1-2 2H8Zm2-12a2 2 0 0 1 2 2v2h-1.5V2a.5.5 0 0 0-.5-.5H8V0h2Z\" \/>\n\t\t\t<\/svg>\n\t\t<\/button><\/figure>\n\n\n\n<figure data-wp-context=\"{&quot;imageId&quot;:&quot;6a0892a5b52aa&quot;}\" data-wp-interactive=\"core\/image\" data-wp-key=\"6a0892a5b52aa\" class=\"wp-block-image size-large wp-lightbox-container\"><img loading=\"lazy\" decoding=\"async\" width=\"1024\" height=\"683\" data-wp-class--hide=\"state.isContentHidden\" data-wp-class--show=\"state.isContentVisible\" data-wp-init=\"callbacks.setButtonStyles\" data-wp-on--click=\"actions.showLightbox\" data-wp-on--load=\"callbacks.setButtonStyles\" data-wp-on-window--resize=\"callbacks.setButtonStyles\" data-id=\"1579\" src=\"https:\/\/zsozarow.pl\/wp-content\/uploads\/2023\/03\/IMG_0010-1024x683.jpg\" alt=\"\" class=\"wp-image-1579\" srcset=\"https:\/\/zsozarow.pl\/wp-content\/uploads\/2023\/03\/IMG_0010-1024x683.jpg 1024w, https:\/\/zsozarow.pl\/wp-content\/uploads\/2023\/03\/IMG_0010-300x200.jpg 300w, https:\/\/zsozarow.pl\/wp-content\/uploads\/2023\/03\/IMG_0010-768x512.jpg 768w, https:\/\/zsozarow.pl\/wp-content\/uploads\/2023\/03\/IMG_0010-1536x1024.jpg 1536w, https:\/\/zsozarow.pl\/wp-content\/uploads\/2023\/03\/IMG_0010-2048x1365.jpg 2048w\" sizes=\"(max-width: 1024px) 100vw, 1024px\" \/><button\n\t\t\tclass=\"lightbox-trigger\"\n\t\t\ttype=\"button\"\n\t\t\taria-haspopup=\"dialog\"\n\t\t\taria-label=\"Powi\u0119ksz\"\n\t\t\tdata-wp-init=\"callbacks.initTriggerButton\"\n\t\t\tdata-wp-on--click=\"actions.showLightbox\"\n\t\t\tdata-wp-style--right=\"state.imageButtonRight\"\n\t\t\tdata-wp-style--top=\"state.imageButtonTop\"\n\t\t>\n\t\t\t<svg xmlns=\"http:\/\/www.w3.org\/2000\/svg\" width=\"12\" height=\"12\" fill=\"none\" viewBox=\"0 0 12 12\">\n\t\t\t\t<path fill=\"#fff\" d=\"M2 0a2 2 0 0 0-2 2v2h1.5V2a.5.5 0 0 1 .5-.5h2V0H2Zm2 10.5H2a.5.5 0 0 1-.5-.5V8H0v2a2 2 0 0 0 2 2h2v-1.5ZM8 12v-1.5h2a.5.5 0 0 0 .5-.5V8H12v2a2 2 0 0 1-2 2H8Zm2-12a2 2 0 0 1 2 2v2h-1.5V2a.5.5 0 0 0-.5-.5H8V0h2Z\" \/>\n\t\t\t<\/svg>\n\t\t<\/button><\/figure>\n\n\n\n<figure data-wp-context=\"{&quot;imageId&quot;:&quot;6a0892a5b571f&quot;}\" data-wp-interactive=\"core\/image\" data-wp-key=\"6a0892a5b571f\" class=\"wp-block-image size-large wp-lightbox-container\"><img loading=\"lazy\" decoding=\"async\" width=\"1000\" height=\"667\" data-wp-class--hide=\"state.isContentHidden\" data-wp-class--show=\"state.isContentVisible\" data-wp-init=\"callbacks.setButtonStyles\" data-wp-on--click=\"actions.showLightbox\" data-wp-on--load=\"callbacks.setButtonStyles\" data-wp-on-window--resize=\"callbacks.setButtonStyles\" data-id=\"924\" src=\"https:\/\/zsozarow.pl\/wp-content\/uploads\/2022\/04\/IMG_9918-1.jpg\" alt=\"\" class=\"wp-image-924\" srcset=\"https:\/\/zsozarow.pl\/wp-content\/uploads\/2022\/04\/IMG_9918-1.jpg 1000w, https:\/\/zsozarow.pl\/wp-content\/uploads\/2022\/04\/IMG_9918-1-300x200.jpg 300w, https:\/\/zsozarow.pl\/wp-content\/uploads\/2022\/04\/IMG_9918-1-768x512.jpg 768w\" sizes=\"(max-width: 1000px) 100vw, 1000px\" \/><button\n\t\t\tclass=\"lightbox-trigger\"\n\t\t\ttype=\"button\"\n\t\t\taria-haspopup=\"dialog\"\n\t\t\taria-label=\"Powi\u0119ksz\"\n\t\t\tdata-wp-init=\"callbacks.initTriggerButton\"\n\t\t\tdata-wp-on--click=\"actions.showLightbox\"\n\t\t\tdata-wp-style--right=\"state.imageButtonRight\"\n\t\t\tdata-wp-style--top=\"state.imageButtonTop\"\n\t\t>\n\t\t\t<svg xmlns=\"http:\/\/www.w3.org\/2000\/svg\" width=\"12\" height=\"12\" fill=\"none\" viewBox=\"0 0 12 12\">\n\t\t\t\t<path fill=\"#fff\" d=\"M2 0a2 2 0 0 0-2 2v2h1.5V2a.5.5 0 0 1 .5-.5h2V0H2Zm2 10.5H2a.5.5 0 0 1-.5-.5V8H0v2a2 2 0 0 0 2 2h2v-1.5ZM8 12v-1.5h2a.5.5 0 0 0 .5-.5V8H12v2a2 2 0 0 1-2 2H8Zm2-12a2 2 0 0 1 2 2v2h-1.5V2a.5.5 0 0 0-.5-.5H8V0h2Z\" \/>\n\t\t\t<\/svg>\n\t\t<\/button><\/figure>\n\n\n\n<figure data-wp-context=\"{&quot;imageId&quot;:&quot;6a0892a5b5b48&quot;}\" data-wp-interactive=\"core\/image\" data-wp-key=\"6a0892a5b5b48\" class=\"wp-block-image size-large wp-lightbox-container\"><img loading=\"lazy\" decoding=\"async\" width=\"1024\" height=\"683\" data-wp-class--hide=\"state.isContentHidden\" data-wp-class--show=\"state.isContentVisible\" data-wp-init=\"callbacks.setButtonStyles\" data-wp-on--click=\"actions.showLightbox\" data-wp-on--load=\"callbacks.setButtonStyles\" data-wp-on-window--resize=\"callbacks.setButtonStyles\" data-id=\"1580\" src=\"https:\/\/zsozarow.pl\/wp-content\/uploads\/2023\/03\/IMG_0015-1024x683.jpg\" alt=\"\" class=\"wp-image-1580\" srcset=\"https:\/\/zsozarow.pl\/wp-content\/uploads\/2023\/03\/IMG_0015-1024x683.jpg 1024w, https:\/\/zsozarow.pl\/wp-content\/uploads\/2023\/03\/IMG_0015-300x200.jpg 300w, https:\/\/zsozarow.pl\/wp-content\/uploads\/2023\/03\/IMG_0015-768x512.jpg 768w, https:\/\/zsozarow.pl\/wp-content\/uploads\/2023\/03\/IMG_0015-1536x1024.jpg 1536w, https:\/\/zsozarow.pl\/wp-content\/uploads\/2023\/03\/IMG_0015-2048x1365.jpg 2048w\" sizes=\"(max-width: 1024px) 100vw, 1024px\" \/><button\n\t\t\tclass=\"lightbox-trigger\"\n\t\t\ttype=\"button\"\n\t\t\taria-haspopup=\"dialog\"\n\t\t\taria-label=\"Powi\u0119ksz\"\n\t\t\tdata-wp-init=\"callbacks.initTriggerButton\"\n\t\t\tdata-wp-on--click=\"actions.showLightbox\"\n\t\t\tdata-wp-style--right=\"state.imageButtonRight\"\n\t\t\tdata-wp-style--top=\"state.imageButtonTop\"\n\t\t>\n\t\t\t<svg xmlns=\"http:\/\/www.w3.org\/2000\/svg\" width=\"12\" height=\"12\" fill=\"none\" viewBox=\"0 0 12 12\">\n\t\t\t\t<path fill=\"#fff\" d=\"M2 0a2 2 0 0 0-2 2v2h1.5V2a.5.5 0 0 1 .5-.5h2V0H2Zm2 10.5H2a.5.5 0 0 1-.5-.5V8H0v2a2 2 0 0 0 2 2h2v-1.5ZM8 12v-1.5h2a.5.5 0 0 0 .5-.5V8H12v2a2 2 0 0 1-2 2H8Zm2-12a2 2 0 0 1 2 2v2h-1.5V2a.5.5 0 0 0-.5-.5H8V0h2Z\" \/>\n\t\t\t<\/svg>\n\t\t<\/button><\/figure>\n\n\n\n<figure data-wp-context=\"{&quot;imageId&quot;:&quot;6a0892a5b5fb8&quot;}\" data-wp-interactive=\"core\/image\" data-wp-key=\"6a0892a5b5fb8\" class=\"wp-block-image size-large wp-lightbox-container\"><img loading=\"lazy\" decoding=\"async\" width=\"1000\" height=\"667\" data-wp-class--hide=\"state.isContentHidden\" data-wp-class--show=\"state.isContentVisible\" data-wp-init=\"callbacks.setButtonStyles\" data-wp-on--click=\"actions.showLightbox\" data-wp-on--load=\"callbacks.setButtonStyles\" data-wp-on-window--resize=\"callbacks.setButtonStyles\" data-id=\"923\" src=\"https:\/\/zsozarow.pl\/wp-content\/uploads\/2022\/04\/IMG_9925.jpg\" alt=\"\" class=\"wp-image-923\" srcset=\"https:\/\/zsozarow.pl\/wp-content\/uploads\/2022\/04\/IMG_9925.jpg 1000w, https:\/\/zsozarow.pl\/wp-content\/uploads\/2022\/04\/IMG_9925-300x200.jpg 300w, https:\/\/zsozarow.pl\/wp-content\/uploads\/2022\/04\/IMG_9925-768x512.jpg 768w\" sizes=\"(max-width: 1000px) 100vw, 1000px\" \/><button\n\t\t\tclass=\"lightbox-trigger\"\n\t\t\ttype=\"button\"\n\t\t\taria-haspopup=\"dialog\"\n\t\t\taria-label=\"Powi\u0119ksz\"\n\t\t\tdata-wp-init=\"callbacks.initTriggerButton\"\n\t\t\tdata-wp-on--click=\"actions.showLightbox\"\n\t\t\tdata-wp-style--right=\"state.imageButtonRight\"\n\t\t\tdata-wp-style--top=\"state.imageButtonTop\"\n\t\t>\n\t\t\t<svg xmlns=\"http:\/\/www.w3.org\/2000\/svg\" width=\"12\" height=\"12\" fill=\"none\" viewBox=\"0 0 12 12\">\n\t\t\t\t<path fill=\"#fff\" d=\"M2 0a2 2 0 0 0-2 2v2h1.5V2a.5.5 0 0 1 .5-.5h2V0H2Zm2 10.5H2a.5.5 0 0 1-.5-.5V8H0v2a2 2 0 0 0 2 2h2v-1.5ZM8 12v-1.5h2a.5.5 0 0 0 .5-.5V8H12v2a2 2 0 0 1-2 2H8Zm2-12a2 2 0 0 1 2 2v2h-1.5V2a.5.5 0 0 0-.5-.5H8V0h2Z\" \/>\n\t\t\t<\/svg>\n\t\t<\/button><\/figure>\n<\/figure>\n\n\n\n<p><\/p>\n","protected":false},"excerpt":{"rendered":"<p>TECHNIK INFORMATYK Technik informatyk to ciekawy, tw\u00f3rczy i presti\u017cowy kierunek kszta\u0142cenia dla ludzi dynamicznych i pe\u0142nych pomys\u0142owo\u015bci. G\u0142\u00f3wnym za\u0142o\u017ceniem szko\u0142y jest przygotowanie uczni\u00f3w do pe\u0142nienia funkcji przysz\u0142ych specjalist\u00f3w w realizacji zada\u0144 w zawodzie informatyka. Obecnie technologie IT s\u0105 wykorzystywane praktycznie w ka\u017cdej dziedzinie przemys\u0142u, w tym konfiguracji komputer\u00f3w, urz\u0105dze\u0144 mobilnych, urz\u0105dze\u0144 sieciowych, konfiguracji system\u00f3w operacyjnych [&hellip;]<\/p>\n","protected":false},"author":1,"featured_media":0,"parent":0,"menu_order":0,"comment_status":"closed","ping_status":"closed","template":"","meta":{"footnotes":""},"class_list":["post-897","page","type-page","status-publish","hentry"],"_links":{"self":[{"href":"https:\/\/zsozarow.pl\/index.php?rest_route=\/wp\/v2\/pages\/897","targetHints":{"allow":["GET"]}}],"collection":[{"href":"https:\/\/zsozarow.pl\/index.php?rest_route=\/wp\/v2\/pages"}],"about":[{"href":"https:\/\/zsozarow.pl\/index.php?rest_route=\/wp\/v2\/types\/page"}],"author":[{"embeddable":true,"href":"https:\/\/zsozarow.pl\/index.php?rest_route=\/wp\/v2\/users\/1"}],"replies":[{"embeddable":true,"href":"https:\/\/zsozarow.pl\/index.php?rest_route=%2Fwp%2Fv2%2Fcomments&post=897"}],"version-history":[{"count":20,"href":"https:\/\/zsozarow.pl\/index.php?rest_route=\/wp\/v2\/pages\/897\/revisions"}],"predecessor-version":[{"id":4855,"href":"https:\/\/zsozarow.pl\/index.php?rest_route=\/wp\/v2\/pages\/897\/revisions\/4855"}],"wp:attachment":[{"href":"https:\/\/zsozarow.pl\/index.php?rest_route=%2Fwp%2Fv2%2Fmedia&parent=897"}],"curies":[{"name":"wp","href":"https:\/\/api.w.org\/{rel}","templated":true}]}}